{"id":99,"date":"2016-10-25T19:31:12","date_gmt":"2016-10-25T19:31:12","guid":{"rendered":"http:\/\/hispanisztikaszeged.hu\/wordpress\/?page_id=99"},"modified":"2026-03-03T13:03:10","modified_gmt":"2026-03-03T12:03:10","slug":"kezdolap","status":"publish","type":"page","link":"https:\/\/hispanisztikaszeged.hu\/","title":{"rendered":"Kezd\u0151lap"},"content":{"rendered":"<p style=\"text-align: justify;\"><span style=\"color: #003366;\"><strong>\u00d3rarend &#8211; <a href=\"https:\/\/hispanisztikaszeged.hu\/wp-content\/uploads\/2026\/03\/orarend2526_2.pdf\" target=\"_blank\" rel=\"noopener\">nappali k\u00e9pz\u00e9s<\/a> 2026 tavasz<br \/>\u00d3rarend &#8211; <a href=\"https:\/\/hispanisztikaszeged.hu\/wp-content\/uploads\/2026\/03\/levelezo_2025_26_2_final.pdf\" target=\"_blank\" rel=\"noopener\">levelez\u0151 k\u00e9pz\u00e9s<\/a> 2026 tavasz<\/strong><\/span><\/p>\n<hr class=\"custom-cursor-default-hover\" \/>\n<p style=\"text-align: left;\"><strong><span style=\"color: #003366;\">A Hispanisztika Alap\u00edtv\u00e1ny \u00f6r\u00f6mmel fogad 1%-os felaj\u00e1nl\u00e1sokat. K\u00f6sz\u00f6nj\u00fck mindenki t\u00e1mogat\u00e1s\u00e1t.<br \/>Tov\u00e1bbi inform\u00e1ci\u00f3k\u00a0<a style=\"color: #003366;\" href=\"https:\/\/hispanisztikaszeged.hu\/?page_id=384\" target=\"_blank\" rel=\"noopener\">itt<\/a><\/span><\/strong><\/p>\n<hr \/>\n<p style=\"text-align: center;\"><span style=\"color: #003366;\">Az SZTE B\u00f6lcs\u00e9szet- \u00e9s T\u00e1rsadalomtudom\u00e1nyi Kar oldala <a style=\"color: #003366;\" href=\"http:\/\/arts.u-szeged.hu\/\" target=\"_blank\" rel=\"noopener\">itt<\/a> tal\u00e1lhat\u00f3.<\/span><\/p>\n\n\n<hr class=\"wp-block-separator has-alpha-channel-opacity\"\/>\n\n\n\n<p class=\"has-text-align-center\"><strong>A tansz\u00e9k\u00fcnk \u00e1ltal k\u00edn\u00e1lt minor szakokra \u00e9s specializ\u00e1ci\u00f3kra 2026. \u00e1prilis 6-\u00e1ig lehet jelentkezni.<\/strong> <\/p>\n\n\n\n<div class=\"wp-block-group\"><div class=\"wp-block-group__inner-container is-layout-constrained wp-block-group-is-layout-constrained\">\n<div class=\"wp-block-group\"><div class=\"wp-block-group__inner-container is-layout-constrained wp-block-group-is-layout-constrained\">\n<figure class=\"wp-block-gallery has-nested-images columns-default is-cropped wp-block-gallery-1 is-layout-flex wp-block-gallery-is-layout-flex\">\n<figure class=\"wp-block-image size-large\"><img loading=\"lazy\" decoding=\"async\" width=\"1414\" height=\"2000\" data-id=\"2777\" src=\"https:\/\/hispanisztikaszeged.hu\/wp-content\/uploads\/2026\/03\/Katalan-1-2.png\" alt=\"\" class=\"wp-image-2777\" srcset=\"https:\/\/hispanisztikaszeged.hu\/wp-content\/uploads\/2026\/03\/Katalan-1-2.png 1414w, https:\/\/hispanisztikaszeged.hu\/wp-content\/uploads\/2026\/03\/Katalan-1-2-212x300.png 212w, https:\/\/hispanisztikaszeged.hu\/wp-content\/uploads\/2026\/03\/Katalan-1-2-768x1086.png 768w, https:\/\/hispanisztikaszeged.hu\/wp-content\/uploads\/2026\/03\/Katalan-1-2-1086x1536.png 1086w, https:\/\/hispanisztikaszeged.hu\/wp-content\/uploads\/2026\/03\/Katalan-1-2-191x270.png 191w\" sizes=\"auto, (max-width: 1414px) 100vw, 1414px\" \/><\/figure>\n\n\n\n<figure class=\"wp-block-image size-large\"><img loading=\"lazy\" decoding=\"async\" width=\"1120\" height=\"1584\" data-id=\"2778\" src=\"https:\/\/hispanisztikaszeged.hu\/wp-content\/uploads\/2026\/03\/SPAT_red.png\" alt=\"\" class=\"wp-image-2778\" srcset=\"https:\/\/hispanisztikaszeged.hu\/wp-content\/uploads\/2026\/03\/SPAT_red.png 1120w, https:\/\/hispanisztikaszeged.hu\/wp-content\/uploads\/2026\/03\/SPAT_red-212x300.png 212w, https:\/\/hispanisztikaszeged.hu\/wp-content\/uploads\/2026\/03\/SPAT_red-768x1086.png 768w, https:\/\/hispanisztikaszeged.hu\/wp-content\/uploads\/2026\/03\/SPAT_red-1086x1536.png 1086w, https:\/\/hispanisztikaszeged.hu\/wp-content\/uploads\/2026\/03\/SPAT_red-191x270.png 191w\" sizes=\"auto, (max-width: 1120px) 100vw, 1120px\" \/><\/figure>\n\n\n\n<figure class=\"wp-block-image size-large\"><img loading=\"lazy\" decoding=\"async\" width=\"1200\" height=\"1697\" data-id=\"2779\" src=\"https:\/\/hispanisztikaszeged.hu\/wp-content\/uploads\/2026\/03\/Spanyol-minor_red.png\" alt=\"\" class=\"wp-image-2779\" srcset=\"https:\/\/hispanisztikaszeged.hu\/wp-content\/uploads\/2026\/03\/Spanyol-minor_red.png 1200w, https:\/\/hispanisztikaszeged.hu\/wp-content\/uploads\/2026\/03\/Spanyol-minor_red-212x300.png 212w, https:\/\/hispanisztikaszeged.hu\/wp-content\/uploads\/2026\/03\/Spanyol-minor_red-768x1086.png 768w, https:\/\/hispanisztikaszeged.hu\/wp-content\/uploads\/2026\/03\/Spanyol-minor_red-1086x1536.png 1086w, https:\/\/hispanisztikaszeged.hu\/wp-content\/uploads\/2026\/03\/Spanyol-minor_red-191x270.png 191w\" sizes=\"auto, (max-width: 1200px) 100vw, 1200px\" \/><\/figure>\n<\/figure>\n<\/div><\/div>\n<\/div><\/div>\n\n\n\n<div class=\"wp-block-group\"><div class=\"wp-block-group__inner-container is-layout-constrained wp-block-group-is-layout-constrained\">\n<div class=\"wp-block-columns is-layout-flex wp-container-core-columns-is-layout-9d6595d7 wp-block-columns-is-layout-flex\">\n<div class=\"wp-block-column is-layout-flow wp-block-column-is-layout-flow\" style=\"flex-basis:100%\"><\/div>\n<\/div>\n<\/div><\/div>\n\n\n\n<p><\/p>\n","protected":false},"excerpt":{"rendered":"<p>\u00d3rarend &#8211; nappali k\u00e9pz\u00e9s 2026 tavasz\u00d3rarend &#8211; levelez\u0151 k\u00e9pz\u00e9s 2026 tavasz A Hispanisztika Alap\u00edtv\u00e1ny \u00f6r\u00f6mmel fogad 1%-os felaj\u00e1nl\u00e1sokat. K\u00f6sz\u00f6nj\u00fck mindenki t\u00e1mogat\u00e1s\u00e1t.Tov\u00e1bbi inform\u00e1ci\u00f3k\u00a0itt Az SZTE B\u00f6lcs\u00e9szet- \u00e9s T\u00e1rsadalomtudom\u00e1nyi Kar oldala itt tal\u00e1lhat\u00f3. A tansz\u00e9k\u00fcnk \u00e1ltal k\u00edn\u00e1lt minor szakokra \u00e9s specializ\u00e1ci\u00f3kra 2026. <a href=\"https:\/\/hispanisztikaszeged.hu\/\" class=\"read-more\">Read More &#8230;<\/a><\/p>\n","protected":false},"author":3,"featured_media":0,"parent":0,"menu_order":0,"comment_status":"closed","ping_status":"closed","template":"","meta":{"footnotes":""},"class_list":["post-99","page","type-page","status-publish","hentry"],"_links":{"self":[{"href":"https:\/\/hispanisztikaszeged.hu\/index.php?rest_route=\/wp\/v2\/pages\/99","targetHints":{"allow":["GET"]}}],"collection":[{"href":"https:\/\/hispanisztikaszeged.hu\/index.php?rest_route=\/wp\/v2\/pages"}],"about":[{"href":"https:\/\/hispanisztikaszeged.hu\/index.php?rest_route=\/wp\/v2\/types\/page"}],"author":[{"embeddable":true,"href":"https:\/\/hispanisztikaszeged.hu\/index.php?rest_route=\/wp\/v2\/users\/3"}],"replies":[{"embeddable":true,"href":"https:\/\/hispanisztikaszeged.hu\/index.php?rest_route=%2Fwp%2Fv2%2Fcomments&post=99"}],"version-history":[{"count":154,"href":"https:\/\/hispanisztikaszeged.hu\/index.php?rest_route=\/wp\/v2\/pages\/99\/revisions"}],"predecessor-version":[{"id":2784,"href":"https:\/\/hispanisztikaszeged.hu\/index.php?rest_route=\/wp\/v2\/pages\/99\/revisions\/2784"}],"wp:attachment":[{"href":"https:\/\/hispanisztikaszeged.hu\/index.php?rest_route=%2Fwp%2Fv2%2Fmedia&parent=99"}],"curies":[{"name":"wp","href":"https:\/\/api.w.org\/{rel}","templated":true}]}}