{"id":760,"date":"2017-02-17T12:43:13","date_gmt":"2017-02-17T12:43:13","guid":{"rendered":"http:\/\/hispanisztikaszeged.hu\/?page_id=760"},"modified":"2024-03-25T11:42:43","modified_gmt":"2024-03-25T10:42:43","slug":"phd-kepzes-2","status":"publish","type":"page","link":"https:\/\/hispanisztikaszeged.hu\/?page_id=760","title":{"rendered":"PhD k\u00e9pz\u00e9s"},"content":{"rendered":"<p style=\"text-align: justify;\"><span style=\"color: #003366;\">A Hispanisztika Tansz\u00e9k r\u00e9szt vesz a Szegedi Tudom\u00e1nyegyetem t\u00f6bb doktori iskol\u00e1j\u00e1nak munk\u00e1j\u00e1ban is. A tansz\u00e9k\u00fcnk alap\u00edt\u00f3ja, Prof. Dr. Anderle \u00c1d\u00e1m r\u00e9v\u00e9n el\u0151bb a T\u00f6rt\u00e9nelemtudom\u00e1nyi Doktori Iskol\u00e1n bel\u00fcl alakult \u201eA hisp\u00e1n vil\u00e1g t\u00f6rt\u00e9nete\u201d alprogram munk\u00e1j\u00e1ba kapcsol\u00f3dtunk be, k\u00e9s\u0151bb a Nyelvtudom\u00e1nyi, valamint az Irodalom- \u00e9s Kult\u00faratudom\u00e1nyi Doktori Iskol\u00e1ban is megjelentek a hisp\u00e1n t\u00e9m\u00e1kat kutat\u00f3 doktoranduszaink. A k\u00fcl\u00f6nb\u00f6z\u0151 doktori programokban jelenleg is t\u00f6bb PhD-hallgat\u00f3nk tanul a tansz\u00e9k\u00fcnk oktat\u00f3inak t\u00e9mavezet\u00e9s\u00e9vel, illetve koll\u00e9g\u00e1ink m\u00e1s egyetemek doktori iskol\u00e1iban is v\u00e1llalnak konzulensi munk\u00e1t.<\/span><\/p>\n<p><span style=\"color: #003366;\">\u00c9rdekl\u0151dni az al\u00e1bbi oktat\u00f3kn\u00e1l lehet a tudom\u00e1nyter\u00fcletnek megfelel\u0151en:<br \/>\nIrodalomtudom\u00e1ny \u00e9s kult\u00fara: Dr. Csik\u00f3s Zsuzsanna (<a style=\"color: #003366;\" href=\"mailto:csikoszs@hist.u-szeged.hu\">csikoszs@hist.u-szeged.hu<\/a>)<br \/>\nNyelvtudom\u00e1ny: Dr. Berta Tibor (<a style=\"color: #003366;\" href=\"mailto:tberta@hist.u-szeged.hu\">tberta@hist.u-szeged.hu<\/a>)<br \/>\nT\u00f6rt\u00e9nelemtudom\u00e1ny: Dr. L\u00e9n\u00e1rt Andr\u00e1s (<a style=\"color: #003366;\" href=\"mailto:lenarta@hist.u-szeged.hu\">lenarta@hist.u-szeged.hu<\/a>)<\/span><\/p>\n<p><span style=\"color: #003366;\">Inform\u00e1ci\u00f3k a doktori iskol\u00e1kr\u00f3l:<br \/>\nIrodalom- \u00e9s Kult\u00faratudom\u00e1nyi Doktori Iskola: <a style=\"color: #003366;\" href=\"https:\/\/www.szegidi.hu\/\">https:\/\/www.szegidi.hu\/<br \/>\n<\/a><\/span><span style=\"color: #003366;\">Nyelvtudom\u00e1nyi Doktori Iskola: <a style=\"color: #003366;\" href=\"http:\/\/nydi.szte.hu\/Nyitolap.html\">http:\/\/nydi.szte.hu\/Nyitolap.html<br \/>\n<\/a><\/span><span style=\"color: #003366;\">T\u00f6rt\u00e9nelemtudom\u00e1nyi Doktori Iskola: <a style=\"color: #003366;\" href=\"https:\/\/arts.u-szeged.hu\/tdi\">http:\/\/hist.bibl.u-szeged.hu\/<\/a><\/span><\/p>\n<p style=\"text-align: justify;\"><span style=\"color: #003366;\">Hisp\u00e1n t\u00e9m\u00e1kban \u2013 a tansz\u00e9k\u00fcnkh\u00f6z k\u00f6t\u0151d\u0151en \u2013 eddig 27 doktori disszert\u00e1ci\u00f3 sz\u00fcletett (k\u00f6zt\u00fck egy perui \u00e9s egy spanyol kutat\u00f3\u00e9), ebb\u0151l 18 \u00e9rtekez\u00e9s k\u00f6nyv alakban is megjelent.<\/span><\/p>\n<p><span style=\"color: #003366;\"><em>Megv\u00e9dett doktori munk\u00e1k<\/em><\/span><br \/>\n<span style=\"color: #003366;\"> 1998 \u2013 Szil\u00e1gyi \u00c1gnes Judit: Nemzet\u00e9p\u00edt\u00e9s \u00e9s kult\u00farpolitika Braz\u00edli\u00e1ban az \u201eEstado Novo\u201d idej\u00e9n<\/span><br \/>\n<span style=\"color: #003366;\"> 1999 \u2013 N\u00e9methy Kesser\u0171 Judit: Az argentin magyar emigr\u00e1ci\u00f3 1948-1968: int\u00e9zm\u00e9nyek, sajt\u00f3, irodalmi \u00e9let<\/span><br \/>\n<span style=\"color: #003366;\"> 2000 \u2013 T\u00f3th \u00c1gnes: Angol-amerikaiak Fels\u0151-Kaliforni\u00e1ban a mexik\u00f3i id\u0151szakban 1821-1848<\/span><br \/>\n<span style=\"color: #003366;\"> 2003 \u2013 B\u00e1n M\u00f3nika: Vil\u00e1gk\u00e9pek \u00e9s \u00e9letrajzok. A spanyolorsz\u00e1gi Habsburg uralkod\u00f3k a XIX. sz\u00e1zadi spanyol t\u00f6rt\u00e9net\u00edr\u00e1s m\u00faltk\u00e9p\u00e9ben biografikus m\u0171vek alapj\u00e1n<\/span><br \/>\n<span style=\"color: #003366;\"> 2004 \u2013 Nagy Marcel: V\u00e1ltoz\u00e1sok \u00e9s \u00e1lland\u00f3s\u00e1gok a XIX. sz\u00e1zadi mexik\u00f3i konzervat\u00edv gondolkod\u00e1sban<\/span><br \/>\n<span style=\"color: #003366;\"> 2004 \u2013 Librado Orozco: A kelet-eur\u00f3pai \u00e9s latin-amerikai \u00e1talakul\u00e1si folyamatok t\u00f6rt\u00e9nelmi szempont\u00fa \u00f6sszehasonl\u00edt\u00e1sa<\/span><br \/>\n<span style=\"color: #003366;\"> 2005 \u2013 Katona Eszter: Spanyol-olasz kapcsolatok a m\u00e1sodik vil\u00e1gh\u00e1bor\u00f3 alatt<\/span><br \/>\n<span style=\"color: #003366;\"> 2005 \u2013 K\u00f6k\u00e9ny Andrea: Angol-amerikaiak Texasban 1821-1845<\/span><br \/>\n<span style=\"color: #003366;\"> 2005 \u2013 Pallagi M\u00e1ria: A spanyol semlegess\u00e9g k\u00e9rd\u00e9se a b\u00e9csi diplom\u00e1ci\u00e1ban (1914-1918)<\/span><br \/>\n<span style=\"color: #003366;\"> 2005 \u2013 S\u00e1ringer J\u00e1nos: Adatt\u00e1r a magyar k\u00fcl\u00fcgyi szolg\u00e1lat t\u00f6rt\u00e9net\u00e9hez 1920-1944<\/span><br \/>\n<span style=\"color: #003366;\"> 2005 \u2013 Szente-Varga M\u00f3nika: Migraci\u00f3n h\u00fangara a M\u00e9xico, 1901-1950<\/span><br \/>\n<span style=\"color: #003366;\"> 2007 \u2013 Palkovics Andrea: Az 1850-es \u00e9s 60-as \u00e9vek Magyarorsz\u00e1g-k\u00e9pe korabeli spanyol forr\u00e1sok t\u00fckr\u00e9ben<\/span><br \/>\n<span style=\"color: #003366;\"> 2008 &#8211; Torb\u00e1gyi P\u00e9ter: Latin-amerikai magyar sz\u00f3rv\u00e1nyk\u00f6z\u00f6ss\u00e9gek t\u00f6rt\u00e9nete a XIX. sz\u00e1zad m\u00e1sodik \u00e9s a XX. sz\u00e1zad els\u0151 fel\u00e9ben<\/span><br \/>\n<span style=\"color: #003366;\"> 2008 &#8211; Jancs\u00f3 Katalin: A korai politikai indigenizmus Peruban\u00a0\u00e9s az Asociaci\u00f3n Pro-Ind\u00edgena<\/span><br \/>\n<span style=\"color: #003366;\"> 2008 &#8211; Peth\u0151 Szilvia: Spanyol kommunista emigr\u00e1ci\u00f3 K\u00f6z\u00e9p-Kelet-Eur\u00f3p\u00e1ban(1946-1955)<\/span><br \/>\n<span style=\"color: #003366;\"> 2008 &#8211; Pongr\u00e1cz Attila: A Sao Paulo-i magyars\u00e1g, 1945-1990<\/span><br \/>\n<span style=\"color: #003366;\"> 2008 &#8211; \u0150ry-Kov\u00e1cs Katalin: A Jaragu\u00e1 do Sul-i magyar kol\u00f3nia: identit\u00e1s \u00e9s t\u00f6rt\u00e9nelem<\/span><br \/>\n<span style=\"color: #003366;\"> 2008 &#8211; Szeljak Gy\u00f6rgy: Tiszteln\u00fcnk kell egym\u00e1st! Nahua vil\u00e1gk\u00e9p \u00e9s kultur\u00e1lis v\u00e1ltoz\u00e1sok Pachiquitl\u00e1ban a 20. sz\u00e1zad v\u00e9g\u00e9n<\/span><br \/>\n<span style=\"color: #003366;\"> 2009 &#8211; Pol\u00e1cska Edina: Karlista emigr\u00e1ci\u00f3 Franciaorsz\u00e1gban (1872-1876)<\/span><br \/>\n<span style=\"color: #003366;\"> 2009 &#8211; Szab\u00f3 Henriette \u00c9va: Diccionario de la Antropolog\u00eda Boliviana<\/span><br \/>\n<span style=\"color: #003366;\"> 2010 &#8211; Javier Arienza Arienza: La Cr\u00f3nica Hispana de la Guerra de los Quince Anos (1593-1606)<\/span><br \/>\n<span style=\"color: #003366;\"> 2011 &#8211; Tari Adrienn M\u00e1ria: A Primo de Rivera diktat\u00fara k\u00f6z\u00e9p-kelet-eur\u00f3pai politik\u00e1ja (1923-1930).<\/span><br \/>\n<span style=\"color: #003366;\"> 2012 &#8211; Babarczi D\u00f3ra:Magyar jezsuit\u00e1k Braz\u00edli\u00e1ban a 18. sz\u00e1zad k\u00f6zep\u00e9n<\/span><br \/>\n<span style=\"color: #003366;\"> 2012 &#8211; Farkas P\u00e1lma Ad\u00e9l: Fekete legenda, hispanoamericanismo \u00e9s az Egyes\u00fclt \u00c1llamok Miguel Primo de Rivera diktat\u00far\u00e1ja idej\u00e9n (1923-1930).<\/span><br \/>\n<span style=\"color: #003366;\"> 2013 &#8211; L\u00e9n\u00e1rt Andr\u00e1s: Ideol\u00f3gia \u00e9s propaganda a Franco-diktat\u00fara filmpolitik\u00e1j\u00e1ban<br \/>\n2018 \u2013 Bod\u00f3 Katalin: A mexik\u00f3i cristero h\u00e1bor\u00fa k\u00fclf\u00f6ldi visszhangja: amerikai, spanyol, vatik\u00e1ni \u00e9s magyar diplom\u00e1ciai reflexi\u00f3k<br \/>\n2018 \u2013 Nemes Krisztina: T\u00f6rt\u00e9nelem \u00e9s eml\u00e9kezet a Mequinensa m\u00edtoszban: Jes\u00fas Moncada <em>A foly\u00f3k v\u00e1rosa<\/em> c\u00edm\u0171 reg\u00e9ny\u00e9nek t\u00f6rt\u00e9nelemk\u00e9pe (1870-1970)<\/span><\/p>\n","protected":false},"excerpt":{"rendered":"<p>A Hispanisztika Tansz\u00e9k r\u00e9szt vesz a Szegedi Tudom\u00e1nyegyetem t\u00f6bb doktori iskol\u00e1j\u00e1nak munk\u00e1j\u00e1ban is. A tansz\u00e9k\u00fcnk alap\u00edt\u00f3ja, Prof. Dr. Anderle \u00c1d\u00e1m r\u00e9v\u00e9n el\u0151bb a T\u00f6rt\u00e9nelemtudom\u00e1nyi Doktori Iskol\u00e1n bel\u00fcl alakult \u201eA hisp\u00e1n vil\u00e1g t\u00f6rt\u00e9nete\u201d alprogram munk\u00e1j\u00e1ba kapcsol\u00f3dtunk be, k\u00e9s\u0151bb a Nyelvtudom\u00e1nyi, valamint <a href=\"https:\/\/hispanisztikaszeged.hu\/?page_id=760\" class=\"read-more\">Read More &#8230;<\/a><\/p>\n","protected":false},"author":2,"featured_media":0,"parent":16,"menu_order":0,"comment_status":"closed","ping_status":"closed","template":"","meta":{"footnotes":""},"class_list":["post-760","page","type-page","status-publish","hentry"],"_links":{"self":[{"href":"https:\/\/hispanisztikaszeged.hu\/index.php?rest_route=\/wp\/v2\/pages\/760","targetHints":{"allow":["GET"]}}],"collection":[{"href":"https:\/\/hispanisztikaszeged.hu\/index.php?rest_route=\/wp\/v2\/pages"}],"about":[{"href":"https:\/\/hispanisztikaszeged.hu\/index.php?rest_route=\/wp\/v2\/types\/page"}],"author":[{"embeddable":true,"href":"https:\/\/hispanisztikaszeged.hu\/index.php?rest_route=\/wp\/v2\/users\/2"}],"replies":[{"embeddable":true,"href":"https:\/\/hispanisztikaszeged.hu\/index.php?rest_route=%2Fwp%2Fv2%2Fcomments&post=760"}],"version-history":[{"count":8,"href":"https:\/\/hispanisztikaszeged.hu\/index.php?rest_route=\/wp\/v2\/pages\/760\/revisions"}],"predecessor-version":[{"id":2113,"href":"https:\/\/hispanisztikaszeged.hu\/index.php?rest_route=\/wp\/v2\/pages\/760\/revisions\/2113"}],"up":[{"embeddable":true,"href":"https:\/\/hispanisztikaszeged.hu\/index.php?rest_route=\/wp\/v2\/pages\/16"}],"wp:attachment":[{"href":"https:\/\/hispanisztikaszeged.hu\/index.php?rest_route=%2Fwp%2Fv2%2Fmedia&parent=760"}],"curies":[{"name":"wp","href":"https:\/\/api.w.org\/{rel}","templated":true}]}}