{"id":672,"date":"2017-01-26T20:37:47","date_gmt":"2017-01-26T20:37:47","guid":{"rendered":"http:\/\/hispanisztikaszeged.hu\/?page_id=672"},"modified":"2019-03-05T21:54:03","modified_gmt":"2019-03-05T20:54:03","slug":"impresszum","status":"publish","type":"page","link":"https:\/\/hispanisztikaszeged.hu\/?page_id=672","title":{"rendered":"Impresszum"},"content":{"rendered":"<p style=\"text-align: center;\"><span style=\"color: #003366;\"><strong>SERIE DID\u00c1CTICA<\/strong><\/span><\/p>\n<p style=\"text-align: center;\"><span style=\"color: #003366;\">Szerkeszt\u0151bizotts\u00e1g<\/span><\/p>\n<p style=\"text-align: center;\"><span style=\"color: #003366;\">Berta Tibor, Jancs\u00f3 Katalin, Praefort Veronika\u00a0<\/span><\/p>\n<p style=\"text-align: center;\"><span style=\"color: #003366;\">(Szegedi Tudom\u00e1nyegyetem)<\/span><\/p>\n<p style=\"text-align: center;\"><span style=\"color: #003366;\">Felel\u0151s szerkeszt\u0151<\/span><\/p>\n<p style=\"text-align: center;\"><span style=\"color: #003366;\">BERTA TIBOR \u2013 JANCS\u00d3 KATALIN \u2013 PRAEFORT VERONIKA\u00a0<\/span><\/p>\n<p style=\"text-align: center;\"><span style=\"color: #003366;\">Tan\u00e1csad\u00f3 Test\u00fclet<\/span><\/p>\n<p style=\"text-align: center;\"><span style=\"color: #003380;\">Baditzn\u00e9 P\u00e1lv\u00f6lgyi Kata \u2013 E\u00f6tv\u00f6s Lor\u00e1nd Tudom\u00e1nyegyetem<\/span><\/p>\n<p style=\"text-align: center;\"><span style=\"color: #003380;\">Narciso M. Contreras Izquierdo \u2013 Universidad de Ja\u00e9n<\/span><\/p>\n<p style=\"text-align: center;\"><span style=\"color: #003380;\">Lucila Gonz\u00e1lez Alfaya \u2013 Szegedi Tudom\u00e1nyegyetem<\/span><\/p>\n<p style=\"text-align: center;\"><span style=\"color: #003380;\">\u00c1lvaro Llosa Sanz \u2013 Universitetet i Oslo<\/span><\/p>\n<p style=\"text-align: center;\"><span style=\"color: #003380;\">Alberto Madrona Fern\u00e1ndez \u2013 Instituto Cervantes<\/span><\/p>\n<p style=\"text-align: center;\"><span style=\"color: #003380;\">Andjelka Pejovi\u0107 \u2013 Universidad de Belgrado<\/span><\/p>\n<p style=\"text-align: center;\"><span style=\"color: #003380;\">M\u00f3nica Poza Di\u00e9guez \u2013 Universitetet i Troms\u00f8 \u2013 Norges Arktiske Universitet\u00a0<\/span><\/p>\n<p style=\"text-align: center;\">\n<p style=\"text-align: center;\"><span style=\"color: #003366;\">Nyelvi lektor\u00e1l\u00e1s<\/span><\/p>\n<p style=\"text-align: center;\"><span style=\"color: #003366;\">Lucila Gonz\u00e1lez Alfaya,\u00a0Andrea Losada Garate<\/span><\/p>\n<p style=\"text-align: center;\"><span style=\"color: #003366;\">Kiadja<\/span><\/p>\n<p style=\"text-align: center;\"><span style=\"color: #003366;\">Szegedi Tudom\u00e1nyegyetem<\/span><\/p>\n<p style=\"text-align: center;\"><span style=\"color: #003366;\">Hispanisztika Tansz\u00e9k<\/span><\/p>\n<p style=\"text-align: center;\"><span style=\"color: #003366;\">Pet\u0151fi sgt. 30-34. H-6722 Szeged,\u00a0Magyarorsz\u00e1g<\/span><\/p>\n<p style=\"text-align: center;\"><span style=\"color: #003366;\">Tel\/Fax: +36 62\u00a0544-148<\/span><\/p>\n<p style=\"text-align: center;\"><span style=\"color: #003366;\">Email: hispan@hist.u-szeged.hu<\/span><\/p>\n<p style=\"text-align: center;\"><span style=\"color: #003366;\">www.hispanisztikaszeged.hu<\/span><\/p>\n<p style=\"text-align: center;\"><span style=\"color: #003366;\">ISSN<\/span><\/p>\n<p style=\"text-align: center;\"><span style=\"color: #003366;\">Szeged<\/span><\/p>\n","protected":false},"excerpt":{"rendered":"<p>SERIE DID\u00c1CTICA Szerkeszt\u0151bizotts\u00e1g Berta Tibor, Jancs\u00f3 Katalin, Praefort Veronika\u00a0 (Szegedi Tudom\u00e1nyegyetem) Felel\u0151s szerkeszt\u0151 BERTA TIBOR \u2013 JANCS\u00d3 KATALIN \u2013 PRAEFORT VERONIKA\u00a0 Tan\u00e1csad\u00f3 Test\u00fclet Baditzn\u00e9 P\u00e1lv\u00f6lgyi Kata \u2013 E\u00f6tv\u00f6s Lor\u00e1nd Tudom\u00e1nyegyetem Narciso M. Contreras Izquierdo \u2013 Universidad de Ja\u00e9n Lucila Gonz\u00e1lez <a href=\"https:\/\/hispanisztikaszeged.hu\/?page_id=672\" class=\"read-more\">Read More &#8230;<\/a><\/p>\n","protected":false},"author":3,"featured_media":0,"parent":186,"menu_order":0,"comment_status":"closed","ping_status":"closed","template":"","meta":{"footnotes":""},"class_list":["post-672","page","type-page","status-publish","hentry"],"_links":{"self":[{"href":"https:\/\/hispanisztikaszeged.hu\/index.php?rest_route=\/wp\/v2\/pages\/672","targetHints":{"allow":["GET"]}}],"collection":[{"href":"https:\/\/hispanisztikaszeged.hu\/index.php?rest_route=\/wp\/v2\/pages"}],"about":[{"href":"https:\/\/hispanisztikaszeged.hu\/index.php?rest_route=\/wp\/v2\/types\/page"}],"author":[{"embeddable":true,"href":"https:\/\/hispanisztikaszeged.hu\/index.php?rest_route=\/wp\/v2\/users\/3"}],"replies":[{"embeddable":true,"href":"https:\/\/hispanisztikaszeged.hu\/index.php?rest_route=%2Fwp%2Fv2%2Fcomments&post=672"}],"version-history":[{"count":4,"href":"https:\/\/hispanisztikaszeged.hu\/index.php?rest_route=\/wp\/v2\/pages\/672\/revisions"}],"predecessor-version":[{"id":1331,"href":"https:\/\/hispanisztikaszeged.hu\/index.php?rest_route=\/wp\/v2\/pages\/672\/revisions\/1331"}],"up":[{"embeddable":true,"href":"https:\/\/hispanisztikaszeged.hu\/index.php?rest_route=\/wp\/v2\/pages\/186"}],"wp:attachment":[{"href":"https:\/\/hispanisztikaszeged.hu\/index.php?rest_route=%2Fwp%2Fv2%2Fmedia&parent=672"}],"curies":[{"name":"wp","href":"https:\/\/api.w.org\/{rel}","templated":true}]}}