{"id":655,"date":"2017-01-05T09:54:00","date_gmt":"2017-01-05T09:54:00","guid":{"rendered":"http:\/\/hispanisztikaszeged.hu\/?page_id=655"},"modified":"2026-01-29T20:20:41","modified_gmt":"2026-01-29T19:20:41","slug":"erasmus-osztondij","status":"publish","type":"page","link":"https:\/\/hispanisztikaszeged.hu\/?page_id=655","title":{"rendered":"\u00d6szt\u00f6nd\u00edjak"},"content":{"rendered":"<h2>Pann\u00f3nia \u00f6szt\u00f6nd\u00edj<\/h2>\n<p><strong><span style=\"color: #003366;\">PANN\u00d3NIA<\/span> <span style=\"color: #003366;\">\u00d6SZT\u00d6ND\u00cdJ (2026-2027 tan\u00e9vre)<\/span><\/strong><\/p>\n<p><span style=\"color: #003366;\">Ki\u00edr\u00e1sra ker\u00fclt a Pann\u00f3nia \u00d6szt\u00f6nd\u00edjprogram p\u00e1ly\u00e1zati felh\u00edv\u00e1sa.<\/span><\/p>\n<p><span style=\"color: #003366;\">B\u0151vebb inform\u00e1ci\u00f3k az egyetem al\u00e1bbi honlapj\u00e1n \u00e9rhet\u0151k el:<\/span><br \/>\n<strong><span style=\"color: #003366;\"><a style=\"color: #003366;\" href=\"http:\/\/www2.u-szeged.hu\/kulugy\/pannonia.html\" target=\"_blank\" rel=\"noopener\">http:\/\/www2.u-szeged.hu\/kulugy\/pannonia.html<\/a><\/span><\/strong><\/p>\n<p><span style=\"color: #003366;\">K\u00e9rj\u00fck, olvass\u00e1k el figyelmesen a p\u00e1ly\u00e1zati ki\u00edr\u00e1st:<\/span><br \/>\n<strong><span style=\"color: #003366;\"><a style=\"color: #003366;\" href=\"http:\/\/www2.u-szeged.hu\/erasmus\/letolt\/2026_2027\/paly_kiiras_pannonia_2026_2027_hallgatok.pdf\" target=\"_blank\" rel=\"noopener\">http:\/\/www2.u-szeged.hu\/erasmus\/letolt\/2026_2027\/paly_kiiras_pannonia_2026_2027_hallgatok.pdf<\/a><\/span><\/strong><\/p>\n<p><span style=\"color: #003366;\">A Hispanisztika Tansz\u00e9kr\u0151l azokra az egyetemekre adhat\u00f3k be hosszabb tanulm\u00e1nyokra (r\u00e9szk\u00e9pz\u00e9s) p\u00e1ly\u00e1zatok, amelyekkel \u00e9rv\u00e9nyes Erasmus\/Pann\u00f3nia-szerz\u0151d\u00e9ssel rendelkez\u00fcnk. Ezek list\u00e1ja az al\u00e1bbi link alatt tal\u00e1lhat\u00f3:<\/span><br \/>\n<span style=\"color: #003366;\"><strong><a style=\"color: #003366;\" href=\"http:\/\/www2.u-szeged.hu\/erasmus\/bilat\/2026_2027\/bilat26_27_teljes.html\" target=\"_blank\" rel=\"noopener\">http:\/\/www2.u-szeged.hu\/erasmus\/bilat\/2026_2027\/bilat26_27_teljes.html<\/a><\/strong> (l\u00e1sd a t\u00e1bl\u00e1zat utols\u00f3 oszlop\u00e1ban: \u201eSZTE BTK Hispanisztika Tansz\u00e9k\u201d)<\/span><\/p>\n<p><span style=\"color: #003366;\">Azokon a szakjainkon, amelyeknek r\u00e9sz\u00e9t k\u00e9pezi a Spanyol alapvizsga (az spanyol nyelv \u00e9s kult\u00fara tan\u00e1ra osztatlan tan\u00e1rszak \u00e9s az \u00fajlatin nyelvek \u00e9s kult\u00far\u00e1k alapszak spanyol szakir\u00e1nya) a kiutaz\u00e1s felt\u00e9tele az alapvizsga sikeres teljes\u00edt\u00e9se.<\/span><\/p>\n<p><strong><span style=\"color: #003366;\">A p\u00e1ly\u00e1zati anyagot elektronikus form\u00e1ban Dr. Katona Eszter (<a href=\"mailto:katonaeszter@gmail.com\">katonaeszter @ gmail.com<\/a>) e-mail c\u00edm\u00e9re k\u00fcldve kell beny\u00fajtani.<\/span><\/strong><br \/>\n<span style=\"color: #003366;\">Nyomtatva Jeney Zsuzsann\u00e1nak kell leadni a Hispanisztika Tansz\u00e9k irod\u00e1j\u00e1n.<\/span><\/p>\n<p><span style=\"color: #003366;\">A p\u00e1ly\u00e1zat az al\u00e1bbi dokumentumokat tartalmazza:<\/span><br \/>\n<span style=\"color: #003366;\">1. tansz\u00e9ki p\u00e1ly\u00e1zati \u0171rlap (let\u00f6lthet\u0151 <a href=\"https:\/\/hispanisztikaszeged.hu\/wp-content\/uploads\/2026\/01\/tanszeki_palyazati_urlap_2026doc.docx\" target=\"_blank\" rel=\"noopener\">innen<\/a>)<\/span><br \/>\n<span style=\"color: #003366;\">2. a k\u00fcl\u00fcgyi iroda honlapj\u00e1n el\u00e9rhet\u0151, \u201eP\u00e1ly\u00e1zati \u0171rlap hossz\u00fa idej\u0171 hallgat\u00f3i mobilit\u00e1sokra (r\u00e9szk\u00e9pz\u00e9s)\u201d Excel f\u00e1jl kit\u00f6ltve (<a href=\"https:\/\/hispanisztikaszeged.hu\/wp-content\/uploads\/2026\/01\/szte_pannonia_hallg_adatlap_tanulmanyok2026_2027.xlsx\" target=\"_blank\" rel=\"noopener\">innen<\/a>\u00a0is let\u00f6lthet\u0151)<\/span><br \/>\n<span style=\"color: #003366;\">3. motiv\u00e1ci\u00f3s lev\u00e9l (spanyol nyelven)<\/span><br \/>\n<span style=\"color: #003366;\">4. a NEPTUN-b\u00f3l let\u00f6lt\u00f6tt igazol\u00e1s a k\u00e9t utols\u00f3 f\u00e9l\u00e9v tanulm\u00e1nyi \u00e1tlag\u00e1r\u00f3l<\/span><br \/>\n<span style=\"color: #003366;\">5. megfeleltet\u00e9si \u0171rlap (let\u00f6lthet\u0151 <a href=\"https:\/\/hispanisztikaszeged.hu\/wp-content\/uploads\/2026\/01\/Pannonia_megfeleltetesi_urlap.docx\" target=\"_blank\" rel=\"noopener\">innen<\/a>)<\/span><\/p>\n<p><strong><span style=\"color: #ff0000;\">A P\u00c1LY\u00c1ZAT BEK\u00dcLD\u00c9SI (e-mailben) \/ LEAD\u00c1SI (nyomtatva) HAT\u00c1RIDEJE:<\/span> <span style=\"color: #ff0000;\">2026. febru\u00e1r 20. 12:00 \u00d3RA<\/span><\/strong><\/p>\n<p><strong><a href=\"https:\/\/hispanisztikaszeged.hu\/wp-content\/uploads\/2025\/02\/eszabalyzat2025.pdf\"><span style=\"color: #003366;\">Tansz\u00e9ki Erasmus\/Pann\u00f3nia szab\u00e1lyzat<\/span><\/a> <span style=\"color: #ff0000;\">\u00faj!<\/span><\/strong><\/p>\n<h2 style=\"margin-bottom: 12pt; text-align: justify;\"><span style=\"color: #003366;\">Erasmus+ \u00f6szt\u00f6nd\u00edj<\/span><\/h2>\n<p style=\"margin-bottom: 12pt; text-align: justify;\"><span style=\"color: #003366;\">Az ERASMUS (European Community Action Schemes for the Mobility of University Students) az Eur\u00f3pai Uni\u00f3 \u00e1ltal az oktat\u00e1s min\u0151s\u00e9g\u00e9nek jav\u00edt\u00e1s\u00e1ra l\u00e9trehozott Socrates programnak a fels\u0151oktat\u00e1s fejleszt\u00e9s\u00e9re ir\u00e1nyul\u00f3 alprogramja. Tansz\u00e9k\u00fcnk sz\u00e1mos spanyolorsz\u00e1gi egyetemmel rendelkezik Erasmus kapcsolattal, di\u00e1kjaink 3-5 h\u00f3napos \u00f6szt\u00f6nd\u00edjak keret\u00e9ben tanulhatnak t\u00f6bbek k\u00f6z\u00f6tt Salamanc\u00e1ban, Ovied\u00f3ban, Alicant\u00e9ban, Ja\u00e9nban, Madridban, A Coru\u00f1\u00e1ban. Tov\u00e1bbi inform\u00e1ci\u00f3k a Nemzetk\u00f6zi Mobilit\u00e1si Iroda <a style=\"color: #003366;\" href=\"http:\/\/www2.u-szeged.hu\/erasmus\/\">honlapj\u00e1n<\/a>.<br \/>\n<\/span><\/p>\n<p><span style=\"color: #003366;\">A p\u00e1ly\u00e1zatok beny\u00fajt\u00e1s\u00e1val kapcsolatosan \u00e9rdekl\u0151dni lehet Katona Eszter koordin\u00e1torn\u00e1l \u00a0(<a href=\"katonaeszter@gmail.com\">katonaeszter @ gmail.com<\/a>):<\/span><\/p>\n<p><span style=\"color: #003366;\">Universidad de Alicante (023 languages)<\/span><br \/>\n<span style=\"color: #003366;\">Universitat de Barcelona (023 languages)<\/span><br \/>\n<span style=\"color: #003366;\">Universidad del Pa\u00eds Vasco (023 languages)<\/span><br \/>\n<span style=\"color: #003366;\">Universidad de Huelva (023 languages)<\/span><br \/>\n<span style=\"color: #003366;\">Universidad Ja\u00e9n (023 languages)<\/span><br \/>\n<span style=\"color: #003366;\">Universidade da Coru\u00f1a (023 languages)<\/span><br \/>\n<span style=\"color: #003366;\">Universidad de Oviedo (022 humanities except languages)<\/span><br \/>\n<span style=\"color: #003366;\">Universidad de Oviedo (023 languages)<\/span><br \/>\n<span style=\"color: #003366;\">Universidad de Salamaca (023 languages)<\/span><br \/>\n<span style=\"color: #003366;\">Universidad de Andaluc\u00eda (022 humanities except languages)<\/span><br \/>\n<span style=\"color: #003366;\">Universitat Rovira i Virgili (023 languages)<br \/>\n<\/span><span style=\"color: #003366;\">Universidad de Huelva (0222 history and archeology)<\/span><br \/>\n<span style=\"color: #003366;\">Universidad de Sevilla (0222 history and archeology)<\/span><br \/>\n<span style=\"color: #003366;\">Masarykov\u00e1 Univerzit\u00e1 (023 languages)<\/span><br \/>\n<span style=\"color: #003366;\">Universit\u00e0 degli Studi di Cagliari (languages 023)<\/span><br \/>\n<span style=\"color: #003366;\">Universit\u00e0 degli Studi di Roma Tre (0222 history and archeology)<\/span><br \/>\n<span style=\"color: #003366;\">Uniwersytet im. Adama Mickiewicza w Poznaniu (023 languages)<\/span><br \/>\n<span style=\"color: #003366;\">Universitatea din Oradea (023 languages)<\/span><br \/>\n<span style=\"color: #003366;\">University of Kragujevac (0232 literature and linguistics)<\/span><br \/>\n<span style=\"color: #003366;\">Univerzita Mateja Bela v Banskej Bystrici (023 languages)<br \/>\n<span style=\"font-family: arial, sans-serif;\">Universidad Nacional de Tres de Febrero<\/span><br \/>\n<\/span><\/p>\n<p><span style=\"color: #003366;\"><strong><a href=\"https:\/\/hispanisztikaszeged.hu\/wp-content\/uploads\/2025\/02\/eszabalyzat2025.pdf\">Tansz\u00e9ki Erasmus\/Pann\u00f3nia szab\u00e1lyzat<\/a> <span style=\"color: #ff0000;\">\u00faj!<\/span><\/strong><\/span><br \/>\n<span style=\"color: #003366;\">\u00a0<\/span><\/p>\n<h2><span style=\"color: #003366;\">Ceepus \u00f6szt\u00f6nd\u00edj<\/span><\/h2>\n<p><span style=\"color: #003366;\"><strong>CEEPUS P\u00c1LY\u00c1ZATI KI\u00cdR\u00c1S I.<br \/>\n<\/strong><\/span><\/p>\n<p><span style=\"color: #003366;\">A Szegedi Tudom\u00e1nyegyetem Hispanisztika Tansz\u00e9ke p\u00e1ly\u00e1zatot \u00edr ki a CEEPUS program keret\u00e9ben l\u00e9trehozott,\u00a0 RO-0814-13-2526 sz\u00e1m\u00fa, <em>Red Regional de Hispanistas Centroeuropeos<\/em>\u00a0 elnevez\u00e9s\u0171 h\u00e1l\u00f3zatban r\u00e9szt vev\u0151 fels\u0151oktat\u00e1si int\u00e9zm\u00e9nyekbe ir\u00e1nyul\u00f3, a 2025\/2026-\u00f6s tan\u00e9vben megval\u00f3s\u00edtand\u00f3 oktat\u00f3i \u00e9s hallgat\u00f3i mobilit\u00e1sra.<\/span><\/p>\n<p><span style=\"color: #003366;\">A k\u00f6vetkez\u0151 int\u00e9zm\u00e9nyekbe lehet p\u00e1ly\u00e1zatot beny\u00fajtani:<\/span><\/p>\n<p><span style=\"color: #003366;\"><strong>Oktat\u00f3i tanulm\u00e1ny\u00fat:<\/strong><\/span><\/p>\n<ol>\n<li><span style=\"color: #003366;\">University of Belgrade<\/span><\/li>\n<li><span style=\"color: #003366;\">University of Kragujevac<\/span><\/li>\n<li><span style=\"color: #003366;\">University of Novi Sad<\/span><\/li>\n<li><span style=\"color: #003366;\">University of Ljubljana<\/span><\/li>\n<li><span style=\"color: #003366;\">Masaryk University of Brno<\/span><\/li>\n<li><span style=\"color: #003366;\">Palack\u00fd University Olomouc<\/span><\/li>\n<li><span style=\"color: #003366;\">University of Zagreb<\/span><\/li>\n<li><span style=\"color: #003366;\">University of Zadar<\/span><\/li>\n<li><span style=\"color: #003366;\">West University of Timisoara<\/span><\/li>\n<li><span style=\"color: #003366;\">Paisii Hilendarski Plovdiv University<\/span><\/li>\n<li><span style=\"color: #003366;\">THE UNIVERSITY OF BUCHAREST<\/span><\/li>\n<li><span style=\"color: #003366;\">BABES-BOLYAI UNIVERSITY OF CLUJ-NAPOCA<\/span><\/li>\n<li><span style=\"color: #003366;\">Comenius University in Bratislava<\/span><\/li>\n<li><span style=\"color: #003366;\">University of Economics in Bratislava<\/span><\/li>\n<li><span style=\"color: #003366;\">Jagellonian University Cracow<\/span><\/li>\n<li><span style=\"color: #003366;\">University of Szczecin<\/span><\/li>\n<li><span style=\"color: #003366;\">Cyril and Methodius University in Skopje \u201cBlaze Koneski\u201d Faculty of Philology<\/span><\/li>\n<\/ol>\n<p><span style=\"color: #003366;\"><strong>Hallgat\u00f3i tanulm\u00e1ny\u00fat:<\/strong><\/span><\/p>\n<ol>\n<li><span style=\"color: #003366;\">University of Ljubljana<\/span><\/li>\n<li><span style=\"color: #003366;\">Paisii Hilendarski Plovdiv Unviersity<\/span><\/li>\n<li><span style=\"color: #003366;\">University of Ljubljana<\/span><\/li>\n<li><span style=\"color: #003366;\">University of Zagreb<\/span><\/li>\n<li><span style=\"color: #003366;\">University of Zadar<\/span><\/li>\n<li><span style=\"color: #003366;\">WEST UNIVERSITY OF TIMISOARA<\/span><\/li>\n<li><span style=\"color: #003366;\">THE UNIVERSITY OF BUCHAREST<\/span><\/li>\n<li><span style=\"color: #003366;\">Jagellonian University Cracow<\/span><\/li>\n<li><span style=\"color: #003366;\">University of Szczecin<\/span><\/li>\n<li><span style=\"color: #003366;\">\u201cBlaze Koneski\u201d Faculty of Philology<\/span><\/li>\n<\/ol>\n<p><span style=\"color: #003366;\">Oktat\u00f3i mobilit\u00e1sra a Hispanisztika Tansz\u00e9ken st\u00e1tuszban l\u00e9v\u0151 oktat\u00f3k, hallgat\u00f3i mobilit\u00e1sra a tansz\u00e9k \u00e1ltal gondozott k\u00e9pz\u00e9sek hallgat\u00f3i ny\u00fajthatnak be p\u00e1ly\u00e1zatot. A p\u00e1ly\u00e1zatnak tartalmaznia kell<\/span><\/p>\n<ol>\n<li><span style=\"color: #003366;\">\u00f6n\u00e9letrajzot,<\/span><\/li>\n<li><span style=\"color: #003366;\">munkatervet \u00e9s<\/span><\/li>\n<li><span style=\"color: #003366;\">hallgat\u00f3k eset\u00e9ben kinyomtatott teljes\u00edt\u00e9slist\u00e1t.<\/span><\/li>\n<\/ol>\n<p><span style=\"color: #003366;\"><strong>Beny\u00fajt\u00e1si hat\u00e1rid\u0151k:<\/strong> az \u0151szi f\u00e9l\u00e9vre 2025. m\u00e1jus 29., a tavaszi f\u00e9l\u00e9vre 2025. okt\u00f3ber 27.<br \/>\nA p\u00e1ly\u00e1zatokat a Hispanisztika Tansz\u00e9k titk\u00e1rs\u00e1g\u00e1n kell beny\u00fajtani.<\/span><\/p>\n<p><span style=\"color: #003366;\"><strong>Figyelem:<\/strong>\u00a0Sikeres tansz\u00e9ki p\u00e1ly\u00e1zat eset\u00e9n a\u00a0<a style=\"color: #003366;\" href=\"http:\/\/www.ceepus.info\/\">www.ceepus.info<\/a> oldalon regisztr\u00e1lni kell 2025. j\u00fanius 1-ig, illetve 2025. okt\u00f3ber 31-ig.<\/span><\/p>\n<p><span style=\"color: #003366;\"><strong><br \/>\nCEEPUS P\u00c1LY\u00c1ZATI KI\u00cdR\u00c1S II.<\/strong><\/span><\/p>\n<p><span style=\"color: #003366;\"><span style=\"font-family: arial, sans-serif;\">Az AT-0503-15-2526 (Umbrella) azonos\u00edt\u00f3j\u00fa, <i>Inter-American Studies e<\/i>lnevez\u00e9s\u0171 h\u00e1l\u00f3zat a 2025\/26-\u00f6s tan\u00e9vben tartal\u00e9kh\u00e1l\u00f3zatk\u00e9nt (umbrella) m\u0171k\u00f6dik. Ebben a h\u00e1l\u00f3zatban csak Freemover kateg\u00f3ri\u00e1j\u00fa p\u00e1ly\u00e1zatok ny\u00fajthat\u00f3k be.\u00a0 Tov\u00e1bbi inform\u00e1ci\u00f3: <a href=\"http:\/\/www.ceepus.info\/\">www.ceepus.info<\/a>\u00a0<\/span><br \/>\n<\/span><\/p>\n","protected":false},"excerpt":{"rendered":"<p>Pann\u00f3nia \u00f6szt\u00f6nd\u00edj PANN\u00d3NIA \u00d6SZT\u00d6ND\u00cdJ (2026-2027 tan\u00e9vre) Ki\u00edr\u00e1sra ker\u00fclt a Pann\u00f3nia \u00d6szt\u00f6nd\u00edjprogram p\u00e1ly\u00e1zati felh\u00edv\u00e1sa. B\u0151vebb inform\u00e1ci\u00f3k az egyetem al\u00e1bbi honlapj\u00e1n \u00e9rhet\u0151k el: http:\/\/www2.u-szeged.hu\/kulugy\/pannonia.html K\u00e9rj\u00fck, olvass\u00e1k el figyelmesen a p\u00e1ly\u00e1zati ki\u00edr\u00e1st: http:\/\/www2.u-szeged.hu\/erasmus\/letolt\/2026_2027\/paly_kiiras_pannonia_2026_2027_hallgatok.pdf A Hispanisztika Tansz\u00e9kr\u0151l azokra az egyetemekre adhat\u00f3k be hosszabb tanulm\u00e1nyokra <a href=\"https:\/\/hispanisztikaszeged.hu\/?page_id=655\" class=\"read-more\">Read More &#8230;<\/a><\/p>\n","protected":false},"author":2,"featured_media":0,"parent":10,"menu_order":0,"comment_status":"closed","ping_status":"closed","template":"","meta":{"footnotes":""},"class_list":["post-655","page","type-page","status-publish","hentry"],"_links":{"self":[{"href":"https:\/\/hispanisztikaszeged.hu\/index.php?rest_route=\/wp\/v2\/pages\/655","targetHints":{"allow":["GET"]}}],"collection":[{"href":"https:\/\/hispanisztikaszeged.hu\/index.php?rest_route=\/wp\/v2\/pages"}],"about":[{"href":"https:\/\/hispanisztikaszeged.hu\/index.php?rest_route=\/wp\/v2\/types\/page"}],"author":[{"embeddable":true,"href":"https:\/\/hispanisztikaszeged.hu\/index.php?rest_route=\/wp\/v2\/users\/2"}],"replies":[{"embeddable":true,"href":"https:\/\/hispanisztikaszeged.hu\/index.php?rest_route=%2Fwp%2Fv2%2Fcomments&post=655"}],"version-history":[{"count":94,"href":"https:\/\/hispanisztikaszeged.hu\/index.php?rest_route=\/wp\/v2\/pages\/655\/revisions"}],"predecessor-version":[{"id":2770,"href":"https:\/\/hispanisztikaszeged.hu\/index.php?rest_route=\/wp\/v2\/pages\/655\/revisions\/2770"}],"up":[{"embeddable":true,"href":"https:\/\/hispanisztikaszeged.hu\/index.php?rest_route=\/wp\/v2\/pages\/10"}],"wp:attachment":[{"href":"https:\/\/hispanisztikaszeged.hu\/index.php?rest_route=%2Fwp%2Fv2%2Fmedia&parent=655"}],"curies":[{"name":"wp","href":"https:\/\/api.w.org\/{rel}","templated":true}]}}