{"id":60,"date":"2016-10-24T20:08:00","date_gmt":"2016-10-24T20:08:00","guid":{"rendered":"http:\/\/hispanisztikaszeged.hu\/wordpress\/?page_id=60"},"modified":"2025-10-13T15:14:08","modified_gmt":"2025-10-13T13:14:08","slug":"andreea-stefan","status":"publish","type":"page","link":"https:\/\/hispanisztikaszeged.hu\/?page_id=60","title":{"rendered":"Marta Timoneda Fonfrias"},"content":{"rendered":"<p><a href=\"https:\/\/hispanisztikaszeged.hu\/wp-content\/uploads\/2024\/10\/fotoMarta.jpg\"><img loading=\"lazy\" decoding=\"async\" class=\"alignleft wp-image-2284\" src=\"https:\/\/hispanisztikaszeged.hu\/wp-content\/uploads\/2024\/10\/fotoMarta-199x300.jpg\" alt=\"\" width=\"130\" height=\"196\" srcset=\"https:\/\/hispanisztikaszeged.hu\/wp-content\/uploads\/2024\/10\/fotoMarta-199x300.jpg 199w, https:\/\/hispanisztikaszeged.hu\/wp-content\/uploads\/2024\/10\/fotoMarta-179x270.jpg 179w, https:\/\/hispanisztikaszeged.hu\/wp-content\/uploads\/2024\/10\/fotoMarta.jpg 664w\" sizes=\"auto, (max-width: 130px) 100vw, 130px\" \/><\/a><span style=\"color: #003366;\"><strong>Marta Timoneda Fonfrias<\/strong><br \/>\nkatal\u00e1n lektor<br \/>\n<a href=\"mailto:martatimonedafonfrias@gmail.com\"><span class=\"nowrap\">martatimonedafonfrias @ gmail.com<\/span><\/a><br \/>\nfogad\u00f3\u00f3ra: h\u00e9tf\u0151 10.00-11.00. 2025-26\/I. f\u00e9l\u00e9v (el\u0151zetes e-mail bejelentkez\u00e9s sz\u00fcks\u00e9ges)<br \/>\n<a href=\"https:\/\/hispanisztikaszeged.hu\/wp-content\/uploads\/2024\/10\/CV_Marta.pdf\"><strong>\u00c9letrajz<\/strong><\/a><br \/>\n<\/span><\/p>\n","protected":false},"excerpt":{"rendered":"<p>Marta Timoneda Fonfrias katal\u00e1n lektor martatimonedafonfrias @ gmail.com fogad\u00f3\u00f3ra: h\u00e9tf\u0151 10.00-11.00. 2025-26\/I. f\u00e9l\u00e9v (el\u0151zetes e-mail bejelentkez\u00e9s sz\u00fcks\u00e9ges) \u00c9letrajz<\/p>\n","protected":false},"author":3,"featured_media":0,"parent":13,"menu_order":10,"comment_status":"closed","ping_status":"closed","template":"","meta":{"footnotes":""},"class_list":["post-60","page","type-page","status-publish","hentry"],"_links":{"self":[{"href":"https:\/\/hispanisztikaszeged.hu\/index.php?rest_route=\/wp\/v2\/pages\/60","targetHints":{"allow":["GET"]}}],"collection":[{"href":"https:\/\/hispanisztikaszeged.hu\/index.php?rest_route=\/wp\/v2\/pages"}],"about":[{"href":"https:\/\/hispanisztikaszeged.hu\/index.php?rest_route=\/wp\/v2\/types\/page"}],"author":[{"embeddable":true,"href":"https:\/\/hispanisztikaszeged.hu\/index.php?rest_route=\/wp\/v2\/users\/3"}],"replies":[{"embeddable":true,"href":"https:\/\/hispanisztikaszeged.hu\/index.php?rest_route=%2Fwp%2Fv2%2Fcomments&post=60"}],"version-history":[{"count":25,"href":"https:\/\/hispanisztikaszeged.hu\/index.php?rest_route=\/wp\/v2\/pages\/60\/revisions"}],"predecessor-version":[{"id":2702,"href":"https:\/\/hispanisztikaszeged.hu\/index.php?rest_route=\/wp\/v2\/pages\/60\/revisions\/2702"}],"up":[{"embeddable":true,"href":"https:\/\/hispanisztikaszeged.hu\/index.php?rest_route=\/wp\/v2\/pages\/13"}],"wp:attachment":[{"href":"https:\/\/hispanisztikaszeged.hu\/index.php?rest_route=%2Fwp%2Fv2%2Fmedia&parent=60"}],"curies":[{"name":"wp","href":"https:\/\/api.w.org\/{rel}","templated":true}]}}