{"id":54,"date":"2016-10-24T20:04:53","date_gmt":"2016-10-24T20:04:53","guid":{"rendered":"http:\/\/hispanisztikaszeged.hu\/wordpress\/?page_id=54"},"modified":"2025-10-13T14:34:50","modified_gmt":"2025-10-13T12:34:50","slug":"praefort-veronika","status":"publish","type":"page","link":"https:\/\/hispanisztikaszeged.hu\/?page_id=54","title":{"rendered":"Praefort Veronika"},"content":{"rendered":"<p><span style=\"color: #003366;\"><img loading=\"lazy\" decoding=\"async\" class=\"wp-image-248 size-thumbnail alignleft\" src=\"https:\/\/hispanisztikaszeged.hu\/wordpress\/wp-content\/uploads\/2016\/10\/pv-150x150.jpg\" alt=\"pv\" width=\"150\" height=\"150\" \/><\/span><\/p>\n<p><strong><span style=\"color: #003366;\">Praefort Veronika<\/span><\/strong><br \/>\n<span style=\"color: #003366;\"> nyelvtan\u00e1r<\/span><br \/>\n<span style=\"color: #003366;\"> <a style=\"color: #003366;\" href=\"mailto:vpraefort@gmail.com\">vpraefort @ gmail.com<\/a><\/span><br \/>\n<span style=\"color: #003366;\"> fogad\u00f3\u00f3ra: szerda 11.30-12.30. 2025-26\/I. f\u00e9l\u00e9v (el\u0151zetes e-mailes egyeztet\u00e9s alapj\u00e1n)<\/span><br \/>\n<a href=\"https:\/\/hispanisztikaszeged.hu\/wp-content\/uploads\/2025\/02\/CV_PV2025.docx\"><strong>\u00c9letrajz<\/strong><\/a><br \/>\n<strong><a href=\"mailto:vpraefort@gmail.com\">vpraefort @ gmail.com<\/a><\/strong><\/p>\n<p><strong><span style=\"color: #003366;\">Oktatott t\u00e1rgyak:<\/span><\/strong><\/p>\n<div>\n<div>\n<div><span style=\"color: #003366;\"><strong>Hispanisztika Tansz\u00e9k<\/strong><\/span><br \/>\n<span style=\"color: #003366;\">Gyakorlati spanyol nyelvtan<\/span><\/div>\n<div><span style=\"color: #003366;\">Spanyol ford\u00edt\u00e1s \u00e9s sz\u00f6veg\u00e9rt\u00e9s<\/span><\/div>\n<div><span style=\"color: #003366;\">Spanyol szakdidaktika &#8211; Az idegen nyelvek tan\u00edt\u00e1s\u00e1nak m\u00f3dszertana<\/span><\/div>\n<div><span style=\"color: #003366;\">Spanyol szakdidaktika<\/span><\/div>\n<div><span style=\"color: #003366;\">V\u00e1laszthat\u00f3 spanyol szakm\u00f3dszertani t\u00e1rgy<\/span><\/div>\n<div><span style=\"color: #003366;\">Mentori \u00f3ra &#8211; Nyelvi k\u00e9szs\u00e9gfejleszt\u00e9s<\/span><\/div>\n<div><span style=\"color: #003366;\">Spanyol nyelvtan<br \/>\n<\/span><\/div>\n<div><span style=\"color: #003366;\">Spanyol nyelv<br \/>\n<\/span><\/div>\n<div><span style=\"color: #003366;\">Spanyol sz\u00f6vegolvas\u00e1s<br \/>\n<\/span><\/div>\n<div><span style=\"color: #003366;\">Tan\u00edt\u00e1st k\u00eds\u00e9r\u0151 szemin\u00e1rium<br \/>\nTan\u00edt\u00e1si gyakorlatok<br \/>\n<\/span><\/div>\n<div><span style=\"color: #003366;\">\u00a0<\/span><\/div>\n<div><strong><span style=\"color: #003366;\">Ford\u00edt\u00f3- \u00e9s tolm\u00e1csk\u00e9pz\u00e9s<\/span><\/strong><br \/>\n<span style=\"color: #003366;\">Ford\u00edt\u00e1stechnika: magyar-spanyol<\/span><\/div>\n<div><span style=\"color: #003366;\">Spanyol nyelvhelyess\u00e9gi ismeretek<br \/>\nSzakford\u00edt\u00e1s magyar-spanyol<br \/>\n<\/span><\/div>\n<\/div>\n<\/div>\n","protected":false},"excerpt":{"rendered":"<p>Praefort Veronika nyelvtan\u00e1r vpraefort @ gmail.com fogad\u00f3\u00f3ra: szerda 11.30-12.30. 2025-26\/I. f\u00e9l\u00e9v (el\u0151zetes e-mailes egyeztet\u00e9s alapj\u00e1n) \u00c9letrajz vpraefort @ gmail.com Oktatott t\u00e1rgyak: Hispanisztika Tansz\u00e9k Gyakorlati spanyol nyelvtan Spanyol ford\u00edt\u00e1s \u00e9s sz\u00f6veg\u00e9rt\u00e9s Spanyol szakdidaktika &#8211; Az idegen nyelvek tan\u00edt\u00e1s\u00e1nak m\u00f3dszertana Spanyol szakdidaktika <a href=\"https:\/\/hispanisztikaszeged.hu\/?page_id=54\" class=\"read-more\">Read More &#8230;<\/a><\/p>\n","protected":false},"author":3,"featured_media":0,"parent":13,"menu_order":7,"comment_status":"closed","ping_status":"closed","template":"","meta":{"footnotes":""},"class_list":["post-54","page","type-page","status-publish","hentry"],"_links":{"self":[{"href":"https:\/\/hispanisztikaszeged.hu\/index.php?rest_route=\/wp\/v2\/pages\/54","targetHints":{"allow":["GET"]}}],"collection":[{"href":"https:\/\/hispanisztikaszeged.hu\/index.php?rest_route=\/wp\/v2\/pages"}],"about":[{"href":"https:\/\/hispanisztikaszeged.hu\/index.php?rest_route=\/wp\/v2\/types\/page"}],"author":[{"embeddable":true,"href":"https:\/\/hispanisztikaszeged.hu\/index.php?rest_route=\/wp\/v2\/users\/3"}],"replies":[{"embeddable":true,"href":"https:\/\/hispanisztikaszeged.hu\/index.php?rest_route=%2Fwp%2Fv2%2Fcomments&post=54"}],"version-history":[{"count":25,"href":"https:\/\/hispanisztikaszeged.hu\/index.php?rest_route=\/wp\/v2\/pages\/54\/revisions"}],"predecessor-version":[{"id":2700,"href":"https:\/\/hispanisztikaszeged.hu\/index.php?rest_route=\/wp\/v2\/pages\/54\/revisions\/2700"}],"up":[{"embeddable":true,"href":"https:\/\/hispanisztikaszeged.hu\/index.php?rest_route=\/wp\/v2\/pages\/13"}],"wp:attachment":[{"href":"https:\/\/hispanisztikaszeged.hu\/index.php?rest_route=%2Fwp%2Fv2%2Fmedia&parent=54"}],"curies":[{"name":"wp","href":"https:\/\/api.w.org\/{rel}","templated":true}]}}