{"id":52,"date":"2016-10-24T20:04:40","date_gmt":"2016-10-24T20:04:40","guid":{"rendered":"http:\/\/hispanisztikaszeged.hu\/wordpress\/?page_id=52"},"modified":"2025-10-13T14:32:43","modified_gmt":"2025-10-13T12:32:43","slug":"dr-jancso-katalin","status":"publish","type":"page","link":"https:\/\/hispanisztikaszeged.hu\/?page_id=52","title":{"rendered":"Dr. habil. Jancs\u00f3 Katalin"},"content":{"rendered":"<p><span style=\"color: #003366;\"><img loading=\"lazy\" decoding=\"async\" class=\"wp-image-241 size-thumbnail alignleft\" src=\"https:\/\/hispanisztikaszeged.hu\/wordpress\/wp-content\/uploads\/2016\/10\/jk-150x150.jpg\" alt=\"KONICA MINOLTA DIGITAL CAMERA\" width=\"150\" height=\"150\" \/><\/span><\/p>\n<p><span style=\"color: #003366;\">Dr. habil. Jancs\u00f3 Katalin<\/span><br \/>\n<span style=\"color: #003366;\"> egyetemi docens<\/span><br \/>\n<a href=\"mailto:jancso.katalin@szte.hu\"><span style=\"color: #003366;\"> jancso.katalin @ szte.hu<\/span><\/a><br \/>\n<span style=\"color: #003366;\"> fogad\u00f3\u00f3ra: h\u00e9tf\u0151 11.00-12.00. 2025-26\/I. f\u00e9l\u00e9v (el\u0151zetes e-mailes egyeztet\u00e9s alapj\u00e1n)<\/span><br \/>\n<span style=\"color: #003366;\"><strong><a style=\"color: #003366;\" href=\"https:\/\/hispanisztikaszeged.hu\/wp-content\/uploads\/2016\/10\/oneletrajz_Jancso_Katalin.doc\" target=\"_blank\" rel=\"noopener\">\u00d6n\u00e9letrajz<\/a><\/strong><\/span><br \/>\n<span style=\"color: #003366;\"> <a style=\"color: #003366;\" href=\"https:\/\/m2.mtmt.hu\/gui2\/?type=authors&amp;mode=browse&amp;sel=10030670&amp;view=simpleList\" target=\"_blank\" rel=\"noopener\"><strong>Publik\u00e1ci\u00f3s lista<\/strong><br \/>\n<\/a>Weboldal: <a style=\"color: #003366;\" href=\"http:\/\/www.azenperum.com\" target=\"_blank\" rel=\"noopener\">www.azenperum.wordpress.com<\/a><\/span><\/p>\n<p><span style=\"color: #003366;\">Oktatott t\u00e1rgyak:<\/span><\/p>\n<p><span style=\"color: #003366;\">Spanyol-Amerika t\u00f6rt\u00e9nete: az \u0151si Amerika \u00e9s a gyarmati korszak &#8211; Spanyol-amerikai tanulm\u00e1nyok specializ\u00e1ci\u00f3<\/span><\/p>\n<p><span style=\"color: #003366;\">Bev\u00e1ndorl\u00f3k a XIX-XX. sz\u00e1zadban &#8211; MA k\u00e9pz\u00e9s, Spanyol-amerikai tanulm\u00e1nyok specializ\u00e1ci\u00f3<\/span><\/p>\n<p><span style=\"color: #003366;\">A mai hisp\u00e1n vil\u00e1g 2. Spanyol-Amerika &#8211; MA k\u00e9pz\u00e9s <\/span><\/p>\n<p><span style=\"color: #003366;\">Amerika n\u00e9pei &#8211; MA k\u00e9pz\u00e9s, Spanyol-amerikai tanulm\u00e1nyok specializ\u00e1ci\u00f3<\/span><\/p>\n<p><span style=\"color: #003366;\">Spanyol-Amerika jelenkori politikat\u00f6rt\u00e9nete &#8211; Spanyol-amerikai tanulm\u00e1nyok specializ\u00e1ci\u00f3<\/span><\/p>\n<p><span style=\"color: #003366;\">A spanyol nyelv tan\u00edt\u00e1s\u00e1nak m\u00f3dszertana Spanyol tan\u00e1ri MA, osztatlan spanyol tan\u00e1rk\u00e9pz\u00e9s<\/span><\/p>\n<p><span style=\"color: #003366;\">Gazdas\u00e1gi szakford. magyar-spanyol &#8211; FTMA k\u00e9pz\u00e9s<\/span><\/p>\n<p><span style=\"color: #003366;\">Gazdas\u00e1gi szakford. spanyol-magyar &#8211; FTMA k\u00e9pz\u00e9s <\/span><\/p>\n<p><span style=\"color: #003366;\">Gazdas\u00e1gi terminol\u00f3gia &#8211; FTMA k\u00e9pz\u00e9s<\/span><\/p>\n<p><span style=\"color: #003366;\">A hisp\u00e1n vil\u00e1g t\u00f6rt\u00e9nete 2. Latin-Amerika &#8211; BA k\u00e9pz\u00e9s <\/span><\/p>\n<p><span style=\"color: #003366;\">Latin-Amerika m\u0171v\u00e9szett\u00f6rt\u00e9nete &#8211; MA k\u00e9pz\u00e9s<\/span><\/p>\n<p><span style=\"color: #003366;\">Interkultur\u00e1lis szeml\u00e9let a spanyol nyelv tan\u00edt\u00e1s\u00e1ban &#8211; spanyol tan\u00e1rk\u00e9pz\u00e9s <\/span><\/p>\n<p><span style=\"color: #003366;\">A kollabor\u00e1ci\u00f3s t\u00e9rrel, oktat\u00e1stechnikai innov\u00e1ci\u00f3val, mesters\u00e9ges intelligenci\u00e1val kapcsolatos gyakorlat &#8211; spanyol tan\u00e1rk\u00e9pz\u00e9s <\/span><\/p>\n<p><span style=\"color: #003366;\">Prezent\u00e1ci\u00f3s eszk\u00f6z\u00f6k a digit\u00e1lis t\u00e9rben &#8211; egyetemi szabadon v\u00e1laszthat\u00f3 kurzus<\/span><\/p>\n<p><span style=\"color: #003366;\"><strong><br \/>\n<\/strong><br \/>\n<\/span><\/p>\n<p><span style=\"color: #003366;\"><em><br \/>\n<\/em><em><br \/>\n<\/em><\/span><\/p>\n","protected":false},"excerpt":{"rendered":"<p>Dr. habil. Jancs\u00f3 Katalin egyetemi docens jancso.katalin @ szte.hu fogad\u00f3\u00f3ra: h\u00e9tf\u0151 11.00-12.00. 2025-26\/I. f\u00e9l\u00e9v (el\u0151zetes e-mailes egyeztet\u00e9s alapj\u00e1n) \u00d6n\u00e9letrajz Publik\u00e1ci\u00f3s lista Weboldal: www.azenperum.wordpress.com Oktatott t\u00e1rgyak: Spanyol-Amerika t\u00f6rt\u00e9nete: az \u0151si Amerika \u00e9s a gyarmati korszak &#8211; Spanyol-amerikai tanulm\u00e1nyok specializ\u00e1ci\u00f3 Bev\u00e1ndorl\u00f3k a <a href=\"https:\/\/hispanisztikaszeged.hu\/?page_id=52\" class=\"read-more\">Read More &#8230;<\/a><\/p>\n","protected":false},"author":3,"featured_media":0,"parent":13,"menu_order":6,"comment_status":"closed","ping_status":"closed","template":"","meta":{"footnotes":""},"class_list":["post-52","page","type-page","status-publish","hentry"],"_links":{"self":[{"href":"https:\/\/hispanisztikaszeged.hu\/index.php?rest_route=\/wp\/v2\/pages\/52","targetHints":{"allow":["GET"]}}],"collection":[{"href":"https:\/\/hispanisztikaszeged.hu\/index.php?rest_route=\/wp\/v2\/pages"}],"about":[{"href":"https:\/\/hispanisztikaszeged.hu\/index.php?rest_route=\/wp\/v2\/types\/page"}],"author":[{"embeddable":true,"href":"https:\/\/hispanisztikaszeged.hu\/index.php?rest_route=\/wp\/v2\/users\/3"}],"replies":[{"embeddable":true,"href":"https:\/\/hispanisztikaszeged.hu\/index.php?rest_route=%2Fwp%2Fv2%2Fcomments&post=52"}],"version-history":[{"count":29,"href":"https:\/\/hispanisztikaszeged.hu\/index.php?rest_route=\/wp\/v2\/pages\/52\/revisions"}],"predecessor-version":[{"id":2699,"href":"https:\/\/hispanisztikaszeged.hu\/index.php?rest_route=\/wp\/v2\/pages\/52\/revisions\/2699"}],"up":[{"embeddable":true,"href":"https:\/\/hispanisztikaszeged.hu\/index.php?rest_route=\/wp\/v2\/pages\/13"}],"wp:attachment":[{"href":"https:\/\/hispanisztikaszeged.hu\/index.php?rest_route=%2Fwp%2Fv2%2Fmedia&parent=52"}],"curies":[{"name":"wp","href":"https:\/\/api.w.org\/{rel}","templated":true}]}}