{"id":41,"date":"2016-10-24T20:03:07","date_gmt":"2016-10-24T20:03:07","guid":{"rendered":"http:\/\/hispanisztikaszeged.hu\/wordpress\/?page_id=41"},"modified":"2025-10-13T14:35:21","modified_gmt":"2025-10-13T12:35:21","slug":"dr-csikos-zsuzsanna","status":"publish","type":"page","link":"https:\/\/hispanisztikaszeged.hu\/?page_id=41","title":{"rendered":"Dr. Csik\u00f3s Zsuzsanna"},"content":{"rendered":"<p><img loading=\"lazy\" decoding=\"async\" class=\"alignleft wp-image-196 size-thumbnail\" src=\"https:\/\/hispanisztikaszeged.hu\/wordpress\/wp-content\/uploads\/2016\/10\/cszs-150x150.jpg\" alt=\"cszs\" width=\"150\" height=\"150\" \/><\/p>\n<p style=\"text-align: left;\"><span style=\"color: #003366;\"><strong>Dr. Csik\u00f3s Zsuzsanna<\/strong><br \/>\ntansz\u00e9kvezet\u0151 egyetemi docens<br \/>\n<a style=\"color: #003366;\" href=\"mailto:csikoszs@hist.u-szeged.hu\">csikoszs @ hist.u-szeged.hu<\/a><br \/>\nFogad\u00f3\u00f3ra: szerda 11.30-12.30.\u00a0 2025-26\/I. f\u00e9l\u00e9v (el\u0151zetes e-mailes egyeztet\u00e9s alapj\u00e1n)<br \/>\n<strong><a href=\"https:\/\/hispanisztikaszeged.hu\/wp-content\/uploads\/2025\/01\/CV_CsZs.docx\">\u00c9letrajz<\/a><\/strong><br \/>\n<a href=\"https:\/\/m2.mtmt.hu\/gui2\/?type=authors&amp;mode=browse&amp;sel=authors10022313\"><strong> Publik\u00e1ci\u00f3s lista<\/strong><\/a><\/span><\/p>\n<p><span style=\"color: #003366;\"><strong>Oktatott t\u00e1rgyak:<\/strong><\/span><\/p>\n<p><span style=\"color: #003366;\"><strong>Hispanisztika Tansz\u00e9k<\/strong><\/span><\/p>\n<p><span style=\"color: #003366;\">Spanyol-Amerika pr\u00f3zairodalma<\/span><br \/>\n<span style=\"color: #003366;\">Kort\u00e1rs spanyol sz\u00e9ppr\u00f3za<\/span><br \/>\n<span style=\"color: #003366;\">XX. sz\u00e1zadi hisp\u00e1n elbesz\u00e9l\u0151k<\/span><br \/>\n<span style=\"color: #003366;\">Magyar-hisp\u00e1n kapcsolatok t\u00f6rt\u00e9nete<\/span><br \/>\n<span style=\"color: #003366;\">Kr\u00f3nik\u00e1k \u00e9s kr\u00f3nik\u00e1sok az \u00dajvil\u00e1gban<\/span><br \/>\n<span style=\"color: #003366;\">Magyarok Latin-Amerik\u00e1ban<\/span><br \/>\n<span style=\"color: #003366;\">Mai Magyarorsz\u00e1g spanyolul<\/span><br \/>\n<span style=\"color: #003366;\">Bevezet\u00e9s a hisp\u00e1n irodalom- \u00e9s kult\u00faratudom\u00e1nyba<\/span><br \/>\n<span style=\"color: #003366;\">Az \u0151si \u00e9s a gyarmati Spanyol-Amerika<\/span><\/p>\n<p><span style=\"color: #003366;\"><strong>Ford\u00edt\u00f3- \u00e9s tolm\u00e1csk\u00e9pz\u00e9s<\/strong><\/span><br \/>\n<span style=\"color: #003366;\">Tolm\u00e1csol\u00e1stechnika spanyolr\u00f3l-magyarra<\/span><\/p>\n","protected":false},"excerpt":{"rendered":"<p>Dr. Csik\u00f3s Zsuzsanna tansz\u00e9kvezet\u0151 egyetemi docens csikoszs @ hist.u-szeged.hu Fogad\u00f3\u00f3ra: szerda 11.30-12.30.\u00a0 2025-26\/I. f\u00e9l\u00e9v (el\u0151zetes e-mailes egyeztet\u00e9s alapj\u00e1n) \u00c9letrajz Publik\u00e1ci\u00f3s lista Oktatott t\u00e1rgyak: Hispanisztika Tansz\u00e9k Spanyol-Amerika pr\u00f3zairodalma Kort\u00e1rs spanyol sz\u00e9ppr\u00f3za XX. sz\u00e1zadi hisp\u00e1n elbesz\u00e9l\u0151k Magyar-hisp\u00e1n kapcsolatok t\u00f6rt\u00e9nete Kr\u00f3nik\u00e1k \u00e9s kr\u00f3nik\u00e1sok <a href=\"https:\/\/hispanisztikaszeged.hu\/?page_id=41\" class=\"read-more\">Read More &#8230;<\/a><\/p>\n","protected":false},"author":3,"featured_media":0,"parent":13,"menu_order":2,"comment_status":"closed","ping_status":"closed","template":"","meta":{"footnotes":""},"class_list":["post-41","page","type-page","status-publish","hentry"],"_links":{"self":[{"href":"https:\/\/hispanisztikaszeged.hu\/index.php?rest_route=\/wp\/v2\/pages\/41","targetHints":{"allow":["GET"]}}],"collection":[{"href":"https:\/\/hispanisztikaszeged.hu\/index.php?rest_route=\/wp\/v2\/pages"}],"about":[{"href":"https:\/\/hispanisztikaszeged.hu\/index.php?rest_route=\/wp\/v2\/types\/page"}],"author":[{"embeddable":true,"href":"https:\/\/hispanisztikaszeged.hu\/index.php?rest_route=\/wp\/v2\/users\/3"}],"replies":[{"embeddable":true,"href":"https:\/\/hispanisztikaszeged.hu\/index.php?rest_route=%2Fwp%2Fv2%2Fcomments&post=41"}],"version-history":[{"count":32,"href":"https:\/\/hispanisztikaszeged.hu\/index.php?rest_route=\/wp\/v2\/pages\/41\/revisions"}],"predecessor-version":[{"id":2701,"href":"https:\/\/hispanisztikaszeged.hu\/index.php?rest_route=\/wp\/v2\/pages\/41\/revisions\/2701"}],"up":[{"embeddable":true,"href":"https:\/\/hispanisztikaszeged.hu\/index.php?rest_route=\/wp\/v2\/pages\/13"}],"wp:attachment":[{"href":"https:\/\/hispanisztikaszeged.hu\/index.php?rest_route=%2Fwp%2Fv2%2Fmedia&parent=41"}],"curies":[{"name":"wp","href":"https:\/\/api.w.org\/{rel}","templated":true}]}}