{"id":389,"date":"2016-10-31T13:08:49","date_gmt":"2016-10-31T13:08:49","guid":{"rendered":"http:\/\/hispanisztikaszeged.hu\/?page_id=389"},"modified":"2024-02-14T19:59:23","modified_gmt":"2024-02-14T18:59:23","slug":"conferencias-y-otros-eventos","status":"publish","type":"page","link":"https:\/\/hispanisztikaszeged.hu\/?page_id=389","title":{"rendered":"Conferencias y otros eventos"},"content":{"rendered":"<p><em><span style=\"color: #003366;\"><strong>XXX Aniversario del Departamento de Estudios Hisp\u00e1nicos<\/strong><\/span><\/em><\/p>\n<p><span style=\"color: #003366;\">Szeged, 17 de noviembre de 2023<\/span><\/p>\n<p><span style=\"color: #003366;\">Comit\u00e9 organizador: Tibor Berta, Zsuzsanna Csik\u00f3s, Eszter Katona, Andr\u00e1s L\u00e9n\u00e1rt, Katalin Jancs\u00f3, Veronika Praefort<\/span><\/p>\n<p><em><strong><span style=\"color: #003366;\">UN OC\u00c9ANO. DISTINTOS DESTINOS. Historia, literatura, cultura, lengua, sociedad y contactos econ\u00f3micos en el mundo hisp\u00e1nico en la \u00e9poca de Col\u00f3n, Nebrija y Magallanes y su actualidad en nuestros d\u00edas<\/span><\/strong><\/em><\/p>\n<p><span style=\"color: #003366;\">Szeged, 18-19, noviembre de 2022<\/span><\/p>\n<p>Convocatoria \/ Call for papers<\/p>\n<p><a href=\"https:\/\/issuu.com\/hispanisztikaszeged\/docs\/libro_resumen_un_oceano_distintos_destinos\" target=\"_blank\" rel=\"noopener\">Libro de res\u00famenes \/ Book of abstracts<\/a><\/p>\n<p><em><strong><span style=\"color: #003366;\">Coloquio internacional de hispanistas centroeuropeos<\/span><\/strong><\/em><\/p>\n<p><span style=\"color: #003366;\">Szeged, 12-13, noviembre de 2021<\/span><\/p>\n<p><strong><span style=\"color: #003366;\"><em>XIX Congreso de la Federaci\u00f3n Internacional de Estudios sobre Am\u00e9rica Latina y el Caribe<\/em><\/span><\/strong><\/p>\n<p><span style=\"color: #003366;\">Szeged, 24-28, junio de 2019\u00a0<\/span><\/p>\n<p><em><span style=\"color: #003366;\"><strong>Am\u00e9ricas transnacionales: hogar(es), fronteras y transgresiones<\/strong><\/span><\/em><\/p>\n<p><span style=\"color: #003366;\">Szeged, 16-18, noviembre de 2017<\/span><\/p>\n<p style=\"text-align: justify;\"><span style=\"color: #003366;\"><strong><em>Memorias de la guerra civil espa\u00f1ola. 1936-2016<\/em><\/strong><\/span><\/p>\n<p><span style=\"color: #003366;\"> Szeged, 13 de octubre de 2016<\/span><\/p>\n<p><span style=\"color: #003366;\"><em><strong>\u201cTRANSICIONES\u201d De la dictadura a la democracia<\/strong><\/em><em><br \/>\n<\/em>Szeged, 19-20. noviembre de 2016<\/span><br \/>\n<span style=\"color: #003366;\"> <a style=\"color: #003366;\" href=\"https:\/\/hispanisztikaszeged.hu\/wp-content\/uploads\/2016\/10\/Transiciones2.pdf\"><strong>Program<\/strong><\/a><strong>a<\/strong><\/span><\/p>\n<p><span style=\"color: #003366;\"><em><strong>Comunicaci\u00f3n y cultura en la Romania europea<\/strong><\/em><\/span><br \/>\n<span style=\"color: #003366;\"> Ruman\u00eda, Timisoara,\u00a0 24-25 de septiembre de 2013<\/span><br \/>\n<span style=\"color: #003366;\"> <strong>Informaciones<\/strong><\/span><\/p>\n<p><span style=\"color: #003366;\"><em><strong>Globalizaci\u00f3n, modernizaci\u00f3n, tradiciones. Memorias y herencia de Tibor Wittman (1923-1927)<\/strong><\/em><\/span><br \/>\n<span style=\"color: #003366;\"> Szeged, 24-26 de septiembre de 2012<\/span><br \/>\n<span style=\"color: #003366;\"><em><br \/>\n<strong>Tiempo y espacio. Europa\u2013Am\u00e9rica. Colaboraci\u00f3n interuniversitaria centroeuropea<br \/>\n<\/strong><\/em>Szeged, 11-12 de noviembre de 2011<\/span><br \/>\n<span style=\"color: #003366;\"> <strong><a href=\"https:\/\/hispanisztikaszeged.hu\/wp-content\/uploads\/2016\/10\/teridomh.pdf\">Programa<\/a><\/strong><\/span><\/p>\n<p><span style=\"color: #003366;\"><strong><em>Interpretaciones de la Independencia.<\/em><\/strong> <strong><em>Am\u00e9rica Latina. 1810-2010. Conferencia internacional para conmemorar el bicentenario de la guerra de independencia de Am\u00e9rica Latina <\/em><\/strong><em><br \/>\n<\/em>Szeged, 5-6 de noviembre de 2010<\/span><br \/>\n<span style=\"color: #003366;\"> <strong><a href=\"https:\/\/hispanisztikaszeged.hu\/wp-content\/uploads\/2016\/10\/Laf\u00fcggsp31.pdf\">Programa<\/a><\/strong><\/span><br \/>\n<span style=\"color: #003366;\"> <strong><em><br \/>\nGitanos en el mundo hisp\u00e1nico<\/em><\/strong><\/span><br \/>\n<span style=\"color: #003366;\"> Szeged, 30-31 de octubre de 2008<\/span><\/p>\n<p><span style=\"color: #003366;\"><em><strong>La revoluci\u00f3n h\u00fangara y el mundo hispano (1956).\u00a0 Sesi\u00f3n cient\u00edfica para conmemorar el 50 aniversario de la revoluci\u00f3n de 1956 <\/strong><\/em><\/span><br \/>\n<span style=\"color: #003366;\"> Szeged, 20 de octubre de 2006<\/span><\/p>\n<p><span style=\"color: #003366;\"><em><strong>Los jud\u00edos en el mundo ib\u00e9rico <\/strong><\/em><\/span><br \/>\n<span style=\"color: #003366;\"> Szeged, 7 de noviembre de 2003<\/span><\/p>\n<p><span style=\"color: #003366;\"><em><strong>Hungr\u00eda y el mundo hispano<\/strong><\/em><\/span><br \/>\n<span style=\"color: #003366;\"> Szeged, 3 de noviembre de 2000<\/span><\/p>\n<p><span style=\"color: #003366;\"><em><strong>Seminario sobre la Celestina en ocasi\u00f3n del 500 aniversario del nacimiento de la obra<\/strong><\/em><\/span><br \/>\n<span style=\"color: #003366;\"> Szeged, 5 de noviembre de 1999<\/span><\/p>\n","protected":false},"excerpt":{"rendered":"<p>XXX Aniversario del Departamento de Estudios Hisp\u00e1nicos Szeged, 17 de noviembre de 2023 Comit\u00e9 organizador: Tibor Berta, Zsuzsanna Csik\u00f3s, Eszter Katona, Andr\u00e1s L\u00e9n\u00e1rt, Katalin Jancs\u00f3, Veronika Praefort UN OC\u00c9ANO. DISTINTOS DESTINOS. Historia, literatura, cultura, lengua, sociedad y contactos econ\u00f3micos en <a href=\"https:\/\/hispanisztikaszeged.hu\/?page_id=389\" class=\"read-more\">Read More &#8230;<\/a><\/p>\n","protected":false},"author":3,"featured_media":0,"parent":161,"menu_order":0,"comment_status":"closed","ping_status":"closed","template":"","meta":{"footnotes":""},"class_list":["post-389","page","type-page","status-publish","hentry"],"_links":{"self":[{"href":"https:\/\/hispanisztikaszeged.hu\/index.php?rest_route=\/wp\/v2\/pages\/389","targetHints":{"allow":["GET"]}}],"collection":[{"href":"https:\/\/hispanisztikaszeged.hu\/index.php?rest_route=\/wp\/v2\/pages"}],"about":[{"href":"https:\/\/hispanisztikaszeged.hu\/index.php?rest_route=\/wp\/v2\/types\/page"}],"author":[{"embeddable":true,"href":"https:\/\/hispanisztikaszeged.hu\/index.php?rest_route=\/wp\/v2\/users\/3"}],"replies":[{"embeddable":true,"href":"https:\/\/hispanisztikaszeged.hu\/index.php?rest_route=%2Fwp%2Fv2%2Fcomments&post=389"}],"version-history":[{"count":14,"href":"https:\/\/hispanisztikaszeged.hu\/index.php?rest_route=\/wp\/v2\/pages\/389\/revisions"}],"predecessor-version":[{"id":2102,"href":"https:\/\/hispanisztikaszeged.hu\/index.php?rest_route=\/wp\/v2\/pages\/389\/revisions\/2102"}],"up":[{"embeddable":true,"href":"https:\/\/hispanisztikaszeged.hu\/index.php?rest_route=\/wp\/v2\/pages\/161"}],"wp:attachment":[{"href":"https:\/\/hispanisztikaszeged.hu\/index.php?rest_route=%2Fwp%2Fv2%2Fmedia&parent=389"}],"curies":[{"name":"wp","href":"https:\/\/api.w.org\/{rel}","templated":true}]}}