{"id":384,"date":"2016-10-31T13:07:38","date_gmt":"2016-10-31T13:07:38","guid":{"rendered":"http:\/\/hispanisztikaszeged.hu\/?page_id=384"},"modified":"2019-02-25T23:30:25","modified_gmt":"2019-02-25T22:30:25","slug":"hispanisztika-alapitvany","status":"publish","type":"page","link":"https:\/\/hispanisztikaszeged.hu\/?page_id=384","title":{"rendered":"Hispanisztika Alap\u00edtv\u00e1ny"},"content":{"rendered":"<p><img loading=\"lazy\" decoding=\"async\" class=\"wp-image-1303 size-medium alignleft\" src=\"https:\/\/hispanisztikaszeged.hu\/wp-content\/uploads\/2016\/10\/1_Primary_logo_on_transparent_338x64-e1550523742690-300x59.png\" alt=\"1_primary_logo_on_transparent_338x64\" width=\"300\" height=\"59\" srcset=\"https:\/\/hispanisztikaszeged.hu\/wp-content\/uploads\/2016\/10\/1_Primary_logo_on_transparent_338x64-e1550523742690-300x59.png 300w, https:\/\/hispanisztikaszeged.hu\/wp-content\/uploads\/2016\/10\/1_Primary_logo_on_transparent_338x64-e1550523742690.png 323w\" sizes=\"auto, (max-width: 300px) 100vw, 300px\" \/><\/p>\n<p>&nbsp;<\/p>\n<p>&nbsp;<\/p>\n<p><span style=\"color: #333333;\">K\u00f6zhaszn\u00fa alap\u00edtv\u00e1ny<\/span><br \/>\n<span style=\"color: #333333;\"> Kurat\u00f3rium eln\u00f6ke: Dr. Csik\u00f3s Zsuzsanna<\/span><br \/>\n<span style=\"color: #333333;\"> Kapcsolattart\u00f3 e-mail c\u00edme: csikoszs@hist.u-szeged.hu<\/span><br \/>\n<span style=\"color: #333333;\"> Alap\u00edtv\u00e1ny c\u00edme: 6722 Szeged, Pet\u0151fi sgt. 30-34.<\/span><br \/>\n<span style=\"color: #333333;\"> Az alap\u00edtv\u00e1ny nyilv\u00e1ntart\u00e1si sz\u00e1ma: 06-01-0001605<\/span><br \/>\n<span style=\"color: #333333;\"> Tel.: +36 (62) 544-148<\/span><br \/>\n<span style=\"color: #333333;\"> Ad\u00f3sz\u00e1m: 18656448-1-06<\/span><br \/>\n<span style=\"color: #333333;\"> Banksz\u00e1mlasz\u00e1m: 10700062-68994187-51100005<\/span><br \/>\n<span style=\"color: #333333;\"> Alakul\u00e1s \u00e9ve: 2015<\/span><\/p>\n<p style=\"text-align: justify;\"><span style=\"color: #333333;\"> Az alap\u00edtv\u00e1ny c\u00e9lja, hogy m\u0171k\u00f6d\u00e9s\u00e9vel t\u00e1mogassa a szegedi spanyol nyelvvel \u00e9s hisp\u00e1n kult\u00far\u00e1val \u00f6sszef\u00fcgg\u0151 tev\u00e9kenys\u00e9geket a k\u00f6z\u00e9p- \u00e9s fels\u0151fok\u00fa oktat\u00e1s, a tudom\u00e1nyos kutat\u00e1s \u00e9s a tudom\u00e1nyos ismeretterjeszt\u00e9s ter\u00fclet\u00e9n. Seg\u00edts\u00e9get ny\u00fajtson tudom\u00e1nyos konferenci\u00e1k \u00e9s szakmai-m\u00f3dszertani tov\u00e1bbk\u00e9pz\u00e9sek lebonyol\u00edt\u00e1s\u00e1hoz, szakmai kiadv\u00e1nyok megjelentet\u00e9s\u00e9hez valamint biztos\u00edtsa a tansz\u00e9k oktat\u00f3i valamint kiemelked\u0151 tanulm\u00e1nyi \u00e9s tudom\u00e1nyos tev\u00e9kenys\u00e9get folytat\u00f3 doktoranduszai \u00e9s hallgat\u00f3i sz\u00e1m\u00e1ra tudom\u00e1nyos konferenci\u00e1kon \u00e9s szakmai tov\u00e1bbk\u00e9pz\u00e9seken val\u00f3 r\u00e9szv\u00e9tel lehet\u0151s\u00e9g\u00e9t.<\/span><\/p>\n<p style=\"text-align: center;\"><span style=\"color: #333333;\">H\u00e1l\u00e1sak lenn\u00e9nk, ha \u00d6n\u00f6ket is t\u00e1mogat\u00f3ink k\u00f6z\u00f6tt tudhatn\u00e1nk. <\/span><\/p>\n<p style=\"text-align: center;\"><span style=\"color: #333333;\"><strong>K\u00e9rj\u00fck t\u00e1mogassa alap\u00edtv\u00e1nyunkat adom\u00e1ny\u00e1val vagy ad\u00f3ja 1%-\u00e1val.<\/strong><\/span><\/p>\n<p style=\"text-align: center;\"><img loading=\"lazy\" decoding=\"async\" class=\"alignnone size-full wp-image-1310\" src=\"https:\/\/hispanisztikaszeged.hu\/wp-content\/uploads\/2016\/10\/QR-Code.png\" alt=\"qr-code\" width=\"128\" height=\"128\" \/><\/p>\n<form action=\"https:\/\/www.paypal.com\/cgi-bin\/webscr\" method=\"post\" target=\"_top\">\n<input type=\"hidden\" name=\"cmd\" value=\"_s-xclick\" \/><br \/>\n<input type=\"hidden\" name=\"hosted_button_id\" value=\"55T8S6U6BKBNJ\" \/><br \/>\n<input type=\"image\" src=\"https:\/\/www.paypalobjects.com\/en_US\/i\/btn\/btn_donateCC_LG.gif\" border=\"0\" name=\"submit\" title=\"PayPal - The safer, easier way to pay online!\" alt=\"Donate with PayPal button\" \/><br \/>\n<img loading=\"lazy\" decoding=\"async\" alt=\"\" border=\"0\" src=\"https:\/\/www.paypal.com\/en_HU\/i\/scr\/pixel.gif\" width=\"1\" height=\"1\" \/><br \/>\n<\/form>\n","protected":false},"excerpt":{"rendered":"<p>&nbsp; &nbsp; K\u00f6zhaszn\u00fa alap\u00edtv\u00e1ny Kurat\u00f3rium eln\u00f6ke: Dr. Csik\u00f3s Zsuzsanna Kapcsolattart\u00f3 e-mail c\u00edme: csikoszs@hist.u-szeged.hu Alap\u00edtv\u00e1ny c\u00edme: 6722 Szeged, Pet\u0151fi sgt. 30-34. Az alap\u00edtv\u00e1ny nyilv\u00e1ntart\u00e1si sz\u00e1ma: 06-01-0001605 Tel.: +36 (62) 544-148 Ad\u00f3sz\u00e1m: 18656448-1-06 Banksz\u00e1mlasz\u00e1m: 10700062-68994187-51100005 Alakul\u00e1s \u00e9ve: 2015 Az alap\u00edtv\u00e1ny c\u00e9lja, hogy <a href=\"https:\/\/hispanisztikaszeged.hu\/?page_id=384\" class=\"read-more\">Read More &#8230;<\/a><\/p>\n","protected":false},"author":3,"featured_media":0,"parent":7,"menu_order":2,"comment_status":"closed","ping_status":"closed","template":"","meta":{"footnotes":""},"class_list":["post-384","page","type-page","status-publish","hentry"],"_links":{"self":[{"href":"https:\/\/hispanisztikaszeged.hu\/index.php?rest_route=\/wp\/v2\/pages\/384","targetHints":{"allow":["GET"]}}],"collection":[{"href":"https:\/\/hispanisztikaszeged.hu\/index.php?rest_route=\/wp\/v2\/pages"}],"about":[{"href":"https:\/\/hispanisztikaszeged.hu\/index.php?rest_route=\/wp\/v2\/types\/page"}],"author":[{"embeddable":true,"href":"https:\/\/hispanisztikaszeged.hu\/index.php?rest_route=\/wp\/v2\/users\/3"}],"replies":[{"embeddable":true,"href":"https:\/\/hispanisztikaszeged.hu\/index.php?rest_route=%2Fwp%2Fv2%2Fcomments&post=384"}],"version-history":[{"count":21,"href":"https:\/\/hispanisztikaszeged.hu\/index.php?rest_route=\/wp\/v2\/pages\/384\/revisions"}],"predecessor-version":[{"id":2345,"href":"https:\/\/hispanisztikaszeged.hu\/index.php?rest_route=\/wp\/v2\/pages\/384\/revisions\/2345"}],"up":[{"embeddable":true,"href":"https:\/\/hispanisztikaszeged.hu\/index.php?rest_route=\/wp\/v2\/pages\/7"}],"wp:attachment":[{"href":"https:\/\/hispanisztikaszeged.hu\/index.php?rest_route=%2Fwp%2Fv2%2Fmedia&parent=384"}],"curies":[{"name":"wp","href":"https:\/\/api.w.org\/{rel}","templated":true}]}}