{"id":290,"date":"2016-10-27T20:50:16","date_gmt":"2016-10-27T20:50:16","guid":{"rendered":"http:\/\/hispanisztikaszeged.hu\/wordpress\/?page_id=290"},"modified":"2026-04-20T08:56:53","modified_gmt":"2026-04-20T06:56:53","slug":"programa-erasmus","status":"publish","type":"page","link":"https:\/\/hispanisztikaszeged.hu\/?page_id=290","title":{"rendered":"Programas ofrecidos para estudiantes extranjeros (Erasmus, CEEPUS, Stipendium Hungaricum)"},"content":{"rendered":"<h3 style=\"text-align: justify;\"><span style=\"color: #003366;\">ERASMUS y CEEPUS<\/span><\/h3>\n<p style=\"font-weight: 400; text-align: justify;\"><span style=\"color: #003366;\">Nuestro departamento ofrece\u00a0<strong>cursos en el Grado en estudios rom\u00e1nicos (especializaci\u00f3n en espa\u00f1ol), en el M\u00e1ster en lengua, literatura y cultura hisp\u00e1nicas y en el\u00a0\u00a0Programa\u00a0<em>minor<\/em>\u00a0de estudios catalanes\u00a0<\/strong>para estudiantes extranjeros de movilidad internacional (<strong>CEEPUS y ERASMUS<\/strong>).<\/span><\/p>\n<p style=\"font-weight: 400; text-align: justify;\"><span style=\"color: #003366;\">El Departamento de Estudios Hisp\u00e1nicos tiene contactos oficiales basados en convenios Erasmus con las siguientes universidades:\u00a0Universidad de Alicante, Universitat de Barcelona,\u00a0Univerzita Mateja Bela v Banskej Bystrici,\u00a0Universit\u00e0 degli Studi di Cagliari, Universidade da Coru\u00f1a, Universidad de Huelva, Universidad de Ja\u00e9n, Uniwersytet Im. Adama Mickiewicza,\u00a0\u00a0Universitatea din Oradea, Universidad de Oviedo,\u00a0Universidad del Pa\u00eds Vasco \/ Euskal Herriko Unibertsitatea, Universit\u00e0 Roma Tre, Universitat Rovira i Virgili, Universidad de Salamanca,\u00a0Universidad de Sevilla.<\/span><\/p>\n<p style=\"font-weight: 400; text-align: justify;\"><span style=\"color: #003366;\">El Departamento de Estudios Hisp\u00e1nicos tambi\u00e9n forma parte de dos redes de universidades creadas en el programa\u00a0<strong>CEEPUS<\/strong>\u00a0<em>(Central European Exchange Program for University Studies)<\/em>: la R<em>ed de Hispanistas de Europa Central\u00a0<\/em>coordinada por La Universidad de Oeste de Timisoara y la red\u00a0<em>Inter-American Studies<\/em>\u00a0coordinada por la Universidad de Graz. El programa ofrece movilidad estudiantil y docente entre las universidades miembros.<\/span><\/p>\n<p style=\"font-weight: 400;\"><span style=\"color: #003366;\">M\u00e1s informaci\u00f3n sobre los programas Erasmus y CEEPUS:<\/span><\/p>\n<p><span style=\"color: #003366;\"><a style=\"color: #003366;\" href=\"http:\/\/www2.u-szeged.hu\/erasmus\/eindex.html\" target=\"_blank\" rel=\"noopener\">http:\/\/www2.u-szeged.hu\/erasmus\/eindex.html<\/a><\/span><\/p>\n<p style=\"font-weight: 400;\"><span style=\"color: #003366;\"><a style=\"color: #003366;\" href=\"https:\/\/www.ceepus.info\/#nbb\" target=\"_blank\" rel=\"noopener\" data-saferedirecturl=\"https:\/\/www.google.com\/url?q=https:\/\/www.ceepus.info\/%23nbb&amp;source=gmail&amp;ust=1547322517829000&amp;usg=AFQjCNF1-__I6wZ1vajUbHAIw8zkdyoJBA\">https:\/\/www.ceepus.info\/#nbb<\/a><\/span><\/p>\n<p style=\"font-weight: 400;\"><span style=\"color: #003366;\"><a style=\"color: #003366;\" href=\"https:\/\/redhispanistaseuropacentral.wordpress.com\/\" target=\"_blank\" rel=\"noopener\" data-saferedirecturl=\"https:\/\/www.google.com\/url?q=https:\/\/redhispanistaseuropacentral.wordpress.com\/&amp;source=gmail&amp;ust=1547322517829000&amp;usg=AFQjCNErt09i41p9ETVX2wVPMVGlL3kxzA\">https:\/\/redhispanistaseuropacentral.wordpress.com\/<\/a><\/span><\/p>\n<p style=\"text-align: justify;\"><span style=\"color: #003366;\">Haga click <a style=\"color: #003366;\" href=\"http:\/\/www.arts.u-szeged.hu\/karok\/spanish-studies-in\/filologia-espanola-ba\" target=\"_blank\" rel=\"noopener\">aqu\u00ed<\/a> para ver la descripci\u00f3n del Grado en estudios rom\u00e1nicos (especializaci\u00f3n en espa\u00f1ol)<\/span><\/p>\n<p style=\"text-align: justify;\"><span style=\"color: #003366;\">Haga click <a style=\"color: #003366;\" href=\"http:\/\/www.arts.u-szeged.hu\/english\/spanish-studies-in\/lengua-literatura\" target=\"_blank\" rel=\"noopener\">aqu\u00ed<\/a> para ver la descripci\u00f3n del M\u00e1ster en lengua, literatura y cultura hisp\u00e1nicas<\/span><\/p>\n<p style=\"text-align: justify;\"><em><span style=\"color: #003366;\">Planes de estudios de los programas con los cursos ofrecidos para los estudiantes extranjeros:<\/span><br \/>\n<\/em><span style=\"color: #003366;\"><a style=\"color: #003366;\" href=\"https:\/\/hispanisztikaszeged.hu\/wp-content\/uploads\/2016\/10\/Grado-en-rom\u00e1nicas_especializaci\u00f3n-en-espa\u00f1ol-2019.pdf\">Grado en estudios rom\u00e1nicos (especializaci\u00f3n en espa\u00f1ol) 2018<\/a>, <a style=\"color: #003366;\" href=\"https:\/\/hispanisztikaszeged.hu\/wp-content\/uploads\/2016\/10\/Grado-en-romanicas_especializacion-en-espanol-2022-1.docx\">2022,<\/a> <a href=\"https:\/\/hispanisztikaszeged.hu\/wp-content\/uploads\/2025\/09\/Grado-en-romanicas_especializacion-en-espanol-2024.docx\">2024<\/a><br \/>\n<a style=\"color: #003366;\" href=\"https:\/\/hispanisztikaszeged.hu\/wp-content\/uploads\/2016\/10\/M\u00e1ster-en-lengua-literatura-y-cultura-espa\u00f1olas-2018.docx\">M\u00e1ster en lengua, literatura y cultura hisp\u00e1nicas<\/a>, <a href=\"https:\/\/hispanisztikaszeged.hu\/wp-content\/uploads\/2025\/09\/MA_Lengua-literatura-y-cultura-espanolas-2025.docx\">2025<\/a><br \/>\n<a style=\"color: #003366;\" href=\"https:\/\/hispanisztikaszeged.hu\/wp-content\/uploads\/2016\/10\/Minor-destudis-catalans_2018.pdf\">Programa minor d&#8217;estudis catalans 2018<\/a> <a style=\"color: #003366;\" href=\"https:\/\/hispanisztikaszeged.hu\/wp-content\/uploads\/2016\/10\/Minor-destudis-catalans_2023.docx\">2023<\/a><\/span><\/p>\n<p><span style=\"color: #003366;\"><strong>Los requsitos formales del trabajo fin de grado y m\u00e1ster se pueden encontrar <a href=\"https:\/\/hispanisztikaszeged.hu\/wp-content\/uploads\/2016\/10\/Requisitos_tesis_ES_2023.pdf\" target=\"_blank\" rel=\"noopener\">aqu\u00ed<\/a>.<\/strong><\/span><\/p>\n<p style=\"text-align: justify;\"><span style=\"color: #003366;\"><em>El listado de cursos ofrecidos<\/em> por el Departamento de Estudios Hisp\u00e1nicos para estudiantes extranjeros de movilidad se pueden encontrar <strong><a href=\"https:\/\/hispanisztikaszeged.hu\/wp-content\/uploads\/2025\/05\/cursos_erasmus_2526.docx\">aqu\u00ed<\/a><\/strong>.<\/span><\/p>\n<h4><span style=\"color: #003366;\">A\u00f1o acad\u00e9mico 2024-2025<br \/>\n<\/span><\/h4>\n<div>\n<p><span style=\"color: #003366;\"><em>Semestre 1 (oto\u00f1o)<\/em><\/span><\/p>\n<\/div>\n<p><span style=\"color: #003366;\"> <a style=\"color: #003366;\" href=\"https:\/\/hispanisztikaszeged.hu\/wp-content\/uploads\/2020\/04\/Breve-historia-lengua-de-la-lengua-catalana-ea-BT.docx\">Breve historia de la lengua catalana<\/a><br \/>\n<a style=\"color: #003366;\" href=\"https:\/\/hispanisztikaszeged.hu\/wp-content\/uploads\/2020\/04\/Cap\u00edtulos-de-la-prosa-hispanoamericana.docx\">Cap\u00edtulos de la prosa hispoanoamericana<br \/>\n<\/a><a style=\"color: #003366;\" href=\"https:\/\/hispanisztikaszeged.hu\/wp-content\/uploads\/2020\/04\/Cr\u00f3nicas-y-cronistas-del-Nuevo-Mundo.docx\">Cr\u00f3nicas y cronistas del Nuevo Mundo<\/a><br \/>\n<a style=\"color: #003366;\" href=\"https:\/\/hispanisztikaszeged.hu\/wp-content\/uploads\/2020\/04\/Cuestiones-actuales_ea_BT.docx\">Cuestiones actuales de la ling\u00fc\u00edstica espa\u00f1ola<br \/>\n<\/a><a style=\"color: #003366;\" href=\"https:\/\/hispanisztikaszeged.hu\/wp-content\/uploads\/2020\/04\/El-mundo-hisp\u00e1nico-actual-I-Espana.doc\">El mundo hisp\u00e1nico actual I (Espa\u00f1a)<\/a><a style=\"color: #003366;\" href=\"https:\/\/hispanisztikaszeged.hu\/wp-content\/uploads\/2020\/04\/Cuestiones-actuales_ea_BT.docx\"><br \/>\n<\/a><a style=\"color: #003366;\" href=\"https:\/\/hispanisztikaszeged.hu\/wp-content\/uploads\/2020\/04\/Espana-y-Hungr\u00eda-en-la-Uni\u00f3n-Europea.docx\">Espa\u00f1a y Hungr\u00eda en la Uni\u00f3n Europea<br \/>\n<\/a><a style=\"color: #003366;\" href=\"https:\/\/hispanisztikaszeged.hu\/wp-content\/uploads\/2016\/10\/Fonetica_nuevo_BT.docx\">Fon\u00e9tica, fonolog\u00eda y ortograf\u00eda del espa\u00f1ol<\/a><a style=\"color: #003366;\" href=\"https:\/\/hispanisztikaszeged.hu\/wp-content\/uploads\/2020\/04\/RelacionesHE.docx\"><br \/>\n<\/a><a style=\"color: #003366;\" href=\"https:\/\/hispanisztikaszeged.hu\/wp-content\/uploads\/2020\/04\/Historia-de-Espana.doc\">Historia de Espa\u00f1a<\/a><a style=\"color: #003366;\" href=\"https:\/\/hispanisztikaszeged.hu\/wp-content\/uploads\/2020\/04\/RelacionesHE.docx\"><br \/>\n<\/a><a style=\"color: #003366;\" href=\"https:\/\/hispanisztikaszeged.hu\/wp-content\/uploads\/2020\/04\/Literatura_espanola-del-siglo-XX.docx\">Historia de la literatura espa\u00f1ola del siglo XX<\/a><br \/>\n<a style=\"color: #003366;\" href=\"https:\/\/hispanisztikaszeged.hu\/wp-content\/uploads\/2016\/10\/RelacionesHH.docx\">Historia de las relaciones h\u00fangaro-hisp\u00e1nicas<br \/>\n<\/a><a style=\"color: #003366;\" href=\"https:\/\/hispanisztikaszeged.hu\/wp-content\/uploads\/2021\/05\/Historia_del_teatro_espanol.doc\">Historia del teatro espa\u00f1ol<br \/>\n<\/a>Historia del arte del mundo hispano<br \/>\n<a style=\"color: #003366;\" href=\"https:\/\/hispanisztikaszeged.hu\/wp-content\/uploads\/2020\/04\/Introducci\u00f3n-a-la-ling\u00fc\u00edstica-rom\u00e1nica_ea_BT.docx\">Introducci\u00f3n a la ling\u00fc\u00edstica rom\u00e1nica hist\u00f3rico-comparada<\/a><a style=\"color: #003366;\" href=\"https:\/\/hispanisztikaszeged.hu\/wp-content\/uploads\/2020\/04\/Historia-del-teatro-espanol.doc\"><br \/>\n<\/a><a style=\"color: #003366;\" href=\"https:\/\/hispanisztikaszeged.hu\/wp-content\/uploads\/2020\/04\/Diversidad_ea_BT.docx\">La diversidad ling\u00fc\u00edstica en el espa\u00f1ol de hoy<br \/>\n<\/a><\/span><span style=\"color: #003366;\"><a style=\"color: #003366;\" href=\"https:\/\/hispanisztikaszeged.hu\/wp-content\/uploads\/2016\/10\/Pueblos_de_America_JK.docx\">Los pueblos de Am\u00e9rica<\/a><br \/>\n<a style=\"color: #003366;\" href=\"https:\/\/hispanisztikaszeged.hu\/wp-content\/uploads\/2020\/04\/Lengua-catalana-para-principiantes.docx\"><del>Lengua catalana para principiantes<\/del><br \/>\n<\/a><a href=\"https:\/\/hispanisztikaszeged.hu\/wp-content\/uploads\/2024\/10\/Perifrasis_verbales_de_las_lenguas_iberorromanicas.docx\">Per\u00edfrases verbales en las lenguas iberorrom\u00e1nicas<\/a><br \/>\n<a style=\"color: #003366;\" href=\"https:\/\/hispanisztikaszeged.hu\/wp-content\/uploads\/2021\/05\/Relaciones_interamericanas.doc\">Relaciones interamericanas<\/a><\/span><\/p>\n<div><\/div>\n<div>\n<p><em><span style=\"color: #003366;\">Semestre 2 (primavera)<\/span><\/em><\/p>\n<\/div>\n<p><span style=\"color: #003366;\"><a style=\"color: #003366;\" href=\"https:\/\/hispanisztikaszeged.hu\/wp-content\/uploads\/2016\/10\/Analisis_filologico_de_textos_medievales_BT.docx\"><del>An\u00e1lisis filol\u00f3gico de textos medievales<\/del><\/a><a style=\"color: #003366;\" href=\"https:\/\/hispanisztikaszeged.hu\/wp-content\/uploads\/2020\/04\/Cuentos_hispanos.docx\"><br \/>\nCuentos hispanos<\/a><br \/>\n<a style=\"color: #003366;\" href=\"https:\/\/hispanisztikaszeged.hu\/wp-content\/uploads\/2020\/04\/Cine.doc\">El cine del mundo hisp\u00e1nico<\/a><br \/>\n<a style=\"color: #003366;\" href=\"https:\/\/hispanisztikaszeged.hu\/wp-content\/uploads\/2020\/04\/El_mundo_hispanico_de_hoy_Hispanoam.docx\">El mundo hisp\u00e1nico de hoy 2 (Hispanoam\u00e9rica)<\/a><br \/>\n<a style=\"color: #003366;\" href=\"https:\/\/hispanisztikaszeged.hu\/wp-content\/uploads\/2020\/04\/Romanticismo-y-realismo.docx\">El romanticismo y realismo en Espa\u00f1a<\/a><br \/>\n<a style=\"color: #003366;\" href=\"https:\/\/hispanisztikaszeged.hu\/wp-content\/uploads\/2021\/05\/Emigracion.docx\">Emigraci\u00f3n a Hispanoam\u00e9rica<\/a><br \/>\n<a style=\"color: #003366;\" href=\"https:\/\/hispanisztikaszeged.hu\/wp-content\/uploads\/2020\/04\/Gram\u00e1tica-hist\u00f3rica-BT.docx\">Gram\u00e1tica hist\u00f3rica espa\u00f1ola<\/a><br \/>\n<a style=\"color: #003366;\" href=\"https:\/\/hispanisztikaszeged.hu\/wp-content\/uploads\/2021\/11\/Historia_breve_dela_lengua_espanola.docx\">Historia breve de la lengua espa\u00f1ola<\/a><br \/>\n<a style=\"color: #003366;\" href=\"https:\/\/hispanisztikaszeged.hu\/wp-content\/uploads\/2020\/04\/Historia-de-Hispanoam\u00e9rica.docx\">Historia de Hispanoam\u00e9rica<\/a><br \/>\n<a style=\"color: #003366;\" href=\"https:\/\/hispanisztikaszeged.hu\/wp-content\/uploads\/2016\/10\/Hungria_en_espanol.docx\">Hungr\u00eda en espa\u00f1ol<\/a><br \/>\n<a style=\"color: #003366;\" href=\"https:\/\/hispanisztikaszeged.hu\/wp-content\/uploads\/2020\/04\/Introduccion-a-la-pragmatica-BT.docx\">Introducci\u00f3n a la pragm\u00e1tica<\/a><br \/>\n<a style=\"color: #003366;\" href=\"https:\/\/hispanisztikaszeged.hu\/wp-content\/uploads\/2020\/04\/Literatura-del-Siglo-de-Oro.docx\">Literatura espa\u00f1ola en la edad de oro<\/a><\/span><br \/>\n<span style=\"color: #003366;\"><a style=\"color: #003366;\" href=\"https:\/\/hispanisztikaszeged.hu\/wp-content\/uploads\/2016\/10\/Morfosintaxis_ea_BT.docx\">Morfosintaxis del espa\u00f1ol<\/a><br \/>\n<a style=\"color: #003366;\" href=\"https:\/\/hispanisztikaszeged.hu\/wp-content\/uploads\/2020\/04\/Narrativa_hispanoamericana.docx\">Narrativa hispanoamericana del siglo XX<\/a>\u00a0<\/span><\/p>\n<p><span style=\"color: #003366;\"><br \/>\n<strong>El coordinador CEEPUS del Departamento es el Dr. Tibor Berta, profesor titular habilitado, e-mail: tberta @ hist.u-szeged.hu<\/strong><\/span><\/p>\n<p><span style=\"color: #003366;\"><strong>El coordinador ERASMUS del Departamento es el Dr. Andr\u00e1s L\u00e9n\u00e1rt, profesor titular habilitado, e-mail: lenarta @ hist.u-szeged.hu<\/strong><br \/>\n<\/span><span style=\"color: #003366;\"><strong>\u00a0<\/strong><\/span><\/p>\n<h3><span style=\"color: #003366;\">STIPENDIUM HUNGARICUM<\/span><\/h3>\n<p style=\"text-align: justify;\"><span style=\"color: #003366;\">Nuestro Departamento ofrece sus programas de grado y m\u00e1ster para becarios de Stipendium Hungaricum, un programa de becas lanzado por el Gobierno de Hungr\u00eda en 2013.\u00a0Sobre las becas y los requisitos de solicitudes se puede encontrar informaci\u00f3n en <a style=\"color: #003366;\" href=\"https:\/\/www.u-szeged.hu\/stipendium-hungaricum\" target=\"_blank\" rel=\"noopener\">este enlace<\/a>.<\/span><\/p>\n<p><strong><span style=\"color: #003366;\">Coordinador del programa Stipendium Hungaricum: Dr. Tibor Berta, email: <a href=\"mailto:tberta@hist.u-szeged.hu\">tberta @ hist.u-szeged.hu<\/a><\/span><\/strong><\/p>\n","protected":false},"excerpt":{"rendered":"<p>ERASMUS y CEEPUS Nuestro departamento ofrece\u00a0cursos en el Grado en estudios rom\u00e1nicos (especializaci\u00f3n en espa\u00f1ol), en el M\u00e1ster en lengua, literatura y cultura hisp\u00e1nicas y en el\u00a0\u00a0Programa\u00a0minor\u00a0de estudios catalanes\u00a0para estudiantes extranjeros de movilidad internacional (CEEPUS y ERASMUS). El Departamento de <a href=\"https:\/\/hispanisztikaszeged.hu\/?page_id=290\" class=\"read-more\">Read More &#8230;<\/a><\/p>\n","protected":false},"author":3,"featured_media":0,"parent":161,"menu_order":0,"comment_status":"closed","ping_status":"closed","template":"","meta":{"footnotes":""},"class_list":["post-290","page","type-page","status-publish","hentry"],"_links":{"self":[{"href":"https:\/\/hispanisztikaszeged.hu\/index.php?rest_route=\/wp\/v2\/pages\/290","targetHints":{"allow":["GET"]}}],"collection":[{"href":"https:\/\/hispanisztikaszeged.hu\/index.php?rest_route=\/wp\/v2\/pages"}],"about":[{"href":"https:\/\/hispanisztikaszeged.hu\/index.php?rest_route=\/wp\/v2\/types\/page"}],"author":[{"embeddable":true,"href":"https:\/\/hispanisztikaszeged.hu\/index.php?rest_route=\/wp\/v2\/users\/3"}],"replies":[{"embeddable":true,"href":"https:\/\/hispanisztikaszeged.hu\/index.php?rest_route=%2Fwp%2Fv2%2Fcomments&post=290"}],"version-history":[{"count":85,"href":"https:\/\/hispanisztikaszeged.hu\/index.php?rest_route=\/wp\/v2\/pages\/290\/revisions"}],"predecessor-version":[{"id":2803,"href":"https:\/\/hispanisztikaszeged.hu\/index.php?rest_route=\/wp\/v2\/pages\/290\/revisions\/2803"}],"up":[{"embeddable":true,"href":"https:\/\/hispanisztikaszeged.hu\/index.php?rest_route=\/wp\/v2\/pages\/161"}],"wp:attachment":[{"href":"https:\/\/hispanisztikaszeged.hu\/index.php?rest_route=%2Fwp%2Fv2%2Fmedia&parent=290"}],"curies":[{"name":"wp","href":"https:\/\/api.w.org\/{rel}","templated":true}]}}