{"id":284,"date":"2016-10-27T20:44:14","date_gmt":"2016-10-27T20:44:14","guid":{"rendered":"http:\/\/hispanisztikaszeged.hu\/wordpress\/?page_id=284"},"modified":"2016-10-28T09:18:47","modified_gmt":"2016-10-28T09:18:47","slug":"historia-del-departamento","status":"publish","type":"page","link":"https:\/\/hispanisztikaszeged.hu\/?page_id=284","title":{"rendered":"Historia del departamento"},"content":{"rendered":"<p style=\"text-align: justify;\"><span style=\"color: #003366;\">El <strong>Departamento de Estudios Hisp\u00e1nicos<\/strong> naci\u00f3 en 1993 bajo la direcci\u00f3n del profesor Dr. \u00c1d\u00e1m Anderle. Entre los fundadores encontramos a la profesora Dra. \u00c1gnes T\u00f3th y la profesora Dra. M\u00e1ria Dornbach. La denominaci\u00f3n \u201cDepartamento de Estudios Hisp\u00e1nicos\u201d indicaba que no\u00a0 se establec\u00eda aqu\u00ed un nuevo departamento de filolog\u00eda extranjera, t\u00edpico y parecido a los otros ya existentes: el fondo cient\u00edfico y una parte del personal docente proven\u00eda del c\u00edrculo de los numerosos historiadores latinoamericanistas de Szeged. As\u00ed, ya exist\u00edan los cimientos para la formaci\u00f3n de alta calidad de fil\u00f3logos hispanistas y profesores de lengua, con buen conocimiento en los temas de la civilizaci\u00f3n hispana. Es el m\u00e9rito incuestionable del profesor Anderle, fundador y director del Departamento durante 15 a\u00f1os, que logr\u00f3 establecer el equilibrio entre las diferentes \u00e1reas cient\u00edficas y convirti\u00f3 el Departamento de Estudios Hisp\u00e1nicos de Szeged en un centro moderno de formaci\u00f3n de fil\u00f3logos y profesores.<\/span><\/p>\n<p style=\"text-align: justify;\"><span style=\"color: #003366;\"> El Departamento de Estudios Hisp\u00e1nicos era responsable no solamente de la formaci\u00f3n de fil\u00f3logos y profesores de espa\u00f1ol y de la formaci\u00f3n minor de cultura hisp\u00e1nica, sino que se incorpor\u00f3 tambi\u00e9n inmediatamente a la actividad cient\u00edfica de la Escuela de Doctorado en Historia. En 1996 se puso en marcha el programa de especializaci\u00f3n en la lengua, literatura y cultura catalanas. Entre 1999 y 2002 nuestro Departamento albergaba el Grupo de Investigaci\u00f3n de Estudios Hisp\u00e1nicos de la Academia de Ciencias H\u00fangara, especializado en el tema de las relaciones entre Espa\u00f1a y Hungr\u00eda.<\/span><\/p>\n<p style=\"text-align: justify;\"><span style=\"color: #003366;\"> A comienzos del nuevo milenio nuestras formaciones se modificaron al integrarse en el nuevo sistema educativo del Proceso de Bolonia. En 2006 se inici\u00f3 la especialidad en filolog\u00eda hisp\u00e1nica dentro de la formaci\u00f3n de filolog\u00eda rom\u00e1nica, junto con nuestros programas remodelados y uniformizados de 50 cr\u00e9ditos, la formaci\u00f3n minor de cultura hisp\u00e1nica, la especializaci\u00f3n en estudios hispanoamericanos enfocada en las ciencias sociales y la especializaci\u00f3n en catal\u00e1n renovada. El nuevo curr\u00edculo se complet\u00f3 en 2009 con los programas de M\u00e1ster en filolog\u00eda hisp\u00e1nica y en ense\u00f1anza del espa\u00f1ol como lengua extranjera. En 2007 se cre\u00f3 nuestro propio lectorado de catal\u00e1n, mientras que en 2012, con la ayuda del Instituto Etxepare, naci\u00f3 el lectorado de euskera que realiza su trabajo a tiempo parcial. Desde 2010 participamos en la actividad cient\u00edfica de la Escuela de Doctorado en Ling\u00fc\u00edstica. En septiembre de 2013 nos hemos incorporado a la formaci\u00f3n de M\u00e1ster de interpretaci\u00f3n y traducci\u00f3n, y hemos iniciado la formaci\u00f3n de profesores de espa\u00f1ol seg\u00fan el nuevo programa de seis a\u00f1os introducido recientemente a nivel nacional.<\/span><\/p>\n<p><span style=\"color: #003366;\"> Con el Departamento de Estudios Americanos hemos\u00a0creado El Centro de Estudios Interamericanos en 2015. Como resultado de esta colaboraci\u00f3n, ya se han publicado varios tomos y estamos prepar\u00e1ndonos para nuestro primer congreso internacional interamericano que se organizar\u00e1 en noviembre de 2017.<\/span><\/p>\n<p><span style=\"color: #003366;\"> En las \u00faltimas dos d\u00e9cadas m\u00e1s de 400 alumnos de la carrera de filolog\u00eda hisp\u00e1nica o de estudios hisp\u00e1nicos se han licenciado o diplomado en nuestro Departamento. Unos 35 alumnos nuestros participaron en los congresos nacionales del C\u00edrculo Cient\u00edfico de Estudiantes, de los cuales nueve obtuvieron puestos importantes o premios especiales.<\/span><\/p>\n<p style=\"text-align: justify;\"><span style=\"color: #003366;\"> Se han doctorado 23 alumnos en el programa de doctorado titulado La historia del mundo hisp\u00e1nico, vinculado con el Departamento. Unos 150 alumnos han tenido la posibilidad de profundizar en alg\u00fan segmento de la cultura hispana en nuestras formaciones menores, la especializaci\u00f3n en catal\u00e1n, en estudios hispanoamericanos o en la formaci\u00f3n minor de filolog\u00eda hisp\u00e1nica.<\/span><\/p>\n<p style=\"text-align: justify;\"><span style=\"color: #003366;\">M\u00e1s de veinticinco monograf\u00edas publicadas por nuestro profesorado y nueve\u00a0congresos cient\u00edficos internacionales reflejan la actividad cient\u00edfica e indican los resultados del Departamento desde su fundaci\u00f3n hasta hoy. Acta Hispanica, nuestro anuario cient\u00edfico fundado en 1996, sirve como base de intercambio esencial para aumentar nuestra colecci\u00f3n de revistas.<\/span><\/p>\n<p style=\"text-align: justify;\"><span style=\"color: #003366;\"> Hasta ahora contamos con diez proyectos de investigaci\u00f3n patrocinados; conforme a nuestras tradiciones, cinco de ellos estaban vinculados a temas de las ciencias sociales, pero cuatro abarcaban temas ling\u00fc\u00edsticos y uno temas literarios, lo cual demuestra nuestra consolidaci\u00f3n tambi\u00e9n en el campo de la filolog\u00eda.<\/span><\/p>\n<p style=\"text-align: justify;\"><span style=\"color: #003366;\"> En nuestras relaciones internacionales, los convenios Erasmus, bajo constante ampliaci\u00f3n, han cobrado importancia trascendental. Actualmente estamos vinculados mediante convenios vigentes con ocho universidades de Espa\u00f1a, dos de Italia y una de Polonia. En virtud de un convenio internacional colaboramos en un M\u00e1ster de la Universidad de Alicante, contribuyendo a la actividad docente y coordinando las pr\u00e1cticas de futuros profesores de espa\u00f1ol. En los \u00faltimos a\u00f1os se han ampliado el car\u00e1cter y la direcci\u00f3n de nuestras relaciones. Dentro del marco del programa CEEPUS, tenemos una cooperaci\u00f3n cient\u00edfica y docente cada vez m\u00e1s estrecha con los centros hisp\u00e1nicos de los pa\u00edses vecinos. Nuestro Departamento tiene papel destacado en la actividad del Centro de Estudios H\u00fangaros establecido con el apoyo del Ministerio de Recursos Humanos h\u00fangaro en la Universidad de Huelva, donde dictamos conferencias y seminarios.<\/span><\/p>\n","protected":false},"excerpt":{"rendered":"<p>El Departamento de Estudios Hisp\u00e1nicos naci\u00f3 en 1993 bajo la direcci\u00f3n del profesor Dr. \u00c1d\u00e1m Anderle. Entre los fundadores encontramos a la profesora Dra. \u00c1gnes T\u00f3th y la profesora Dra. M\u00e1ria Dornbach. La denominaci\u00f3n \u201cDepartamento de Estudios Hisp\u00e1nicos\u201d indicaba que <a href=\"https:\/\/hispanisztikaszeged.hu\/?page_id=284\" class=\"read-more\">Read More &#8230;<\/a><\/p>\n","protected":false},"author":3,"featured_media":0,"parent":161,"menu_order":0,"comment_status":"closed","ping_status":"closed","template":"","meta":{"footnotes":""},"class_list":["post-284","page","type-page","status-publish","hentry"],"_links":{"self":[{"href":"https:\/\/hispanisztikaszeged.hu\/index.php?rest_route=\/wp\/v2\/pages\/284","targetHints":{"allow":["GET"]}}],"collection":[{"href":"https:\/\/hispanisztikaszeged.hu\/index.php?rest_route=\/wp\/v2\/pages"}],"about":[{"href":"https:\/\/hispanisztikaszeged.hu\/index.php?rest_route=\/wp\/v2\/types\/page"}],"author":[{"embeddable":true,"href":"https:\/\/hispanisztikaszeged.hu\/index.php?rest_route=\/wp\/v2\/users\/3"}],"replies":[{"embeddable":true,"href":"https:\/\/hispanisztikaszeged.hu\/index.php?rest_route=%2Fwp%2Fv2%2Fcomments&post=284"}],"version-history":[{"count":2,"href":"https:\/\/hispanisztikaszeged.hu\/index.php?rest_route=\/wp\/v2\/pages\/284\/revisions"}],"predecessor-version":[{"id":310,"href":"https:\/\/hispanisztikaszeged.hu\/index.php?rest_route=\/wp\/v2\/pages\/284\/revisions\/310"}],"up":[{"embeddable":true,"href":"https:\/\/hispanisztikaszeged.hu\/index.php?rest_route=\/wp\/v2\/pages\/161"}],"wp:attachment":[{"href":"https:\/\/hispanisztikaszeged.hu\/index.php?rest_route=%2Fwp%2Fv2%2Fmedia&parent=284"}],"curies":[{"name":"wp","href":"https:\/\/api.w.org\/{rel}","templated":true}]}}