{"id":26,"date":"2016-10-24T19:50:53","date_gmt":"2016-10-24T19:50:53","guid":{"rendered":"http:\/\/hispanisztikaszeged.hu\/wordpress\/?page_id=26"},"modified":"2023-09-26T10:06:34","modified_gmt":"2023-09-26T08:06:34","slug":"kapcsolat","status":"publish","type":"page","link":"https:\/\/hispanisztikaszeged.hu\/?page_id=26","title":{"rendered":"Kapcsolat"},"content":{"rendered":"<p><a href=\"https:\/\/hispanisztikaszeged.hu\/wp-content\/uploads\/2016\/10\/JZs20200610_nagyobb.jpg\"><img loading=\"lazy\" decoding=\"async\" class=\"wp-image-1499 size-thumbnail alignleft\" src=\"https:\/\/hispanisztikaszeged.hu\/wp-content\/uploads\/2016\/10\/JZs20200610_nagyobb-150x150.jpg\" width=\"150\" height=\"150\" \/><\/a><span style=\"color: #003366;\">Tansz\u00e9k\u00fcnk adminisztr\u00e1tora: Jeney Zsuzsanna<\/span><br \/>\n<span style=\"color: #003366;\"> Telefon sz\u00e1m: +36 62 544 148<br \/>\nSzociol\u00f3gia Tansz\u00e9ken: +36 62 544 254 vagy +36 30 446 7252<\/span><br \/>\n<span style=\"color: #003366;\"> Lev\u00e9lc\u00edm: 6722 Szeged, Pet\u0151fi S. sgt. 32-34.<\/span><br \/>\n<span style=\"color: #003366;\"> E-mail: <a style=\"color: #003366;\" href=\"mailto:hispan@hist.u-szeged.hu\" target=\"_blank\">hispan @ hist.u-szeged.hu<\/a><\/span><br \/>\n<span style=\"color: #003366;\"> Facebook:\u00a0<a style=\"color: #003366;\" href=\"https:\/\/www.facebook.com\/hispanisztikaszeged.hu\/\" target=\"_blank\">https:\/\/www.facebook.com\/hispanisztikaszeged.hu\/<\/a><\/span><\/p>\n<p>&nbsp;<\/p>\n","protected":false},"excerpt":{"rendered":"<p>Tansz\u00e9k\u00fcnk adminisztr\u00e1tora: Jeney Zsuzsanna Telefon sz\u00e1m: +36 62 544 148 Szociol\u00f3gia Tansz\u00e9ken: +36 62 544 254 vagy +36 30 446 7252 Lev\u00e9lc\u00edm: 6722 Szeged, Pet\u0151fi S. sgt. 32-34. E-mail: hispan @ hist.u-szeged.hu Facebook:\u00a0https:\/\/www.facebook.com\/hispanisztikaszeged.hu\/ &nbsp;<\/p>\n","protected":false},"author":3,"featured_media":0,"parent":0,"menu_order":0,"comment_status":"closed","ping_status":"closed","template":"","meta":{"footnotes":""},"class_list":["post-26","page","type-page","status-publish","hentry"],"_links":{"self":[{"href":"https:\/\/hispanisztikaszeged.hu\/index.php?rest_route=\/wp\/v2\/pages\/26","targetHints":{"allow":["GET"]}}],"collection":[{"href":"https:\/\/hispanisztikaszeged.hu\/index.php?rest_route=\/wp\/v2\/pages"}],"about":[{"href":"https:\/\/hispanisztikaszeged.hu\/index.php?rest_route=\/wp\/v2\/types\/page"}],"author":[{"embeddable":true,"href":"https:\/\/hispanisztikaszeged.hu\/index.php?rest_route=\/wp\/v2\/users\/3"}],"replies":[{"embeddable":true,"href":"https:\/\/hispanisztikaszeged.hu\/index.php?rest_route=%2Fwp%2Fv2%2Fcomments&post=26"}],"version-history":[{"count":12,"href":"https:\/\/hispanisztikaszeged.hu\/index.php?rest_route=\/wp\/v2\/pages\/26\/revisions"}],"predecessor-version":[{"id":2019,"href":"https:\/\/hispanisztikaszeged.hu\/index.php?rest_route=\/wp\/v2\/pages\/26\/revisions\/2019"}],"wp:attachment":[{"href":"https:\/\/hispanisztikaszeged.hu\/index.php?rest_route=%2Fwp%2Fv2%2Fmedia&parent=26"}],"curies":[{"name":"wp","href":"https:\/\/api.w.org\/{rel}","templated":true}]}}