{"id":2585,"date":"2025-08-05T23:49:05","date_gmt":"2025-08-05T21:49:05","guid":{"rendered":"http:\/\/hispanisztikaszeged.hu\/?page_id=2585"},"modified":"2025-08-06T14:41:51","modified_gmt":"2025-08-06T12:41:51","slug":"faatauira-mihiau-originaria-de-bora-bora","status":"publish","type":"page","link":"https:\/\/hispanisztikaszeged.hu\/?page_id=2585","title":{"rendered":"Faatauira Mihiau"},"content":{"rendered":"\n<blockquote class=\"wp-block-quote is-layout-flow wp-block-quote-is-layout-flow\">\n<p>Una estudiante originaria de Bora Bora<\/p>\n<\/blockquote>\n\n\n\n<ul class=\"wp-block-list\">\n<li>\u00bfPodr\u00edas presentarnos un poco? \u00bfDe d\u00f3nde eres? \u00bfQu\u00e9 estudiaste \/ estudias en tu pa\u00eds?<\/li>\n\n\n\n<li>Vengo de Tahit\u00ed que se sit\u00faa en Polinesia francesa en medio del oc\u00e9ano pac\u00edfico. Soy una<br>estudiante ERASMUS hace 9 meses que estoy en Szeged para terminar mi \u00faltimo a\u00f1o de<br>licenciatura. Estudio ingl\u00e9s, pero tambi\u00e9n espa\u00f1ol y econom\u00eda, es una mezcla de varios<br>cursos. Aunque en Tahit\u00ed estaba haciendo una licenciatura en lenguas extranjeras aplicadas<br>en ingl\u00e9s y espa\u00f1ol.<\/li>\n<\/ul>\n\n\n\n<ul class=\"wp-block-list\">\n<li>\u00bfCu\u00e1ndo y c\u00f3mo llegaste a Szeged? \u00bfCon qu\u00e9 fines y en el marco de qu\u00e9 programa?<\/li>\n\n\n\n<li>Como he dicho soy una estudiante ERASMUS y llegu\u00e9 en septiembre de 2024 en avi\u00f3n, con un<br>viaje de unas 28 horas para llegar aqu\u00ed. En primer lugar, no deb\u00eda venir a Szeged, sino cursar<br>el \u00faltimo a\u00f1o de licenciatura en Australia. Pero debido a un problema administrativo, tuve que<br>reconsiderar mi decisi\u00f3n y fue entonces cuando mi elecci\u00f3n se decant\u00f3 por Hungr\u00eda.<\/li>\n<\/ul>\n\n\n<div class=\"wp-block-image\">\n<figure class=\"aligncenter size-large is-resized\"><img loading=\"lazy\" decoding=\"async\" width=\"3060\" height=\"1721\" src=\"https:\/\/hispanisztikaszeged.hu\/wp-content\/uploads\/2025\/08\/1000005068-3060x1721.jpg\" alt=\"\" class=\"wp-image-2594\" style=\"aspect-ratio:1.778036025566531;width:704px;height:auto\" srcset=\"https:\/\/hispanisztikaszeged.hu\/wp-content\/uploads\/2025\/08\/1000005068-3060x1721.jpg 3060w, https:\/\/hispanisztikaszeged.hu\/wp-content\/uploads\/2025\/08\/1000005068-300x169.jpg 300w, https:\/\/hispanisztikaszeged.hu\/wp-content\/uploads\/2025\/08\/1000005068-768x432.jpg 768w, https:\/\/hispanisztikaszeged.hu\/wp-content\/uploads\/2025\/08\/1000005068-1536x864.jpg 1536w, https:\/\/hispanisztikaszeged.hu\/wp-content\/uploads\/2025\/08\/1000005068-2048x1152.jpg 2048w, https:\/\/hispanisztikaszeged.hu\/wp-content\/uploads\/2025\/08\/1000005068-360x203.jpg 360w\" sizes=\"auto, (max-width: 3060px) 100vw, 3060px\" \/><\/figure><\/div>\n\n\n<ul class=\"wp-block-list\">\n<li>H\u00e1blanos un poco de tu pa\u00eds, tu ciudad y el sistema educativo que ten\u00e9is.<\/li>\n\n\n\n<li>En la Polinesia Francesa hay 118 islas y 5 archipi\u00e9lagos. Soy originaria de Bora Bora, pero<br>estudio en Tahit\u00ed, la isla principal, en la Universidad de la Polinesia Francesa. La isla de la que<br>vengo es muy tur\u00edstica y tambi\u00e9n muy peque\u00f1a, as\u00ed que pasamos la mayor parte del tiempo<br>junto al mar y al sol, porque no hay estaciones: o hay estaci\u00f3n c\u00e1lida o hay estaci\u00f3n lluviosa.<br>En cuanto al sistema educativo, es relativamente igual al de aqu\u00ed, con la \u00fanica diferencia de<br>que nuestros ex\u00e1menes se reparten a lo largo de todo el a\u00f1o y no al final del semestre como<br>en Szeged.<\/li>\n<\/ul>\n\n\n\n<ul class=\"wp-block-list\">\n<li>\u00bfC\u00f3mo se divierten los j\u00f3venes en tu pa\u00eds? \u00bfTienen alguna costumbre peculiar?<\/li>\n\n\n\n<li>Como ya he dicho, pasamos la mayor parte del tiempo junto al mar, en la playa y al sol.<br>Tambi\u00e9n nos gusta mucho hacer surf, ya que estamos rodeados por el oc\u00e9ano, as\u00ed como<br>hacer senderismo por el campo y descubrir las monta\u00f1as y los valles.<\/li>\n<\/ul>\n\n\n\n<ul class=\"wp-block-list\">\n<li>\u00bfQu\u00e9 diferencias ves entre los estudiantes h\u00fangaros y los estudiantes de tu pa\u00eds? \u00bfY entre<br>los m\u00e9todos \/ nivel de ense\u00f1anza?<\/li>\n\n\n\n<li>Las diferencias que not\u00e9 fueron en el estilo de vida y de vestir. Cuando llegu\u00e9 iba abrigada,<br>mientras que en Tahit\u00ed nunca nos vestimos as\u00ed, lo cual me result\u00f3 extra\u00f1o. Adem\u00e1s, me he<br>dado cuenta de que en la universidad de aqu\u00ed los estudiantes pueden aprovechar al m\u00e1ximo<br>su estancia, hay muchas fiestas, instalaciones, etc\u00e9tera. En cuanto a la educaci\u00f3n, aqu\u00ed todo<br>est\u00e1 previsto para que los estudiantes tengan \u00e9xito, la biblioteca es completa y muy grande<br>comparada con la de mi universidad. En Tahit\u00ed, todo es estresante: las clases, los ex\u00e1menes\u2026<\/li>\n<\/ul>\n\n\n\n<ul class=\"wp-block-list\">\n<li>\u00bfCu\u00e1les son las mejores experiencias vinculadas con tus estudios en Szeged?<\/li>\n\n\n\n<li>Poder visitar distintas regiones del pa\u00eds y del continente a precios asequibles para los<br>estudiantes.<\/li>\n<\/ul>\n\n\n\n<ul class=\"wp-block-list\">\n<li>\u00bfQu\u00e9 es lo que te parece extra\u00f1o aqu\u00ed en nuestra universidad \/ facultad \/ en el pa\u00eds?<\/li>\n\n\n\n<li>Es raro que la universidad est\u00e9 repartida por toda la ciudad, que haya varias facultades,<br>porque en Tahit\u00ed nuestra universidad s\u00f3lo est\u00e1 ubicada en un lugar.<\/li>\n<\/ul>\n\n\n\n<ul class=\"wp-block-list\">\n<li>\u00bfQu\u00e9 te parece nuestra ciudad y gente? \u00bfCu\u00e1l es tu lugar favorito en Szeged?<\/li>\n\n\n\n<li>Un bonito pueblecito donde es f\u00e1cil arreglar las cosas, pero con algunas personas amargadas.<\/li>\n<\/ul>\n\n\n\n<ul class=\"wp-block-list\">\n<li>\u00bfQu\u00e9 te parece el idioma h\u00fangaro? \u00bfHas logrado aprender algunas palabras? \/ \u00bfHay alguna<br>palabra h\u00fangara que te parece bonita?<\/li>\n\n\n\n<li>Desde que estoy aqu\u00ed no he aprendido h\u00fangaro, pero conozco algunas palabras oyendo<br>hablar a la gente: \u00abSia\u00bb, \u00abkoszonom\u00bb, etc.<\/li>\n<\/ul>\n\n\n\n<ul class=\"wp-block-list\">\n<li>\u00bfTienes un plato favorito h\u00fangaro? Cu\u00e9ntanos sobre tu plato\/dulce\/ingrediente favorito en<br>tu pa\u00eds.<\/li>\n\n\n\n<li>No tengo un plato favorito en Hungr\u00eda, pero me gusta el reques\u00f3n, el queso trappista y el l\u00e1ngos.<br>Mis platos favoritos en Tahit\u00ed son el pescado crudo en leche de coco y todo lo que se haga con<br>pescado, carpaccio, tartare, etc. Tambi\u00e9n me gusta mucho el taro, un tub\u00e9rculo y el ipo que es un tipo de pan en forma de bolos hecho de leche de coco.<\/li>\n<\/ul>\n\n\n\n<ul class=\"wp-block-list\">\n<li>\u00bfC\u00f3mo es vivir aqu\u00ed para un estudiante que viene de un pa\u00eds lejano? \u00bfQu\u00e9 recomendar\u00edas<br>a los otros estudiantes internacionales (qu\u00e9 consejos tienes para ellos)?<\/li>\n\n\n\n<li>Ha sido una gran experiencia vivir aqu\u00ed como estudiante porque asumes responsabilidades,<br>aprendes a gestionar las cosas y a ser adulto, y al mismo tiempo tienes la oportunidad de visitar<br>muchas ciudades de Europa y Hungr\u00eda porque los precios no son tan altos (en comparaci\u00f3n<br>con Tahit\u00ed). Adem\u00e1s, la universidad te ayuda ofreci\u00e9ndote todas las herramientas que necesitas<br>para tener \u00e9xito, los profesores son estupendos y los cursos tambi\u00e9n.<\/li>\n<\/ul>\n\n\n\n<ul class=\"wp-block-list\">\n<li>\u00bfQu\u00e9 piensas hacer en el futuro?<\/li>\n\n\n\n<li>Cuando acabe la carrera me trasladar\u00e9 a Australia, donde siempre he querido vivir, mientras<br>hago un m\u00e1ster en l\u00ednea a trav\u00e9s de una universidad francesa.<\/li>\n<\/ul>\n\n\n\n<p class=\"has-text-align-right\"><em>mayo de 2025<\/em><\/p>\n","protected":false},"excerpt":{"rendered":"<p>Una estudiante originaria de Bora Bora mayo de 2025<\/p>\n","protected":false},"author":3,"featured_media":0,"parent":0,"menu_order":0,"comment_status":"closed","ping_status":"closed","template":"","meta":{"footnotes":""},"class_list":["post-2585","page","type-page","status-publish","hentry"],"_links":{"self":[{"href":"https:\/\/hispanisztikaszeged.hu\/index.php?rest_route=\/wp\/v2\/pages\/2585","targetHints":{"allow":["GET"]}}],"collection":[{"href":"https:\/\/hispanisztikaszeged.hu\/index.php?rest_route=\/wp\/v2\/pages"}],"about":[{"href":"https:\/\/hispanisztikaszeged.hu\/index.php?rest_route=\/wp\/v2\/types\/page"}],"author":[{"embeddable":true,"href":"https:\/\/hispanisztikaszeged.hu\/index.php?rest_route=\/wp\/v2\/users\/3"}],"replies":[{"embeddable":true,"href":"https:\/\/hispanisztikaszeged.hu\/index.php?rest_route=%2Fwp%2Fv2%2Fcomments&post=2585"}],"version-history":[{"count":5,"href":"https:\/\/hispanisztikaszeged.hu\/index.php?rest_route=\/wp\/v2\/pages\/2585\/revisions"}],"predecessor-version":[{"id":2612,"href":"https:\/\/hispanisztikaszeged.hu\/index.php?rest_route=\/wp\/v2\/pages\/2585\/revisions\/2612"}],"wp:attachment":[{"href":"https:\/\/hispanisztikaszeged.hu\/index.php?rest_route=%2Fwp%2Fv2%2Fmedia&parent=2585"}],"curies":[{"name":"wp","href":"https:\/\/api.w.org\/{rel}","templated":true}]}}