{"id":2457,"date":"2025-02-08T21:52:30","date_gmt":"2025-02-08T20:52:30","guid":{"rendered":"http:\/\/hispanisztikaszeged.hu\/?page_id=2457"},"modified":"2025-02-09T16:58:34","modified_gmt":"2025-02-09T15:58:34","slug":"informacion-util-useful-information","status":"publish","type":"page","link":"https:\/\/hispanisztikaszeged.hu\/?page_id=2457","title":{"rendered":"Informaci\u00f3n \u00fatil \/ Useful information"},"content":{"rendered":"<div class=\"wp-block-image\">\n<figure class=\"aligncenter size-large is-resized\"><img loading=\"lazy\" decoding=\"async\" width=\"2729\" height=\"2048\" src=\"https:\/\/hispanisztikaszeged.hu\/wp-content\/uploads\/2025\/02\/szeged-hungary-1429657-2729x2048.jpg\" alt=\"\" class=\"wp-image-2461\" style=\"aspect-ratio:1.5569620253164558;width:476px;height:auto\" srcset=\"https:\/\/hispanisztikaszeged.hu\/wp-content\/uploads\/2025\/02\/szeged-hungary-1429657-2729x2048.jpg 2729w, https:\/\/hispanisztikaszeged.hu\/wp-content\/uploads\/2025\/02\/szeged-hungary-1429657-300x225.jpg 300w, https:\/\/hispanisztikaszeged.hu\/wp-content\/uploads\/2025\/02\/szeged-hungary-1429657-768x576.jpg 768w, https:\/\/hispanisztikaszeged.hu\/wp-content\/uploads\/2025\/02\/szeged-hungary-1429657-1536x1153.jpg 1536w, https:\/\/hispanisztikaszeged.hu\/wp-content\/uploads\/2025\/02\/szeged-hungary-1429657-2048x1537.jpg 2048w, https:\/\/hispanisztikaszeged.hu\/wp-content\/uploads\/2025\/02\/szeged-hungary-1429657-360x270.jpg 360w\" sizes=\"auto, (max-width: 2729px) 100vw, 2729px\" \/><\/figure><\/div>\n\n\n<p><strong>LLEGAR A HUNGR\u00cdA<\/strong><br>El aeropuerto m\u00e1s accesible y con mayor n\u00famero de vuelos es el de Budapest Liszt Ferenc Nemzetk\u00f6zi Rep\u00fcl\u0151t\u00e9r (<a href=\"https:\/\/www.bud.hu\/en\">http:\/\/www.bud.hu\/en<\/a>)<\/p>\n\n\n\n<p><strong>LLEGAR A SZEGED<\/strong><br>Szeged est\u00e1 a unas 2,5 horas de Budapest en tren. Hay trenes de Budapest a Szeged cada hora entre las 6.00 y las 21.00. Los trenes salen de la estaci\u00f3n Nyugati.<br>El precio del billete de ida y vuelta son unos 25 EUR<br>M\u00e1s informaci\u00f3n sobre el horario de los trenes en: <a href=\"https:\/\/www.mavcsoport.hu\/en\">https:\/\/www.mavcsoport.hu\/en<\/a><br>Se puede tomar el tren en la estaci\u00f3n de Ferihegy tambi\u00e9n. En este caso en el aeropuerto hay que tomar el autob\u00fas&nbsp; \u2116. 200E que tiene parada en esta estaci\u00f3n de tren (unos 5-10 minutos de viaje). M\u00e1s informaci\u00f3n en:<br><a rel=\"noreferrer noopener\" href=\"https:\/\/www.bud.hu\/en\/passengers\/transport\/public_transportation\/trains\" target=\"_blank\">https:\/\/www.bud.hu\/en\/passengers\/transport\/public_transportation\/trains<\/a> <\/p>\n\n\n\n<p>Traslado en minibus Shuttle: la manera m\u00e1s c\u00f3moda y f\u00e1cil de llegar a Szeged es el traslado en minibus entre el aeropuerto y el hotel donde uno se aloja en la ciudad. M\u00e1s informaci\u00f3n: <a rel=\"noreferrer noopener\" href=\"https:\/\/zoldtranszfer.hu\/eng.html\" target=\"_blank\">https:\/\/zoldtranszfer.hu\/eng.html<\/a><\/p>\n\n\n\n<p><strong>ALOJAMIENTO EN SZEGED<br><\/strong>Todos los hoteles y hostales se encuentran en el centro de la ciudad, a unos 5 \u2013 20 minutos andando de la Facultad.<\/p>\n\n\n\n<p><strong>Hoteles<\/strong><\/p>\n\n\n\n<p>Art: <a href=\"https:\/\/artszeged.accenthotels.com\/en\">https:\/\/artszeged.accenthotels.com\/en<\/a><\/p>\n\n\n\n<p>Auris: <a href=\"https:\/\/aurishotel.hu\/en\/home-en\/\">https:\/\/aurishotel.hu\/en\/home-en\/<\/a><\/p>\n\n\n\n<p>D\u00f3m: <a href=\"https:\/\/domhotelszeged.info\/en\/\">https:\/\/domhotelszeged.info\/en\/<\/a><\/p>\n\n\n\n<p>Science: <a href=\"https:\/\/sciencehotel.hu\/en\/\">https:\/\/sciencehotel.hu\/en\/<\/a><\/p>\n\n\n\n<p>Tisza: <a href=\"https:\/\/www.tiszahotel.hu\/?lang=en\">https:\/\/www.tiszahotel.hu\/?lang=en<\/a> <\/p>\n\n\n\n<p>Riva Hotel:&nbsp;<a href=\"https:\/\/www.rivahotel.hu\/en\/\" target=\"_blank\" rel=\"noreferrer noopener\">https:\/\/www.rivahotel.<wbr>hu\/en\/<\/a><\/p>\n\n\n\n<p>Riva Prestige Hotel:&nbsp;<a href=\"https:\/\/www.rivaprestigehotel.hu\/en\/\" target=\"_blank\" rel=\"noreferrer noopener\">https:\/\/www.<wbr>rivaprestigehotel.hu\/en\/<\/a><\/p>\n\n\n\n<p>Riva Boutique Hotel:&nbsp;<a href=\"https:\/\/www.rivaboutiquehotel.hu\/en\/\" target=\"_blank\" rel=\"noreferrer noopener\">https:\/\/www.<wbr>rivaboutiquehotel.hu\/en\/<\/a><\/p>\n\n\n\n<p><\/p>\n\n\n\n<p><strong>Hostales<\/strong><\/p>\n\n\n\n<p>Fam\u00edlia Vend\u00e9gh\u00e1z: <a href=\"https:\/\/www.familiapanzio.hu\/en\/introduction\">https:\/\/www.familiapanzio.hu\/en\/introduction<\/a><\/p>\n\n\n\n<p>Mosoly Apartman: <a href=\"https:\/\/mosolyapartman.hu\/\">https:\/\/mosolyapartman.hu\/<\/a><\/p>\n\n\n\n<p>BL Apartmanh\u00e1z: <a href=\"https:\/\/www.szegediapartman.hu\/en\/home\">https:\/\/www.szegediapartman.hu\/en\/home<\/a><\/p>\n\n\n\n<p>Kata Panzi\u00f3: <a href=\"https:\/\/www.katapanzio.hu\/index_eng.php\">https:\/\/www.katapanzio.hu\/index_eng.php<\/a><\/p>\n\n\n\n<p>M\u00e1s hoteles y hostales: <a href=\"www.booking.com\">www.booking.com<\/a><\/p>\n\n\n\n<p><strong>INFORMACI\u00d3N TUR\u00cdSTICA<\/strong><\/p>\n\n\n\n<p><a href=\"https:\/\/www.inoutviajes.com\/noticia\/14321\/internacionales\/szeged-la-ciudad-de-la-luz.html\">https:\/\/www.inoutviajes.com\/noticia\/14321\/internacionales\/szeged-la-ciudad-de-la-luz.html<\/a><\/p>\n\n\n\n<p><a href=\"https:\/\/www.tripadvisor.es\/Tourism-g274912-Szeged_Csongrad_County_Southern_Great_Plain-Vacations.html\">https:\/\/www.tripadvisor.es\/Tourism-g274912-Szeged_Csongrad_County_Southern_Great_Plain-Vacations.html<\/a> <\/p>\n\n\n\n<p>FACULTAD DE HUMANIDADES Y CIENCIAS SOCIALES<\/p>\n\n\n\n<p><a href=\"http:\/\/www.arts.u-szeged.hu\/english\" target=\"_blank\" rel=\"noreferrer noopener\">http:\/\/www.arts.u-szeged.hu\/english<\/a><\/p>\n\n\n\n<p>UNIVERSIDAD DE SZEGED<br><a href=\"http:\/\/www.u-szeged.hu\/english\/\" target=\"_blank\" rel=\"noreferrer noopener\">http:\/\/www.u-szeged.hu\/english\/<\/a><\/p>\n\n\n<div class=\"wp-block-image\">\n<figure class=\"aligncenter size-full is-resized\"><img loading=\"lazy\" decoding=\"async\" width=\"1120\" height=\"500\" src=\"https:\/\/hispanisztikaszeged.hu\/wp-content\/uploads\/2025\/02\/szeged2.png\" alt=\"\" class=\"wp-image-2462\" style=\"aspect-ratio:2.24;width:737px;height:auto\" srcset=\"https:\/\/hispanisztikaszeged.hu\/wp-content\/uploads\/2025\/02\/szeged2.png 1120w, https:\/\/hispanisztikaszeged.hu\/wp-content\/uploads\/2025\/02\/szeged2-300x134.png 300w, https:\/\/hispanisztikaszeged.hu\/wp-content\/uploads\/2025\/02\/szeged2-768x343.png 768w, https:\/\/hispanisztikaszeged.hu\/wp-content\/uploads\/2025\/02\/szeged2-360x161.png 360w\" sizes=\"auto, (max-width: 1120px) 100vw, 1120px\" \/><\/figure><\/div>\n\n\n<p><strong>TRAVELLING TO HUNGARY<br><\/strong>The most accessible airport with the highest number of flights is Budapest Liszt Ferenc Nemzetk\u00f6zi Rep\u00fcl\u0151t\u00e9r (<a href=\"http:\/\/www.bud.hu\/english\">http:\/\/www.bud.hu\/english<\/a>)<\/p>\n\n\n\n<p><strong>TRAVELLING TO SZEGED<br><\/strong>Szeged is about 2.5 hours from Budapest by train. There are trains from Budapest to Szeged every hour between 6 am and 9 pm. Trains depart from Nyugati station.<br>Price of round trip ticket is about 25 EUR<br>More information on train schedule: <a href=\"https:\/\/www.mavcsoport.hu\/en\">https:\/\/www.mavcsoport.hu\/en<\/a><\/p>\n\n\n\n<p>You can take the train at Ferihegy station too. In this case at the airport you have to take the bus N<sup>o<\/sup>. 200E which stops at this train station (about 5-10 minutes journey). More information: <a href=\"http:\/\/www.bud.hu\/english\/passengers\/access_and_parking\/by_train\">http:\/\/www.bud.hu\/english\/passengers\/access_and_parking\/by_train<\/a> <\/p>\n\n\n\n<p>Shuttle service: the most comfortable and easiest way to get to Szeged is the shuttle between the airport and the hotel where you are staying in the city. More information: <a href=\"https:\/\/zoldtranszfer.hu\/eng.html\" target=\"_blank\" rel=\"noreferrer noopener\">https:\/\/zoldtranszfer.hu\/eng.html<\/a><\/p>\n\n\n\n<p><strong>STAYING IN SZEGED<br><\/strong>All hotels and hostels are located in the city center, about 5 &#8211; 20 minutes walk from the Faculty.<\/p>\n\n\n\n<p><strong>Hotels<\/strong><\/p>\n\n\n\n<p>Art: <a href=\"https:\/\/artszeged.accenthotels.com\/en\">https:\/\/artszeged.accenthotels.com\/en<\/a><\/p>\n\n\n\n<p>Auris: <a href=\"https:\/\/aurishotel.hu\/en\/home-en\/\">https:\/\/aurishotel.hu\/en\/home-en\/<\/a><\/p>\n\n\n\n<p>D\u00f3m: <a href=\"https:\/\/domhotelszeged.info\/en\/\">https:\/\/domhotelszeged.info\/en\/<\/a><\/p>\n\n\n\n<p>Science: <a href=\"https:\/\/sciencehotel.hu\/en\/\">https:\/\/sciencehotel.hu\/en\/<\/a><\/p>\n\n\n\n<p>Tisza: <a href=\"https:\/\/www.tiszahotel.hu\/?lang=en\">https:\/\/www.tiszahotel.hu\/?lang=en<\/a> <\/p>\n\n\n\n<p>Riva Hotel:&nbsp;<a rel=\"noreferrer noopener\" href=\"https:\/\/www.rivahotel.hu\/en\/\" target=\"_blank\">https:\/\/www.rivahotel.hu\/en\/<\/a><\/p>\n\n\n\n<p>Riva Prestige Hotel:&nbsp;<a href=\"https:\/\/www.rivaprestigehotel.hu\/en\/\" target=\"_blank\" rel=\"noreferrer noopener\">https:\/\/www.<wbr>rivaprestigehotel.hu\/en\/<\/a><\/p>\n\n\n\n<p>Riva Boutique Hotel:&nbsp;<a rel=\"noreferrer noopener\" href=\"https:\/\/www.rivaboutiquehotel.hu\/en\/\" target=\"_blank\">https:\/\/www.rivaboutiquehotel.hu\/en\/<\/a><\/p>\n\n\n\n<p><strong>Hostels<\/strong><\/p>\n\n\n\n<p>Fam\u00edlia Vend\u00e9gh\u00e1z: <a href=\"https:\/\/www.familiapanzio.hu\/en\/introduction\">https:\/\/www.familiapanzio.hu\/en\/introduction<\/a><\/p>\n\n\n\n<p>Mosoly Apartman: <a href=\"https:\/\/mosolyapartman.hu\/\">https:\/\/mosolyapartman.hu\/<\/a><\/p>\n\n\n\n<p>BL Apartmanh\u00e1z: <a href=\"https:\/\/www.szegediapartman.hu\/en\/home\">https:\/\/www.szegediapartman.hu\/en\/home<\/a><\/p>\n\n\n\n<p>Kata Panzi\u00f3: <a href=\"https:\/\/www.katapanzio.hu\/index_eng.php\">https:\/\/www.katapanzio.hu\/index_eng.php<\/a> <\/p>\n\n\n\n<p><\/p>\n\n\n\n<p>More hotels and hostels: <a href=\"www.booking.com\">www.booking.com<\/a><\/p>\n\n\n\n<p><strong>TOURIST INFORMATION<\/strong><\/p>\n\n\n\n<p><a href=\"https:\/\/szegedtourism.hu\/en\/home\/\">https:\/\/szegedtourism.hu\/en\/home\/<\/a> <\/p>\n\n\n\n<p>FACULTY OF HUMANITIES AND SOCIAL SCIENCES<\/p>\n\n\n\n<p><a href=\"http:\/\/www.arts.u-szeged.hu\/english\" target=\"_blank\" rel=\"noreferrer noopener\">http:\/\/www.arts.u-szeged.hu\/english<\/a><\/p>\n\n\n\n<p>UNIVERSITY OF SZEGED<br><a rel=\"noreferrer noopener\" href=\"http:\/\/www.u-szeged.hu\/english\/\" target=\"_blank\">http:\/\/www.u-szeged.hu\/english\/<\/a><\/p>\n\n\n\n<figure class=\"wp-block-image size-full is-resized\"><img loading=\"lazy\" decoding=\"async\" width=\"1170\" height=\"430\" src=\"https:\/\/hispanisztikaszeged.hu\/wp-content\/uploads\/2025\/02\/szte.jpg\" alt=\"\" class=\"wp-image-2459\" style=\"aspect-ratio:2.7209302325581395;width:847px;height:auto\" srcset=\"https:\/\/hispanisztikaszeged.hu\/wp-content\/uploads\/2025\/02\/szte.jpg 1170w, https:\/\/hispanisztikaszeged.hu\/wp-content\/uploads\/2025\/02\/szte-300x110.jpg 300w, https:\/\/hispanisztikaszeged.hu\/wp-content\/uploads\/2025\/02\/szte-768x282.jpg 768w, https:\/\/hispanisztikaszeged.hu\/wp-content\/uploads\/2025\/02\/szte-360x132.jpg 360w\" sizes=\"auto, (max-width: 1170px) 100vw, 1170px\" \/><\/figure>\n\n\n<div class=\"wp-block-image\">\n<figure class=\"aligncenter size-full\"><img loading=\"lazy\" decoding=\"async\" width=\"215\" height=\"116\" src=\"https:\/\/hispanisztikaszeged.hu\/wp-content\/uploads\/2025\/02\/szte-univiersity.png\" alt=\"\" class=\"wp-image-2460\"\/><\/figure><\/div>","protected":false},"excerpt":{"rendered":"<p>LLEGAR A HUNGR\u00cdAEl aeropuerto m\u00e1s accesible y con mayor n\u00famero de vuelos es el de Budapest Liszt Ferenc Nemzetk\u00f6zi Rep\u00fcl\u0151t\u00e9r (http:\/\/www.bud.hu\/en) LLEGAR A SZEGEDSzeged est\u00e1 a unas 2,5 horas de Budapest en tren. Hay trenes de Budapest a Szeged cada <a href=\"https:\/\/hispanisztikaszeged.hu\/?page_id=2457\" class=\"read-more\">Read More &#8230;<\/a><\/p>\n","protected":false},"author":3,"featured_media":0,"parent":2160,"menu_order":3,"comment_status":"closed","ping_status":"closed","template":"","meta":{"footnotes":""},"class_list":["post-2457","page","type-page","status-publish","hentry"],"_links":{"self":[{"href":"https:\/\/hispanisztikaszeged.hu\/index.php?rest_route=\/wp\/v2\/pages\/2457","targetHints":{"allow":["GET"]}}],"collection":[{"href":"https:\/\/hispanisztikaszeged.hu\/index.php?rest_route=\/wp\/v2\/pages"}],"about":[{"href":"https:\/\/hispanisztikaszeged.hu\/index.php?rest_route=\/wp\/v2\/types\/page"}],"author":[{"embeddable":true,"href":"https:\/\/hispanisztikaszeged.hu\/index.php?rest_route=\/wp\/v2\/users\/3"}],"replies":[{"embeddable":true,"href":"https:\/\/hispanisztikaszeged.hu\/index.php?rest_route=%2Fwp%2Fv2%2Fcomments&post=2457"}],"version-history":[{"count":6,"href":"https:\/\/hispanisztikaszeged.hu\/index.php?rest_route=\/wp\/v2\/pages\/2457\/revisions"}],"predecessor-version":[{"id":2478,"href":"https:\/\/hispanisztikaszeged.hu\/index.php?rest_route=\/wp\/v2\/pages\/2457\/revisions\/2478"}],"up":[{"embeddable":true,"href":"https:\/\/hispanisztikaszeged.hu\/index.php?rest_route=\/wp\/v2\/pages\/2160"}],"wp:attachment":[{"href":"https:\/\/hispanisztikaszeged.hu\/index.php?rest_route=%2Fwp%2Fv2%2Fmedia&parent=2457"}],"curies":[{"name":"wp","href":"https:\/\/api.w.org\/{rel}","templated":true}]}}