{"id":245,"date":"2016-10-27T13:35:31","date_gmt":"2016-10-27T13:35:31","guid":{"rendered":"http:\/\/hispanisztikaszeged.hu\/wordpress\/?page_id=245"},"modified":"2025-09-03T15:11:07","modified_gmt":"2025-09-03T13:11:07","slug":"kepzesi-programok","status":"publish","type":"page","link":"https:\/\/hispanisztikaszeged.hu\/?page_id=245","title":{"rendered":"K\u00e9pz\u00e9si programok"},"content":{"rendered":"<p style=\"text-align: justify;\"><span style=\"color: #003366;\">Tanulm\u00e1nyi \u00fcgyekben Dr. Csik\u00f3s Zsuzsanna egyetemi docenshez fordulhatnak a <a style=\"color: #003366;\" href=\"csikoszs@hist.u-szeged.hu\">csikoszs @ hist.u-szeged.hu<\/a> c\u00edmen.<\/span><\/p>\n<h2 style=\"text-align: justify;\"><span style=\"color: #003366;\">2025\/26-os tan\u00e9vben indul\u00f3 k\u00e9pz\u00e9si programok<br \/>\n<\/span><\/h2>\n<p><span style=\"color: #003366;\"><strong>1. OSZTATLAN K\u00c9TSZAKOS TAN\u00c1RK\u00c9PZ\u00c9S (12 f\u00e9l\u00e9v) <\/strong><\/span><strong><a href=\"https:\/\/hispanisztikaszeged.hu\/wp-content\/uploads\/2016\/10\/H\u00e1l\u00f3terv_spanyol_osztatlan_tan\u00e1ri_2019.docx\">2018-as h\u00e1l\u00f3terv<\/a>\u00a0 <a href=\"https:\/\/hispanisztikaszeged.hu\/wp-content\/uploads\/2016\/10\/OTK.xlsx\">2022-es tanterv<\/a><\/strong><br \/>\n<span style=\"color: #003366;\"> Jelentkezni angol-spanyol, magyar-spanyol, n\u00e9met-spanyol, t\u00f6rt\u00e9nelem-spanyol, informatika-spanyol, biol\u00f3gia-spanyol, fizika-spanyol, k\u00e9mia-spanyol, f\u00f6ldrajz-spanyol, matematika-spanyol \u00e9s testnevel\u00e9s-spanyol szakp\u00e1rokra lehet.<br \/>\n<strong>Felv\u00e9teli k\u00f6vetelm\u00e9ny<\/strong>: a szakt\u00f3l f\u00fcgg\u0151en k\u00f6z\u00e9p vagy emelt szint\u0171 \u00e9retts\u00e9gi<br \/>\n<strong>Finansz\u00edroz\u00e1si forma<\/strong>: \u00e1llamilag t\u00e1mogatott \u00e9s k\u00f6lts\u00e9gt\u00e9r\u00edt\u00e9ses<\/span><\/p>\n<p><span style=\"color: #003366;\">Szakfelel\u0151s: Dr. Csik\u00f3s Zsuzsanna<br \/>\n<\/span><span style=\"color: #003366;\">Koordin\u00e1tor: Praefort Veronika<\/span><\/p>\n<p><span style=\"color: #003366;\"><strong>\u00a02. <\/strong><strong>\u00daJLATIN NYELVEK \u00c9S KULT\u00daR\u00c1K ALAPSZAK SPANYOL SZAKIR\u00c1NY (BA, 6 f\u00e9l\u00e9v) <a href=\"https:\/\/hispanisztikaszeged.hu\/wp-content\/uploads\/2016\/10\/H\u00e1l\u00f3terv_ujlatin_spanyol_2019.docx\">2018-as h\u00e1l\u00f3terv<\/a><br \/>\n<a href=\"https:\/\/hispanisztikaszeged.hu\/wp-content\/uploads\/2016\/10\/Haloterv_ujlatin_spanyol_2022.docx\">2022-es h\u00e1l\u00f3terv<\/a>\u00a0 \u00a0 \u00a0\u00a0 <a href=\"https:\/\/hispanisztikaszeged.hu\/wp-content\/uploads\/2024\/09\/Haloterv_ujlatin_spanyol_2024.docx\">2024-es h\u00e1l\u00f3terv<\/a><br \/>\n<\/strong>Az \u00fajlatin nyelvek \u00e9s kult\u00far\u00e1k szak els\u0151 szakasz\u00e1t \u00e1ltal\u00e1nos, k\u00f6z\u00f6s kurzusok jelentik, melyeket a spanyol szakir\u00e1ny programja k\u00f6vet. Ebben a spanyol \u00e9s latin-amerikai irodalmi, civiliz\u00e1ci\u00f3s \u00e9s nyelv\u00e9szeti kurzusok mellett a nemzetk\u00f6zi kapcsolatok \u00e9s az Eur\u00f3pai Uni\u00f3 t\u00e9m\u00e1i is megjelennek, illetve szaknyelvi \u00f3r\u00e1inkon az idegenforgalmi, sajt\u00f3- \u00e9s gazdas\u00e1gi nyelvezettel is megismerkedhetnek a hallgat\u00f3k. A program egyben alapoz\u00e1st ny\u00fajt a Ford\u00edt\u00f3- \u00e9s tolm\u00e1cs, Spanyol nyelv, irodalom \u00e9s kult\u00fara, valamint Spanyol nyelv \u00e9s kult\u00fara tan\u00e1ri mesterszakokra k\u00e9sz\u00fcl\u0151k sz\u00e1m\u00e1ra.<br \/>\nK\u00e9pz\u00e9si id\u0151: 6 f\u00e9l\u00e9v, finansz\u00edroz\u00e1si forma: \u00e1llamilag t\u00e1mogatott \u00e9s k\u00f6lts\u00e9gt\u00e9r\u00edt\u00e9ses.<br \/>\n<strong>Felv\u00e9teli k\u00f6vetelm\u00e9ny<\/strong>: k\u00f6z\u00e9pszint\u0171 \u00e9retts\u00e9gi spanyolb\u00f3l<br \/>\n<strong>Finansz\u00edroz\u00e1si forma<\/strong>: \u00e1llamilag t\u00e1mogatott \u00e9s k\u00f6lts\u00e9gt\u00e9r\u00edt\u00e9ses<\/span><\/p>\n<p><span style=\"color: #003366;\">Szakfelel\u0151s: Dr. Berta Tibor<\/span><\/p>\n<p><span style=\"color: #003366;\"><strong>3. FORD\u00cdT\u00d3 \u00c9S TOLM\u00c1CS MESTERK\u00c9PZ\u00c9SI\u00a0SZAK (MAGYAR-SPANYOL-ANGOL\/MAGYAR-ANGOL-SPANYOL) (4 f\u00e9l\u00e9v)<\/strong><\/span><br \/>\n<span style=\"color: #003366;\"> R\u00e9szletes inform\u00e1ci\u00f3: <a style=\"color: #003366;\" href=\"http:\/\/www2.arts.u-szeged.hu\/ftk\/mester\/index.html\">http:\/\/www2.arts.u-szeged.hu\/ftk\/mester\/index.html<br \/>\n<\/a><strong>Finansz\u00edroz\u00e1si forma<\/strong>: \u00e1llamilag t\u00e1mogatott \u00e9s k\u00f6lts\u00e9gt\u00e9r\u00edt\u00e9ses<\/span><\/p>\n<p><span style=\"color: #003366;\">Koordin\u00e1tor: Praefort Veronika<\/span><\/p>\n<p><span style=\"color: #003366;\"><strong>4. SPANYOL NYELV,\u00a0IRODALOM \u00c9S\u00a0KULT\u00daRA MESTERSZAK (4 f\u00e9l\u00e9v) <a href=\"https:\/\/hispanisztikaszeged.hu\/wp-content\/uploads\/2019\/11\/MA_spanyol_nyelv_irod_kult_2019.docx\">2018-as h\u00e1l\u00f3terv,<\/a> <a href=\"https:\/\/hispanisztikaszeged.hu\/wp-content\/uploads\/2025\/09\/MA_spanyol_nyelv_irod_kult_2025.docx\">2025-\u00f6s h\u00e1l\u00f3terv<\/a><\/strong><\/span><\/p>\n<p><span style=\"color: #003366;\">Bel\u00e9p\u00e9si felt\u00e9tel:<\/span><\/p>\n<ul>\n<li><span style=\"color: #003366;\">Teljes kredit\u00e9rt\u00e9k besz\u00e1m\u00edt\u00e1s\u00e1val vehet\u0151 figyelembe: Romanisztika\/\u00dajlatin nyelvek \u00e9s kult\u00far\u00e1k alapk\u00e9pz\u00e9si szak spanyol szakir\u00e1nnyal, tov\u00e1bb\u00e1 a f\u0151iskolai szint\u0171 spanyol nyelv \u00e9s irodalom, spanyol nyelvtan\u00e1r szakok.<\/span><\/li>\n<\/ul>\n<ul>\n<li style=\"text-align: justify;\"><span style=\"color: #003366;\">M\u00e1s figyelembe vehet\u0151 alapk\u00e9pz\u00e9si szakok: A spanyol minor szak \u2013 abban az esetben, ha a hallgat\u00f3nak a kredit meg\u00e1llap\u00edt\u00e1sa alapj\u00e1ul szolg\u00e1l\u00f3 ismeretek \u2013 fels\u0151oktat\u00e1si t\u00f6rv\u00e9nyben meghat\u00e1rozott \u2013 \u00f6sszevet\u00e9se alapj\u00e1n elismerhet\u0151 legal\u00e1bb 50 kredit a Romanisztika\/\u00dajlatin nyelvek \u00e9s kult\u00far\u00e1k alapk\u00e9pz\u00e9si szak spanyol szakir\u00e1ny\u00e1nak nyelvtudom\u00e1nyi, irodalomtudom\u00e1nyi \u00e9s kult\u00faratudom\u00e1nyi ismeretk\u00f6reib\u0151l, tov\u00e1bb\u00e1 fels\u0151fok\u00fa C t\u00edpus\u00fa \u00e1llamilag elismert vagy azzal egyen\u00e9rt\u00e9k\u0171 nyelvvizsga spanyol nyelvb\u0151l.<\/span><br \/>\n<span style=\"color: #003366;\"> A hi\u00e1nyz\u00f3 krediteket (legfeljebb 20 kredit erej\u00e9ig) a mesterfokozat megszerz\u00e9s\u00e9re ir\u00e1nyul\u00f3 k\u00e9pz\u00e9ssel p\u00e1rhuzamosan, a felv\u00e9telt\u0151l sz\u00e1m\u00edtott k\u00e9t f\u00e9l\u00e9ven bel\u00fcl, a fels\u0151oktat\u00e1si int\u00e9zm\u00e9ny tanulm\u00e1nyi \u00e9s vizsgaszab\u00e1lyzat\u00e1ban meghat\u00e1rozottak szerint meg kell szerezni.<\/span><\/li>\n<\/ul>\n<ul>\n<li style=\"text-align: justify;\"><span style=\"color: #003366;\">Az el\u0151bbi pontban meghat\u00e1rozott ismeretk\u00f6r\u00f6kben szerzett kreditek teljes\u00edt\u00e9s\u00e9vel vehet\u0151k figyelembe tov\u00e1bb\u00e1 azok az alap- vagy mesterfokozatot ad\u00f3 alapk\u00e9pz\u00e9si szakok, illetve a fels\u0151oktat\u00e1sr\u00f3l sz\u00f3l\u00f3 1993. \u00e9vi LXXX. t\u00f6rv\u00e9ny szerinti f\u0151iskolai vagy egyetemi szint\u0171 alapk\u00e9pz\u00e9si szakok, amelyeket a kredit meg\u00e1llap\u00edt\u00e1s\u00e1nak alapj\u00e1ul szolg\u00e1l\u00f3 ismeretek \u00f6sszevet\u00e9se alapj\u00e1n a fels\u0151oktat\u00e1si int\u00e9zm\u00e9ny kredit\u00e1tviteli bizotts\u00e1ga elfogad.<\/span><\/li>\n<\/ul>\n<p><span style=\"color: #003366;\"><strong>Finansz\u00edroz\u00e1si forma<\/strong>: \u00e1llamilag t\u00e1mogatott \u00e9s k\u00f6lts\u00e9gt\u00e9r\u00edt\u00e9ses<\/span><\/p>\n<p><span style=\"color: #003366;\">Szakfelel\u0151s: Dr. Berta Tibor<\/span><\/p>\n<p><span style=\"color: #003366;\"><strong>5. SPECIALIZ\u00c1CI\u00d3K ALAPSZAKOS HALLGAT\u00d3KNAK:<\/strong><\/span><\/p>\n<p style=\"text-align: justify;\"><span style=\"color: #003366;\"><strong>a) SPANYOL MINOR SZAK (4 f\u00e9l\u00e9v) <a href=\"https:\/\/hispanisztikaszeged.hu\/wp-content\/uploads\/2016\/10\/H\u00e1l\u00f3terv_Spanyol-minor_2018.docx\">h\u00e1l\u00f3terv<\/a> <a href=\"https:\/\/hispanisztikaszeged.hu\/wp-content\/uploads\/2016\/10\/H\u00e1l\u00f3terv_Spanyol-minor_2022_web.docx\">2023-as h\u00e1l\u00f3terv<\/a><br \/>\n<\/strong>A minor k\u00e9pz\u00e9st valamennyi b\u00f6lcs\u00e9sz szakos hallgat\u00f3nak felaj\u00e1nljuk. A k\u00e9pz\u00e9s a spanyol nyelvismeret intenz\u00edv elm\u00e9ly\u00edt\u00e9s\u00e9n t\u00fal civiliz\u00e1ci\u00f3s, nyelv\u00e9szeti \u00e9s irodalmi\u00a0kurzusokkal ny\u00fajt alapoz\u00e1st\u00a0a spanyol nyelv, irodalom \u00e9s kult\u00fara mesterk\u00e9pz\u00e9sre jelentkez\u0151, illetve az osztatlan k\u00e9tszakos tan\u00e1rk\u00e9pz\u00e9sbe bekapcsol\u00f3dni k\u00edv\u00e1n\u00f3 hallgat\u00f3k sz\u00e1m\u00e1ra. A programban val\u00f3 r\u00e9szv\u00e9tel el\u0151felt\u00e9tele a legal\u00e1bb\u00a0k\u00f6z\u00e9pszint\u0171 spanyol nyelvvizsga. A nyelvvizsg\u00e1t igazol\u00f3 dokumentumokat a Tanulm\u00e1nyi Oszt\u00e1lyon is be kell mutatni, legk\u00e9s\u0151bb a jelentkez\u00e9si id\u0151szakban, ha ezt kor\u00e1bban nem tett\u00e9k meg. Felvehet\u0151 hallgat\u00f3k sz\u00e1ma: 15<\/span><\/p>\n<p><span style=\"color: #003366;\">A k\u00e9pz\u00e9s felel\u0151se: Dr. Berta Tibor<\/span><\/p>\n<p style=\"text-align: justify;\"><span style=\"color: #003366;\"><strong>\u00a0b) <\/strong><strong>SPANYOL-AMERIKA TANULM\u00c1NYOK SPECIALIZ\u00c1CI\u00d3 (4 f\u00e9l\u00e9v) <a href=\"https:\/\/hispanisztikaszeged.hu\/wp-content\/uploads\/2019\/11\/H\u00e1l\u00f3terv_spat_2018.docx\">h\u00e1l\u00f3terv<\/a><br \/>\n<\/strong>A Spanyol-Amerika tanulm\u00e1nyok specializ\u00e1ci\u00f3t minden b\u00f6lcs\u00e9sz hallgat\u00f3nak felk\u00edn\u00e1ljuk, <strong>kiv\u00e9ve az \u00fajlatin nyelvek \u00e9s kult\u00far\u00e1k alapszak spanyol szakir\u00e1nyos hallgat\u00f3k<\/strong>. K\u00fcl\u00f6n\u00f6sen aj\u00e1nljuk a nemzetk\u00f6zi kapcsolatokat, politol\u00f3gi\u00e1t, t\u00f6rt\u00e9nelmet \u00e9s amerikanisztik\u00e1t tanul\u00f3 BA szakos hallgat\u00f3knak, figyelembe v\u00e9ve a program domin\u00e1ns t\u00e1rsadalomtudom\u00e1nyi jelleg\u00e9t. A Spanyol-Amerika t\u00f6rt\u00e9net\u00e9t, politikai rendszer\u00e9t, n\u00e9prajz\u00e1t, irodalm\u00e1t, aktu\u00e1lis probl\u00e9m\u00e1it t\u00f6rt\u00e9neti \u00f6sszef\u00fcgg\u00e9seiben bemutat\u00f3 kurzusok mellett a specializ\u00e1ci\u00f3t felvett hallgat\u00f3knak lehet\u0151s\u00e9g\u00fck ny\u00edlik a spanyol nyelv emelt \u00f3rasz\u00e1mban t\u00f6rt\u00e9n\u0151 tanul\u00e1s\u00e1ra \u00e9s a k\u00e9s\u0151bbiekben k\u00f6z\u00e9pfok\u00fa nyelvvizsga let\u00e9tel\u00e9re. Felvehet\u0151 hallgat\u00f3k sz\u00e1ma: 20<\/span><\/p>\n<p><span style=\"color: #003366;\">A specializ\u00e1ci\u00f3 felel\u0151se: Dr. Jancs\u00f3 Katalin<\/span><\/p>\n<p style=\"text-align: justify;\"><span style=\"color: #003366;\"><strong>c) KATAL\u00c1N SPECIALIZ\u00c1CI\u00d3 (4 f\u00e9l\u00e9v) <a href=\"https:\/\/hispanisztikaszeged.hu\/wp-content\/uploads\/2016\/10\/Haloterv_katalan_2023.docx\">2023-as h\u00e1l\u00f3terv<\/a><br \/>\n<\/strong>A specializ\u00e1ci\u00f3t els\u0151sorban \u00fajlatin nyelvek \u00e9s kult\u00far\u00e1k szakos hallgat\u00f3knak aj\u00e1nljuk, de minden\u00a0olyan egyetemi hallgat\u00f3nak felk\u00edn\u00e1ljuk, aki az idegenforgalomban vagy a nemzetk\u00f6zi kapcsolatok ter\u00fclet\u00e9n k\u00edv\u00e1n majd dolgozni. A katal\u00e1n specializ\u00e1ci\u00f3t 1996 \u00f3ta m\u0171k\u00f6dteti a tansz\u00e9k a barcelonai auton\u00f3m korm\u00e1nyzat \u00e9s a Ramon Llull Int\u00e9zet t\u00e1mogat\u00e1s\u00e1val, amely anyanyelvi oktat\u00f3t biztos\u00edt a k\u00e9pz\u00e9s sz\u00e1m\u00e1ra. A 4 f\u00e9l\u00e9ves, 50 kredites program a katal\u00e1n nyelvet kezd\u0151 szintr\u0151l, heti 6-8 \u00f3r\u00e1ban \u2013 katal\u00e1n lektori \u00f3r\u00e1kkal \u2013 B1 szintre emeli. Sikeres vizsga eset\u00e9n katal\u00e1n nyelvvizsga-bizony\u00edtv\u00e1nyt kapnak a hallgat\u00f3k. Az er\u0151teljes nyelvi k\u00e9pz\u00e9st a katal\u00e1n irodalmat, kult\u00far\u00e1t \u00e9s a jelenkori Katal\u00f3nia politikai-t\u00e1rsadalmi viszonyait t\u00e1rgyal\u00f3 st\u00fadiumok eg\u00e9sz\u00edtik ki. Felvehet\u0151 hallgat\u00f3k sz\u00e1ma: 15 Az \u00e9rdekl\u0151d\u0151knek a k\u00e9pz\u00e9s keretein k\u00edv\u00fcl, v\u00e1laszthat\u00f3 kurzusokon val\u00f3 r\u00e9szv\u00e9tellel is van lehet\u0151s\u00e9g\u00fck a katal\u00e1n nyelv tanul\u00e1s\u00e1ra.<\/span><\/p>\n<p><span style=\"color: #003366;\">A specializ\u00e1ci\u00f3 felel\u0151se: Dr. Berta Tibor<\/span><\/p>\n<p><span style=\"color: #003366;\"><strong>6. SZABADON V\u00c1LASZTHAT\u00d3 NYELVI KURZUSOK<\/strong><\/span><\/p>\n<p><span style=\"color: #003366;\"><strong>KATAL\u00c1N NYELV: <\/strong>A tansz\u00e9k megfelel\u0151 sz\u00e1m\u00fa \u00e9rdekl\u0151d\u0151 eset\u00e9n nemcsak kezd\u0151, hanem k\u00f6z\u00e9phalad\u00f3 szint\u0171 kurzusokat is meghirdet.<\/span><\/p>\n<p><span style=\"color: #003366;\"><strong>LEVELEZ\u0150 K\u00c9PZ\u00c9S<br \/>\n<\/strong>Levelez\u0151 tagozatos k\u00e9pz\u00e9seink minimum 5 f\u0151 jelentkez\u00e9se eset\u00e9n indulnak.<strong><br \/>\n<\/strong><\/span><\/p>\n<p><span style=\"color: #003366;\"><strong>1. SPANYOL NYELV, IRODALOM \u00c9S KULT\u00daRA TAN\u00c1RA (2 f\u00e9l\u00e9ves) <span style=\"color: #003366;\"><a style=\"color: #003366;\" href=\"https:\/\/hispanisztikaszeged.hu\/wp-content\/uploads\/2016\/10\/2D_L.xlsx\">2022-es h\u00e1l\u00f3terv<\/a><\/span><br \/>\n<\/strong>Jelentkez\u00e9si felt\u00e9tel: spanyol nyelv, irodalom \u00e9s kult\u00fara mesterszakos v\u00e9gzetts\u00e9g<br \/>\n<strong>Finansz\u00edroz\u00e1si forma<\/strong>: \u00e1llamilag t\u00e1mogatott \u00e9s k\u00f6lts\u00e9gt\u00e9r\u00edt\u00e9ses<\/span><\/p>\n<p><span style=\"color: #003366;\"><strong>2. SPANYOL NYELV, IRODALOM \u00c9S KULT\u00daRA TAN\u00c1RA (4 f\u00e9l\u00e9ves) <\/strong><strong><span style=\"color: #003366;\"><a style=\"color: #003366;\" href=\"https:\/\/hispanisztikaszeged.hu\/wp-content\/uploads\/2019\/11\/Spanyoltanar_4feleves_kodos.xlsx\">2019-es h\u00e1l\u00f3terv<\/a>\u00a0 <a style=\"color: #003366;\" href=\"https:\/\/hispanisztikaszeged.hu\/wp-content\/uploads\/2016\/10\/4T_L.xlsx\">2022-es h\u00e1l\u00f3terv<\/a><\/span><br \/>\n<\/strong>Jelentkez\u00e9si felt\u00e9tel: m\u00e1s szakos tan\u00e1ri vagy tan\u00edt\u00f3i diploma, C1 komplex nyelvvizsga spanyol nyelvb\u0151l<br \/>\n<strong>Finansz\u00edroz\u00e1si forma<\/strong>: \u00e1llamilag t\u00e1mogatott \u00e9s k\u00f6lts\u00e9gt\u00e9r\u00edt\u00e9ses<\/span><\/p>\n<p><span style=\"color: #003366;\"><strong>3. SPANYOL NYELV,\u00a0IRODALOM \u00c9S\u00a0KULT\u00daRA MESTERSZAK (4 f\u00e9l\u00e9v) <a style=\"color: #003366;\" href=\"https:\/\/hispanisztikaszeged.hu\/wp-content\/uploads\/2016\/10\/MA_spanyol_nyelv_irod_kult_2019_lev_KE.docx\">2018-as h\u00e1l\u00f3terv<\/a> <a style=\"color: #003366;\" href=\"https:\/\/hispanisztikaszeged.hu\/wp-content\/uploads\/2016\/10\/MA_spanyol_nyelv_irod_kult_lev_2022-1.docx\">2022-es h\u00e1l\u00f3terv,<\/a> <a href=\"https:\/\/hispanisztikaszeged.hu\/wp-content\/uploads\/2025\/09\/MA_spanyol_nyelv_irod_kult_lev_2025.docx\">2025-\u00f6s h\u00e1l\u00f3terv<\/a><\/strong><\/span><\/p>\n<p><span style=\"color: #003366;\"><strong>Bel\u00e9p\u00e9si felt\u00e9tel<\/strong>:<\/span><\/p>\n<ul>\n<li><span style=\"color: #003366;\">Teljes kredit\u00e9rt\u00e9k besz\u00e1m\u00edt\u00e1s\u00e1val vehet\u0151 figyelembe: Romanisztika\/\u00dajlatin nyelvek \u00e9s kult\u00far\u00e1k alapk\u00e9pz\u00e9si szak spanyol szakir\u00e1nnyal, tov\u00e1bb\u00e1 a f\u0151iskolai szint\u0171 spanyol nyelv \u00e9s irodalom, spanyol nyelvtan\u00e1r szakok.<\/span><\/li>\n<\/ul>\n<ul>\n<li><span style=\"color: #003366;\">M\u00e1s figyelembe vehet\u0151 alapk\u00e9pz\u00e9si szakok: A spanyol minor szak \u2013 abban az esetben, ha a hallgat\u00f3nak a kredit meg\u00e1llap\u00edt\u00e1sa alapj\u00e1ul szolg\u00e1l\u00f3 ismeretek \u2013 fels\u0151oktat\u00e1si t\u00f6rv\u00e9nyben meghat\u00e1rozott \u2013 \u00f6sszevet\u00e9se alapj\u00e1n elismerhet\u0151 legal\u00e1bb 50 kredit a Romanisztika\/\u00dajlatin nyelvek \u00e9s kult\u00far\u00e1k alapk\u00e9pz\u00e9si szak spanyol szakir\u00e1ny\u00e1nak nyelvtudom\u00e1nyi, irodalomtudom\u00e1nyi \u00e9s kult\u00faratudom\u00e1nyi ismeretk\u00f6reib\u0151l, tov\u00e1bb\u00e1 fels\u0151fok\u00fa C t\u00edpus\u00fa \u00e1llamilag elismert vagy azzal egyen\u00e9rt\u00e9k\u0171 nyelvvizsga spanyol nyelvb\u0151l.<\/span><br \/>\n<span style=\"color: #003366;\"> A hi\u00e1nyz\u00f3 krediteket (legfeljebb 20 kredit erej\u00e9ig) a mesterfokozat megszerz\u00e9s\u00e9re ir\u00e1nyul\u00f3 k\u00e9pz\u00e9ssel p\u00e1rhuzamosan, a felv\u00e9telt\u0151l sz\u00e1m\u00edtott k\u00e9t f\u00e9l\u00e9ven bel\u00fcl, a fels\u0151oktat\u00e1si int\u00e9zm\u00e9ny tanulm\u00e1nyi \u00e9s vizsgaszab\u00e1lyzat\u00e1ban meghat\u00e1rozottak szerint meg kell szerezni.<\/span><\/li>\n<\/ul>\n<ul>\n<li><span style=\"color: #003366;\">Az el\u0151bbi pontban meghat\u00e1rozott ismeretk\u00f6r\u00f6kben szerzett kreditek teljes\u00edt\u00e9s\u00e9vel vehet\u0151k figyelembe tov\u00e1bb\u00e1 azok az alap- vagy mesterfokozatot ad\u00f3 alapk\u00e9pz\u00e9si szakok, illetve a fels\u0151oktat\u00e1sr\u00f3l sz\u00f3l\u00f3 1993. \u00e9vi LXXX. t\u00f6rv\u00e9ny szerinti f\u0151iskolai vagy egyetemi szint\u0171 alapk\u00e9pz\u00e9si szakok, amelyeket a kredit meg\u00e1llap\u00edt\u00e1s\u00e1nak alapj\u00e1ul szolg\u00e1l\u00f3 ismeretek \u00f6sszevet\u00e9se alapj\u00e1n a fels\u0151oktat\u00e1si int\u00e9zm\u00e9ny kredit\u00e1tviteli bizotts\u00e1ga elfogad.<\/span><\/li>\n<\/ul>\n<p><span style=\"color: #003366;\"><strong>Finansz\u00edroz\u00e1si forma<\/strong>: \u00e1llamilag t\u00e1mogatott \u00e9s k\u00f6lts\u00e9gt\u00e9r\u00edt\u00e9ses<\/span><\/p>\n<p style=\"color: #003366;\"><span style=\"color: #003366;\"><br \/>\n<em>\u00c1ltal\u00e1nos tudnival\u00f3k a levelez\u0151 k\u00e9pz\u00e9sr\u0151l:<\/em><\/span><br \/>\n<span style=\"color: #003366;\"> A levelez\u0151 k\u00e9pz\u00e9sen foly\u00f3 oktat\u00e1s p\u00e9nteki \u00e9s szombati napokon ker\u00fcl lebonyol\u00edt\u00e1sra, \u00e1ltal\u00e1ban k\u00e9thetenk\u00e9nti konzult\u00e1ci\u00f3kkal. A b\u00f6lcs\u00e9szettudom\u00e1nyi k\u00f6z\u00f6s st\u00fadiumok szombati napokra vannak beosztva.<\/span><\/p>\n<p><span style=\"color: #003366;\">A levelez\u0151 k\u00e9pz\u00e9sek koordin\u00e1tora: Dr. Katona Eszter<\/span><\/p>\n","protected":false},"excerpt":{"rendered":"<p>Tanulm\u00e1nyi \u00fcgyekben Dr. Csik\u00f3s Zsuzsanna egyetemi docenshez fordulhatnak a csikoszs @ hist.u-szeged.hu c\u00edmen. 2025\/26-os tan\u00e9vben indul\u00f3 k\u00e9pz\u00e9si programok 1. OSZTATLAN K\u00c9TSZAKOS TAN\u00c1RK\u00c9PZ\u00c9S (12 f\u00e9l\u00e9v) 2018-as h\u00e1l\u00f3terv\u00a0 2022-es tanterv Jelentkezni angol-spanyol, magyar-spanyol, n\u00e9met-spanyol, t\u00f6rt\u00e9nelem-spanyol, informatika-spanyol, biol\u00f3gia-spanyol, fizika-spanyol, k\u00e9mia-spanyol, f\u00f6ldrajz-spanyol, matematika-spanyol \u00e9s <a href=\"https:\/\/hispanisztikaszeged.hu\/?page_id=245\" class=\"read-more\">Read More &#8230;<\/a><\/p>\n","protected":false},"author":2,"featured_media":0,"parent":10,"menu_order":0,"comment_status":"closed","ping_status":"closed","template":"","meta":{"footnotes":""},"class_list":["post-245","page","type-page","status-publish","hentry"],"_links":{"self":[{"href":"https:\/\/hispanisztikaszeged.hu\/index.php?rest_route=\/wp\/v2\/pages\/245","targetHints":{"allow":["GET"]}}],"collection":[{"href":"https:\/\/hispanisztikaszeged.hu\/index.php?rest_route=\/wp\/v2\/pages"}],"about":[{"href":"https:\/\/hispanisztikaszeged.hu\/index.php?rest_route=\/wp\/v2\/types\/page"}],"author":[{"embeddable":true,"href":"https:\/\/hispanisztikaszeged.hu\/index.php?rest_route=\/wp\/v2\/users\/2"}],"replies":[{"embeddable":true,"href":"https:\/\/hispanisztikaszeged.hu\/index.php?rest_route=%2Fwp%2Fv2%2Fcomments&post=245"}],"version-history":[{"count":74,"href":"https:\/\/hispanisztikaszeged.hu\/index.php?rest_route=\/wp\/v2\/pages\/245\/revisions"}],"predecessor-version":[{"id":2627,"href":"https:\/\/hispanisztikaszeged.hu\/index.php?rest_route=\/wp\/v2\/pages\/245\/revisions\/2627"}],"up":[{"embeddable":true,"href":"https:\/\/hispanisztikaszeged.hu\/index.php?rest_route=\/wp\/v2\/pages\/10"}],"wp:attachment":[{"href":"https:\/\/hispanisztikaszeged.hu\/index.php?rest_route=%2Fwp%2Fv2%2Fmedia&parent=245"}],"curies":[{"name":"wp","href":"https:\/\/api.w.org\/{rel}","templated":true}]}}