{"id":207,"date":"2016-10-27T11:53:46","date_gmt":"2016-10-27T11:53:46","guid":{"rendered":"http:\/\/hispanisztikaszeged.hu\/wordpress\/?page_id=207"},"modified":"2025-01-24T11:08:46","modified_gmt":"2025-01-24T10:08:46","slug":"felveteli-es-jelentkezesi-informaciok","status":"publish","type":"page","link":"https:\/\/hispanisztikaszeged.hu\/?page_id=207","title":{"rendered":"Felv\u00e9teli \u00e9s jelentkez\u00e9si inform\u00e1ci\u00f3k"},"content":{"rendered":"<p><span style=\"color: #003366;\">Felv\u00e9teli inform\u00e1ci\u00f3k\u00a0az Orsz\u00e1gos Fels\u0151oktat\u00e1si \u00e9s Inform\u00e1ci\u00f3s K\u00f6zpont\u00a0honlapj\u00e1n: <a style=\"color: #003366;\" href=\"http:\/\/www.felvi.hu\/\">www.felvi.hu<\/a><\/span><\/p>\n<p><span style=\"color: #003366;\">Szakkeres\u0151 \/ szakok le\u00edr\u00e1sai: <a style=\"color: #003366;\" href=\"http:\/\/www.felvi.hu\/felveteli\/szakok_kepzesek\">Kattintson ide!<\/a><\/span><\/p>\n<p><span style=\"color: #003366;\">Inform\u00e1ci\u00f3 felv\u00e9teliz\u0151knek<\/span><br \/>\n<span style=\"color: #003366;\"> az SZTE honlapj\u00e1n: <a style=\"color: #003366;\" href=\"http:\/\/www.u-szeged.hu\/felveteli\">Kattintson ide!<\/a><\/span><br \/>\n<span style=\"color: #003366;\"> az SZTE BTK Tanulm\u00e1nyi Oszt\u00e1ly honlapj\u00e1n: <a style=\"color: #003366;\" href=\"http:\/\/arts.u-szeged.hu\/kozepiskolasoknak-2021\">Kattintson ide!<\/a><\/span><\/p>\n<p><span style=\"color: #003366;\"><strong>Tov\u00e1bbi inform\u00e1ci\u00f3k a Oktat\u00e1s\/K\u00e9pz\u00e9si programok men\u00fcpontban tal\u00e1lhat\u00f3ak.<\/strong><\/span><\/p>\n","protected":false},"excerpt":{"rendered":"<p>Felv\u00e9teli inform\u00e1ci\u00f3k\u00a0az Orsz\u00e1gos Fels\u0151oktat\u00e1si \u00e9s Inform\u00e1ci\u00f3s K\u00f6zpont\u00a0honlapj\u00e1n: www.felvi.hu Szakkeres\u0151 \/ szakok le\u00edr\u00e1sai: Kattintson ide! Inform\u00e1ci\u00f3 felv\u00e9teliz\u0151knek az SZTE honlapj\u00e1n: Kattintson ide! az SZTE BTK Tanulm\u00e1nyi Oszt\u00e1ly honlapj\u00e1n: Kattintson ide! Tov\u00e1bbi inform\u00e1ci\u00f3k a Oktat\u00e1s\/K\u00e9pz\u00e9si programok men\u00fcpontban tal\u00e1lhat\u00f3ak.<\/p>\n","protected":false},"author":2,"featured_media":0,"parent":10,"menu_order":0,"comment_status":"closed","ping_status":"closed","template":"","meta":{"footnotes":""},"class_list":["post-207","page","type-page","status-publish","hentry"],"_links":{"self":[{"href":"https:\/\/hispanisztikaszeged.hu\/index.php?rest_route=\/wp\/v2\/pages\/207","targetHints":{"allow":["GET"]}}],"collection":[{"href":"https:\/\/hispanisztikaszeged.hu\/index.php?rest_route=\/wp\/v2\/pages"}],"about":[{"href":"https:\/\/hispanisztikaszeged.hu\/index.php?rest_route=\/wp\/v2\/types\/page"}],"author":[{"embeddable":true,"href":"https:\/\/hispanisztikaszeged.hu\/index.php?rest_route=\/wp\/v2\/users\/2"}],"replies":[{"embeddable":true,"href":"https:\/\/hispanisztikaszeged.hu\/index.php?rest_route=%2Fwp%2Fv2%2Fcomments&post=207"}],"version-history":[{"count":12,"href":"https:\/\/hispanisztikaszeged.hu\/index.php?rest_route=\/wp\/v2\/pages\/207\/revisions"}],"predecessor-version":[{"id":2364,"href":"https:\/\/hispanisztikaszeged.hu\/index.php?rest_route=\/wp\/v2\/pages\/207\/revisions\/2364"}],"up":[{"embeddable":true,"href":"https:\/\/hispanisztikaszeged.hu\/index.php?rest_route=\/wp\/v2\/pages\/10"}],"wp:attachment":[{"href":"https:\/\/hispanisztikaszeged.hu\/index.php?rest_route=%2Fwp%2Fv2%2Fmedia&parent=207"}],"curies":[{"name":"wp","href":"https:\/\/api.w.org\/{rel}","templated":true}]}}