{"id":1933,"date":"2023-03-27T15:56:56","date_gmt":"2023-03-27T13:56:56","guid":{"rendered":"http:\/\/hispanisztikaszeged.hu\/?page_id=1933"},"modified":"2025-10-13T14:30:42","modified_gmt":"2025-10-13T12:30:42","slug":"klempane-faix-dora","status":"publish","type":"page","link":"https:\/\/hispanisztikaszeged.hu\/?page_id=1933","title":{"rendered":"Klemp\u00e1n\u00e9 Faix D\u00f3ra"},"content":{"rendered":"<p><a href=\"https:\/\/hispanisztikaszeged.hu\/wp-content\/uploads\/2023\/03\/FD.jpg\"><img loading=\"lazy\" decoding=\"async\" class=\"alignleft wp-image-1937\" src=\"https:\/\/hispanisztikaszeged.hu\/wp-content\/uploads\/2023\/03\/FD.jpg\" alt=\"fd\" width=\"125\" height=\"164\" \/><\/a><span style=\"color: #003366;\"><strong>Klemp\u00e1n\u00e9 Faix D\u00f3ra<\/strong><\/span><br \/>\n<span style=\"color: #003366;\">adjunktus<\/span><br \/>\n<span style=\"color: #003366;\"> <a style=\"color: #003366;\" href=\"mailto:faixd@yahoo.com\">faixd @ yahoo.com<\/a><\/span><br \/>\n<span style=\"color: #003366;\"> Fogad\u00f3\u00f3ra: szerda 12.00-13.00.\u00a0 2025-26\/I.f\u00e9l\u00e9v (el\u0151zetes e-mailes egyeztet\u00e9s alapj\u00e1n)<\/span><br \/>\n<span style=\"text-decoration: underline; color: #003366;\"><a style=\"color: #003366; text-decoration: underline;\" href=\"https:\/\/hispanisztikaszeged.hu\/wp-content\/uploads\/2023\/03\/FD_cv_hu.docx\">\u00c9letrajz<\/a><\/span><br \/>\n<span style=\"text-decoration: underline; color: #003366;\"> <a style=\"color: #003366; text-decoration: underline;\" href=\"https:\/\/hispanisztikaszeged.hu\/wp-content\/uploads\/2023\/03\/FD_publ_hu.docx\">Publik\u00e1ci\u00f3s jegyz\u00e9k<\/a><\/span><\/p>\n","protected":false},"excerpt":{"rendered":"<p>Klemp\u00e1n\u00e9 Faix D\u00f3ra adjunktus faixd @ yahoo.com Fogad\u00f3\u00f3ra: szerda 12.00-13.00.\u00a0 2025-26\/I.f\u00e9l\u00e9v (el\u0151zetes e-mailes egyeztet\u00e9s alapj\u00e1n) \u00c9letrajz Publik\u00e1ci\u00f3s jegyz\u00e9k<\/p>\n","protected":false},"author":2,"featured_media":0,"parent":13,"menu_order":3,"comment_status":"closed","ping_status":"closed","template":"","meta":{"footnotes":""},"class_list":["post-1933","page","type-page","status-publish","hentry"],"_links":{"self":[{"href":"https:\/\/hispanisztikaszeged.hu\/index.php?rest_route=\/wp\/v2\/pages\/1933","targetHints":{"allow":["GET"]}}],"collection":[{"href":"https:\/\/hispanisztikaszeged.hu\/index.php?rest_route=\/wp\/v2\/pages"}],"about":[{"href":"https:\/\/hispanisztikaszeged.hu\/index.php?rest_route=\/wp\/v2\/types\/page"}],"author":[{"embeddable":true,"href":"https:\/\/hispanisztikaszeged.hu\/index.php?rest_route=\/wp\/v2\/users\/2"}],"replies":[{"embeddable":true,"href":"https:\/\/hispanisztikaszeged.hu\/index.php?rest_route=%2Fwp%2Fv2%2Fcomments&post=1933"}],"version-history":[{"count":10,"href":"https:\/\/hispanisztikaszeged.hu\/index.php?rest_route=\/wp\/v2\/pages\/1933\/revisions"}],"predecessor-version":[{"id":2696,"href":"https:\/\/hispanisztikaszeged.hu\/index.php?rest_route=\/wp\/v2\/pages\/1933\/revisions\/2696"}],"up":[{"embeddable":true,"href":"https:\/\/hispanisztikaszeged.hu\/index.php?rest_route=\/wp\/v2\/pages\/13"}],"wp:attachment":[{"href":"https:\/\/hispanisztikaszeged.hu\/index.php?rest_route=%2Fwp%2Fv2%2Fmedia&parent=1933"}],"curies":[{"name":"wp","href":"https:\/\/api.w.org\/{rel}","templated":true}]}}