{"id":19,"date":"2016-10-24T19:49:30","date_gmt":"2016-10-24T19:49:30","guid":{"rendered":"http:\/\/hispanisztikaszeged.hu\/wordpress\/?page_id=19"},"modified":"2026-03-19T22:19:33","modified_gmt":"2026-03-19T21:19:33","slug":"tanarkepzes","status":"publish","type":"page","link":"https:\/\/hispanisztikaszeged.hu\/?page_id=19","title":{"rendered":"Tan\u00e1r tov\u00e1bbk\u00e9pz\u00e9s"},"content":{"rendered":"\n<h2 class=\"wp-block-heading\">2025 &#8211; VIII Jornada Did\u00e1ctica<\/h2>\n\n\n\n<p>Estimados Colegas:<\/p>\n\n\n\n<p>Os informamos de que el Departamento de Estudios Hisp\u00e1nicos de la Universidad de Szeged organiza su siguiente jornada did\u00e1ctica dirigida a profesores de ELE el 4 de octubre de 2025 en colaboraci\u00f3n con la Agregadur\u00eda de Educaci\u00f3n y Alcalingua, Universidad de Alcal\u00e1.<\/p>\n\n\n\n<p>Inscripci\u00f3n en el siguiente <a rel=\"noreferrer noopener\" href=\"http:\/\/forms.gle\/TtgfP1gebZVjn6gn8\" target=\"_blank\">enlace<\/a> hasta el 28 de septiembre de 2025.<\/p>\n\n\n\n<p><span style=\"color: #003366;\">Comit\u00e9 organizador: Zsuzsanna Csik\u00f3s, Eszter Katona, Tibor Berta, Veronika Praefort, Katalin Jancs\u00f3<\/span><\/p>\n\n\n\n<p>Aviso de privacidad en h\u00fangaro en el siguiente <a href=\"https:\/\/hispanisztikaszeged.hu\/wp-content\/uploads\/2025\/09\/adatkezelesi_tajekoztato_Spanyol_tovabbkepzo_nap.pdf\" data-type=\"link\" data-id=\"https:\/\/hispanisztikaszeged.hu\/wp-content\/uploads\/2025\/09\/adatkezelesi_tajekoztato_Spanyol_tovabbkepzo_nap.pdf\">enlace<\/a>. <\/p>\n\n\n\n<div data-wp-interactive=\"core\/file\" class=\"wp-block-file\"><object data-wp-bind--hidden=\"!state.hasPdfPreview\" hidden class=\"wp-block-file__embed\" data=\"https:\/\/hispanisztikaszeged.hu\/wp-content\/uploads\/2025\/09\/Jornada-Didactica-Szeged-2025.pdf\" type=\"application\/pdf\" style=\"width:100%;height:600px\" aria-label=\"Jornada Did\u00e1ctica de Szeged, 2025 be\u00e1gyaz\u00e1sa\"><\/object><a id=\"wp-block-file--media-9f9b4005-5796-426c-81e8-d726a3d15676\" href=\"https:\/\/hispanisztikaszeged.hu\/wp-content\/uploads\/2025\/09\/Jornada-Didactica-Szeged-2025.pdf\">Jornada Did\u00e1ctica de Szeged, 2025<\/a><a href=\"https:\/\/hispanisztikaszeged.hu\/wp-content\/uploads\/2025\/09\/Jornada-Didactica-Szeged-2025.pdf\" class=\"wp-block-file__button wp-element-button\" download aria-describedby=\"wp-block-file--media-9f9b4005-5796-426c-81e8-d726a3d15676\">Let\u00f6lt\u00e9s<\/a><\/div>\n\n\n\n<h2 class=\"wp-block-heading\">2023 &#8211; VII Jornada Did\u00e1ctica<\/h2>\n\n\n\n<p><span style=\"color: #003366;\">Estimados Colegas:<\/span><\/p>\n\n\n\n<p><span style=\"color: #003366;\">Os informamos de que el Departamento de Estudios Hisp\u00e1nicos de la Universidad de Szeged organiza su s\u00e9ptima jornada did\u00e1ctica dirigida a profesores de espa\u00f1ol el <strong>18&nbsp;de&nbsp;noviembre de 2023<\/strong>.&nbsp;<\/span><\/p>\n\n\n\n<p><span style=\"color: #003366;\">La tem\u00e1tica principal de los talleres de este a\u00f1o es la siguiente:<\/span><\/p>\n\n\n\n<p><span style=\"color: #003366;\"><strong>El trabajo por proyectos en el aula de ELE<\/strong><\/span><\/p>\n\n\n\n<p><span style=\"color: #003366;\">Inscripci\u00f3n hasta el 10 de noviembre en el siguiente&nbsp;<a href=\"https:\/\/forms.gle\/xnqfQ44ZBnMW5pJS7\" target=\"_blank\" rel=\"noopener\">enlace<\/a>.<\/span><\/p>\n\n\n\n<p><span style=\"color: #003366;\">Aviso de privacidad en h\u00fangaro en el siguiente <a style=\"color: #003366;\" href=\"https:\/\/hispanisztikaszeged.hu\/wp-content\/uploads\/2023\/11\/adatkezelesi_tajekoztato_Spanyol_tovabbkepzo_nap.pdf\" target=\"_blank\" rel=\"noopener\">enlace<\/a>.<\/span><\/p>\n\n\n\n<p><span style=\"color: #003366;\">Comit\u00e9 organizador: Tibor Berta, Zsuzsanna Csik\u00f3s, Eszter Katona, Andr\u00e1s L\u00e9n\u00e1rt, Veronika Praefort, Katalin Jancs\u00f3<\/span><\/p>\n\n\n<div class=\"wp-block-image\">\n<figure class=\"aligncenter\"><img loading=\"lazy\" decoding=\"async\" width=\"300\" height=\"169\" src=\"https:\/\/hispanisztikaszeged.hu\/wp-content\/uploads\/2016\/10\/EL-TRABAJO-POR-PROYECTOS-EN-EL-AULA-DE-ELE-1-300x169.png\" alt=\"el-trabajo-por-proyectos-en-el-aula-de-ele-1\" class=\"wp-image-2026\" srcset=\"https:\/\/hispanisztikaszeged.hu\/wp-content\/uploads\/2016\/10\/EL-TRABAJO-POR-PROYECTOS-EN-EL-AULA-DE-ELE-1-300x169.png 300w, https:\/\/hispanisztikaszeged.hu\/wp-content\/uploads\/2016\/10\/EL-TRABAJO-POR-PROYECTOS-EN-EL-AULA-DE-ELE-1-768x433.png 768w, https:\/\/hispanisztikaszeged.hu\/wp-content\/uploads\/2016\/10\/EL-TRABAJO-POR-PROYECTOS-EN-EL-AULA-DE-ELE-1-360x203.png 360w\" sizes=\"auto, (max-width: 300px) 100vw, 300px\" \/><\/figure><\/div>\n\n\n<p><\/p>\n\n\n\n<hr class=\"wp-block-separator has-alpha-channel-opacity\"\/>\n\n\n\n<h3 class=\"wp-block-heading\">&nbsp;<\/h3>\n\n\n\n<h3 class=\"wp-block-heading\"><strong>2018 &#8211; IV. Jornada Did\u00e1ctica<\/strong><\/h3>\n\n\n\n<p><span style=\"color: #003366;\">Estimados Colegas:<\/span><\/p>\n\n\n\n<p><span style=\"color: #003366;\">Os informamos de que el Departamento de Estudios Hisp\u00e1nicos de la Universidad de Szeged organiza su cuarta jornada did\u00e1ctica dirigida a profesores de espa\u00f1ol el <strong>22 de septiembre de 2018<\/strong>. El lugar de la jornada ser\u00e1 el Departamento de Estudios Hisp\u00e1nicos y los edificios de la Facultad de Letras de la Universidad de Szeged.<\/span><\/p>\n\n\n\n<p><span style=\"color: #003366;\">La tem\u00e1tica principal de los talleres de este a\u00f1o es la siguiente:<\/span><\/p>\n\n\n\n<p><span style=\"color: #003366;\"><strong>Aprendizaje experiencial e innovaci\u00f3n educativa en las clases de ELE<\/strong><\/span><\/p>\n\n\n\n<p><span style=\"color: #003366;\">Os invitamos a participar en la jornada, al final de la cual se expedir\u00e1 un certificado de asistencia que servir\u00e1 para convalidar los cr\u00e9ditos obtenidos en la formaci\u00f3n continua del profesorado. La participaci\u00f3n es gratuita, sin embargo, como habr\u00e1 un l\u00edmite en el registro de asistentes hasta 40 participantes, os recomendamos completar el <strong>registro en l\u00ednea<\/strong> en la p\u00e1gina siguiente <strong>hasta el d\u00eda 12 de septiembre<\/strong>:<\/span><\/p>\n\n\n\n<h3 class=\"wp-block-heading\"><span style=\"color: #003366;\"><a style=\"color: #003366;\" href=\"https:\/\/docs.google.com\/forms\/d\/e\/1FAIpQLSdn6KGirE7eSiggtMoAhi8sYxthDh02mtyzsameI8qFVMuzTg\/viewform?usp=sf_link\" target=\"_blank\" rel=\"noopener\">REGISTRACI\u00d3N<\/a><\/span><\/h3>\n\n\n\n<p><span style=\"color: #003366;\">Esperamos vuestros comentarios o preguntas en la direcci\u00f3n electr\u00f3nica de nuestro departamento (o en la direcci\u00f3n &lt;jkattinka@gmail.com&gt;). <\/span><\/p>\n\n\n\n<p><span style=\"color: #003366;\">Saludos cordiales,<\/span><\/p>\n\n\n\n<p><span style=\"color: #003366;\">El Comit\u00e9 Organizador<\/span><\/p>\n\n\n\n<h2 class=\"wp-block-heading\"><span style=\"color: #003366;\">2017<\/span><\/h2>\n\n\n\n<p><span style=\"color: #003366;\">Estimados colegas:<\/span><\/p>\n\n\n\n<p><span style=\"color: #003366;\">Os informamos de que el Departamento de Estudios Hisp\u00e1nicos de la Universidad de Szeged organiza su tercera jornada did\u00e1ctica dirigida a profesores de espa\u00f1ol el <strong>30 de septiembre de 2017<\/strong>. El lugar de la jornada ser\u00e1 el Departamento de Estudios Hisp\u00e1nicos y los edificios de la Facultad de Letras de la Universidad de Szeged.<\/span><\/p>\n\n\n\n<p><span style=\"color: #003366;\">El programa del evento se puede leer <span style=\"color: #ff0000;\"><strong><a style=\"color: #ff0000;\" href=\"https:\/\/hispanisztikaszeged.hu\/wp-content\/uploads\/2016\/10\/jornada2017programa.pdf\" target=\"_blank\" rel=\"noopener\">aqu\u00ed<\/a><\/strong><\/span>.<\/span><\/p>\n\n\n\n<p><span style=\"color: #003366;\">Se puede registrar&nbsp;en l\u00ednea hasta el 17 de septiembre, 2017:<\/span><\/p>\n\n\n\n<h3 class=\"wp-block-heading\"><span style=\"color: #003366;\"><strong><a style=\"color: #003366;\" href=\"https:\/\/docs.google.com\/forms\/d\/e\/1FAIpQLSfjp88V048WL5YojhuidEKtWg4qT-ATBz6UGe5voZLB6pV7hw\/viewform?usp=sf_link\">REGISTRACI\u00d3N<\/a><\/strong><\/span><\/h3>\n\n\n\n<p><span style=\"color: #003366;\">Esperamos vuestros comentarios o preguntas en la direcci\u00f3n electr\u00f3nica de nuestro departamento:&nbsp;hispan @ hist.u-szeged.hu (o: jkattinka @ gmail.com)<\/span><\/p>\n\n\n\n<p><span style=\"color: #003366;\">Saludos cordiales<\/span><\/p>\n\n\n\n<p><span style=\"color: #003366;\">El Comit\u00e9 Organizador<\/span><\/p>\n\n\n\n<h2 class=\"wp-block-heading\">&nbsp;<\/h2>\n\n\n\n<h2 class=\"wp-block-heading\"><span style=\"color: #333333;\">2016<\/span><\/h2>\n\n\n\n<p>Estimados colegas:<\/p>\n\n\n\n<p>Os informamos de que el Departamento de Estudios Hisp\u00e1nicos de la Universidad de Szeged, continuando la tradici\u00f3n iniciada el a\u00f1o pasado, vuelve a organizar su jornada did\u00e1ctica dirigida a profesores de espa\u00f1ol. La fecha planeada del evento es el <strong>1 de octubre de 2016<\/strong>. El lugar de la jornada ser\u00e1 el Departamento de Estudios Hisp\u00e1nicos y los edificios de la Facultad de Letras de la Universidad de Szeged.<br>La tem\u00e1tica principal de los talleres de este a\u00f1o es la siguiente:<br><strong><br>Nuevos enfoques de la gram\u00e1tica y el uso de las TIC en la clase de E\/LE<\/strong><\/p>\n\n\n\n<p>Os invitamos a participar en la jornada, al final de la cual se expedir\u00e1 un certificado de asistencia que servir\u00e1 para convalidar los cr\u00e9ditos obtenidos en la formaci\u00f3n continua del profesorado. La participaci\u00f3n es gratuita, sin embargo, como habr\u00e1 un l\u00edmite en el registro de asistentes hasta 50 participantes, os recomendamos registrarse en la direcci\u00f3n electr\u00f3nica de nuestro departamento (hispan@hist.u-szeged.hu), indicando vuestro nombre y el centro educativo. Os enviamos el programa detallado de la jornada a principios de septiembre.<\/p>\n\n\n\n<p>Saludos cordiales y un verano estupendo para todos,<\/p>\n\n\n\n<p>El Comit\u00e9 Organizador<\/p>\n\n\n\n<p>El programa de la jornada se puede encontrar en el siguiente <a href=\"https:\/\/hispanisztikaszeged.hu\/wp-content\/uploads\/2016\/10\/segundajornadadeszegedprograma.pdf\" target=\"_blank\" rel=\"noopener\">enlace<\/a>.<\/p>\n\n\n\n<h2 class=\"wp-block-heading\">2015<\/h2>\n\n\n\n<p>A Szegedi Tudom\u00e1nyegyetem Hispanisztika Tansz\u00e9ke a T\u00c1MOP-4.2.1.D-15\/1\/KONV-2015-0002 <em>&#8222;Tud\u00e1s-ipar ig\u00e9nyeit kiszolg\u00e1l\u00f3 fels\u0151oktat\u00e1si szolg\u00e1ltat\u00e1sok&nbsp; megalapoz\u00e1sa a D\u00e9l-Alf\u00f6ldi r\u00e9gi\u00f3ban\u201d<\/em> c\u00edm\u0171 programja keret\u00e9ben <em>\u00abKih\u00edv\u00e1sok a spanyol nyelv oktat\u00e1s\u00e1ban\u00bb (Retos en la ense\u00f1anza del espa\u00f1ol)<\/em> c\u00edmmel <strong>szakmai<\/strong> <strong>tov\u00e1bbk\u00e9pz\u00e9s<\/strong>t tartott 2015. szeptember 26-\u00e1n.<\/p>\n\n\n\n<p>A rendezv\u00e9ny programj\u00e1t&nbsp;<strong><a href=\"https:\/\/hispanisztikaszeged.hu\/wp-content\/uploads\/2016\/10\/T\u00c1MOPSpanyolDidaktikaiNap20150926.pdf\">itt<\/a><\/strong> olvashatja.<\/p>\n\n\n\n<p>Az el\u0151ad\u00e1sok a c\u00edmre kattintva PDF form\u00e1tumban let\u00f6lthet\u0151k:<\/p>\n\n\n\n<p><strong>Dr. Berta Tibor:<\/strong> <a href=\"https:\/\/hispanisztikaszeged.hu\/wp-content\/uploads\/2016\/10\/bertatibor_tanulmany_jav.doc\" target=\"_blank\" rel=\"noopener\">A nyelvt\u00f6rt\u00e9net a nyelvoktat\u00e1sban<\/a>&nbsp;(Aportaciones de la ling\u00fc\u00edstica diacr\u00f3nica a la ense\u00f1anza de idiomas)<\/p>\n\n\n\n<p><strong>Dr. Jancs\u00f3 Katalin:<\/strong> <a href=\"https:\/\/hispanisztikaszeged.hu\/wp-content\/uploads\/2016\/10\/jancsokatalin_tanulmany_jav.doc\" target=\"_blank\" rel=\"noopener\">Latin-Amerika a spanyol nyelv\u00f3r\u00e1n. Sztereot\u00edpia \u00e9s nyelv<\/a>&nbsp;(Temas latinoamericanos en la clase de E\/LE. Estereotipos y lengua)<\/p>\n\n\n\n<p><strong>Praefort Veronika: <\/strong><a href=\"https:\/\/hispanisztikaszeged.hu\/wp-content\/uploads\/2016\/10\/praefortveronika_tanulmany_jav.doc\" target=\"_blank\" rel=\"noopener\">Nyelvoktat\u00e1s a tanul\u00e1si neh\u00e9zs\u00e9gekkel k\u00fczd\u0151 tanul\u00f3k eset\u00e9ben. Technik\u00e1k, m\u00f3dszerek, tev\u00e9kenys\u00e9gek<\/a>&nbsp;(La ense\u00f1anza del espa\u00f1ol y los problemas de aprendizaje. T\u00e9cnicas, m\u00e9todos, actividades.)<\/p>\n\n\n\n<p><strong>Marcos Eduardo De Juana Espinosa:<\/strong> <a href=\"https:\/\/hispanisztikaszeged.hu\/wp-content\/uploads\/2016\/10\/Marcosdejuana_tanulmany_jav.doc\" target=\"_blank\" rel=\"noopener\">Az interakci\u00f3 a spanyol nyelv\u00f3r\u00e1n. Spanyolorsz\u00e1gi \u00e9s magyarorsz\u00e1gi tapasztalatok<\/a> (La interacci\u00f3n en la clase de espa\u00f1ol. Experiencias en Espa\u00f1a y Hungr\u00eda.)<\/p>\n","protected":false},"excerpt":{"rendered":"<p>2025 &#8211; VIII Jornada Did\u00e1ctica Estimados Colegas: Os informamos de que el Departamento de Estudios Hisp\u00e1nicos de la Universidad de Szeged organiza su siguiente jornada did\u00e1ctica dirigida a profesores de ELE el 4 de octubre de 2025 en colaboraci\u00f3n con <a href=\"https:\/\/hispanisztikaszeged.hu\/?page_id=19\" class=\"read-more\">Read More &#8230;<\/a><\/p>\n","protected":false},"author":3,"featured_media":0,"parent":0,"menu_order":0,"comment_status":"closed","ping_status":"closed","template":"","meta":{"footnotes":""},"class_list":["post-19","page","type-page","status-publish","hentry"],"_links":{"self":[{"href":"https:\/\/hispanisztikaszeged.hu\/index.php?rest_route=\/wp\/v2\/pages\/19","targetHints":{"allow":["GET"]}}],"collection":[{"href":"https:\/\/hispanisztikaszeged.hu\/index.php?rest_route=\/wp\/v2\/pages"}],"about":[{"href":"https:\/\/hispanisztikaszeged.hu\/index.php?rest_route=\/wp\/v2\/types\/page"}],"author":[{"embeddable":true,"href":"https:\/\/hispanisztikaszeged.hu\/index.php?rest_route=\/wp\/v2\/users\/3"}],"replies":[{"embeddable":true,"href":"https:\/\/hispanisztikaszeged.hu\/index.php?rest_route=%2Fwp%2Fv2%2Fcomments&post=19"}],"version-history":[{"count":30,"href":"https:\/\/hispanisztikaszeged.hu\/index.php?rest_route=\/wp\/v2\/pages\/19\/revisions"}],"predecessor-version":[{"id":2789,"href":"https:\/\/hispanisztikaszeged.hu\/index.php?rest_route=\/wp\/v2\/pages\/19\/revisions\/2789"}],"wp:attachment":[{"href":"https:\/\/hispanisztikaszeged.hu\/index.php?rest_route=%2Fwp%2Fv2%2Fmedia&parent=19"}],"curies":[{"name":"wp","href":"https:\/\/api.w.org\/{rel}","templated":true}]}}