{"id":189,"date":"2016-10-27T07:19:54","date_gmt":"2016-10-27T07:19:54","guid":{"rendered":"http:\/\/hispanisztikaszeged.hu\/wordpress\/?page_id=189"},"modified":"2025-03-18T10:03:02","modified_gmt":"2025-03-18T09:03:02","slug":"homo-hispanisticus","status":"publish","type":"page","link":"https:\/\/hispanisztikaszeged.hu\/?page_id=189","title":{"rendered":"Homo Hispanisticus"},"content":{"rendered":"<p style=\"text-align: justify;\"><span style=\"color: #003366;\">A di\u00e1kjaink \u00e9s a tansz\u00e9k lektorainak seg\u00edts\u00e9g\u00e9vel szerkesztett foly\u00f3irat t\u00f6bb, mint 10 \u00e9ve ny\u00fajt lehet\u0151s\u00e9get tudom\u00e1nyos \u00e9s irodalmi\u00a0\u00edr\u00e1sok, versek, interj\u00fak k\u00f6zl\u00e9s\u00e9re,\u00a0a tansz\u00e9k \u00e9let\u00e9nek bemutat\u00e1s\u00e1ra.\u00a0Az \u00fajs\u00e1g a tov\u00e1bbiakban elektronikus form\u00e1ban,\u00a0meg\u00fajult honlapunkon fog jelentkezni. V\u00e1rjuk azoknak a di\u00e1koknak a jelentkez\u00e9s\u00e9t, akik \u00edr\u00e1saikkal, \u00f6tleteikkel r\u00e9szt venn\u00e9nek a lap szerkeszt\u00e9s\u00e9ben. Az \u00e9rdekl\u0151d\u0151 di\u00e1kok jelentkezzenek a tansz\u00e9ki irod\u00e1ban.<\/span><\/p>\n<p><span style=\"color: #003366;\">Idei sz\u00e1m: <a href=\"https:\/\/hispanisztikaszeged.hu\/wp-content\/uploads\/2025\/03\/HH2025.pdf\">2025<\/a><br \/>\n<\/span><\/p>\n<p><span style=\"color: #003366;\">Kor\u00e1bbi sz\u00e1mainkat az al\u00e1bbiakban olvashatj\u00e1k:<\/span><br \/>\n<span style=\"color: #003366;\"><a href=\"https:\/\/hispanisztikaszeged.hu\/wp-content\/uploads\/2024\/05\/HH_2024.pdf\">2024<\/a><a href=\"https:\/\/hispanisztikaszeged.hu\/wp-content\/uploads\/2016\/10\/HH_2023.pdf\">, 2023<\/a><a style=\"color: #003366;\" href=\"https:\/\/hispanisztikaszeged.hu\/wp-content\/uploads\/2016\/10\/HH2022.pdf\">, 2022<\/a>, <a style=\"color: #003366;\" href=\"https:\/\/hispanisztikaszeged.hu\/wp-content\/uploads\/2016\/10\/HH2021.pdf\">2021<\/a>, <a style=\"color: #003366;\" href=\"https:\/\/hispanisztikaszeged.hu\/wp-content\/uploads\/2016\/10\/HH2020online.pdf\">2020<\/a>, <a style=\"color: #003366;\" href=\"https:\/\/hispanisztikaszeged.hu\/wp-content\/uploads\/2016\/10\/HH-2019.pdf\">2019<\/a> <a style=\"color: #003366;\" href=\"https:\/\/hispanisztikaszeged.hu\/wp-content\/uploads\/2018\/03\/HH2018online.pdf\">2018<\/a> <\/span><span style=\"color: #003366;\"><a style=\"color: #003366;\" href=\"https:\/\/hispanisztikaszeged.hu\/wp-content\/uploads\/2018\/03\/HH2017.pdf\">2017<\/a>\u00a0<a style=\"color: #003366;\" href=\"https:\/\/hispanisztikaszeged.hu\/wp-content\/uploads\/2018\/03\/HH2016.pdf\">2016<\/a> <a style=\"color: #003366;\" href=\"https:\/\/hispanisztikaszeged.hu\/wp-content\/uploads\/2017\/03\/2010-11.pdf\">2010\/2011<\/a> <a style=\"color: #003366;\" href=\"https:\/\/hispanisztikaszeged.hu\/wp-content\/uploads\/2016\/10\/2010.pdf\">2010<\/a> <a style=\"color: #003366;\" href=\"https:\/\/hispanisztikaszeged.hu\/wp-content\/uploads\/2017\/03\/2007-2008-1.pdf\">2007\/2008<\/a>\u00a0<a style=\"color: #003366;\" href=\"https:\/\/hispanisztikaszeged.hu\/wp-content\/uploads\/2017\/03\/2005.pdf\">2005<\/a>\u00a0<a style=\"color: #003366;\" href=\"https:\/\/hispanisztikaszeged.hu\/wp-content\/uploads\/2017\/03\/2003.pdf\">2003<\/a>\u00a0 <a style=\"color: #003366;\" href=\"https:\/\/hispanisztikaszeged.hu\/wp-content\/uploads\/2017\/03\/2000-2001.pdf\">2000\/2001<\/a> 2000\u00a0<a style=\"color: #003366;\" href=\"https:\/\/hispanisztikaszeged.hu\/wp-content\/uploads\/2017\/03\/1999-2000.pdf\">1999\/2000<\/a>\u00a0<a style=\"color: #003366;\" href=\"https:\/\/hispanisztikaszeged.hu\/wp-content\/uploads\/2017\/03\/1997.pdf\">1997<\/a> <a style=\"color: #003366;\" href=\"https:\/\/hispanisztikaszeged.hu\/wp-content\/uploads\/2017\/03\/1994-1.pdf\">1994\/1<\/a>, <a style=\"color: #003366;\" href=\"https:\/\/hispanisztikaszeged.hu\/wp-content\/uploads\/2017\/03\/1994-2.pdf\">1994\/2<\/a><\/span><\/p>\n<p><span style=\"color: #003366;\">A kiadv\u00e1nyok ISSN sz\u00e1ma:<\/span><br \/>\n<span style=\"color: #003366;\"> ISSN 2498-7964 (Nyomtatott)<\/span><br \/>\n<span style=\"color: #003366;\"> ISSN 2498-7972 (Online)<\/span><\/p>\n","protected":false},"excerpt":{"rendered":"<p>A di\u00e1kjaink \u00e9s a tansz\u00e9k lektorainak seg\u00edts\u00e9g\u00e9vel szerkesztett foly\u00f3irat t\u00f6bb, mint 10 \u00e9ve ny\u00fajt lehet\u0151s\u00e9get tudom\u00e1nyos \u00e9s irodalmi\u00a0\u00edr\u00e1sok, versek, interj\u00fak k\u00f6zl\u00e9s\u00e9re,\u00a0a tansz\u00e9k \u00e9let\u00e9nek bemutat\u00e1s\u00e1ra.\u00a0Az \u00fajs\u00e1g a tov\u00e1bbiakban elektronikus form\u00e1ban,\u00a0meg\u00fajult honlapunkon fog jelentkezni. V\u00e1rjuk azoknak a di\u00e1koknak a jelentkez\u00e9s\u00e9t, akik \u00edr\u00e1saikkal, <a href=\"https:\/\/hispanisztikaszeged.hu\/?page_id=189\" class=\"read-more\">Read More &#8230;<\/a><\/p>\n","protected":false},"author":3,"featured_media":0,"parent":157,"menu_order":0,"comment_status":"closed","ping_status":"closed","template":"","meta":{"footnotes":""},"class_list":["post-189","page","type-page","status-publish","hentry"],"_links":{"self":[{"href":"https:\/\/hispanisztikaszeged.hu\/index.php?rest_route=\/wp\/v2\/pages\/189","targetHints":{"allow":["GET"]}}],"collection":[{"href":"https:\/\/hispanisztikaszeged.hu\/index.php?rest_route=\/wp\/v2\/pages"}],"about":[{"href":"https:\/\/hispanisztikaszeged.hu\/index.php?rest_route=\/wp\/v2\/types\/page"}],"author":[{"embeddable":true,"href":"https:\/\/hispanisztikaszeged.hu\/index.php?rest_route=\/wp\/v2\/users\/3"}],"replies":[{"embeddable":true,"href":"https:\/\/hispanisztikaszeged.hu\/index.php?rest_route=%2Fwp%2Fv2%2Fcomments&post=189"}],"version-history":[{"count":18,"href":"https:\/\/hispanisztikaszeged.hu\/index.php?rest_route=\/wp\/v2\/pages\/189\/revisions"}],"predecessor-version":[{"id":2497,"href":"https:\/\/hispanisztikaszeged.hu\/index.php?rest_route=\/wp\/v2\/pages\/189\/revisions\/2497"}],"up":[{"embeddable":true,"href":"https:\/\/hispanisztikaszeged.hu\/index.php?rest_route=\/wp\/v2\/pages\/157"}],"wp:attachment":[{"href":"https:\/\/hispanisztikaszeged.hu\/index.php?rest_route=%2Fwp%2Fv2%2Fmedia&parent=189"}],"curies":[{"name":"wp","href":"https:\/\/api.w.org\/{rel}","templated":true}]}}