{"id":186,"date":"2016-10-27T07:19:41","date_gmt":"2016-10-27T07:19:41","guid":{"rendered":"http:\/\/hispanisztikaszeged.hu\/wordpress\/?page_id=186"},"modified":"2019-03-05T21:49:23","modified_gmt":"2019-03-05T20:49:23","slug":"serie-didactica","status":"publish","type":"page","link":"https:\/\/hispanisztikaszeged.hu\/?page_id=186","title":{"rendered":"Serie Did\u00e1ctica"},"content":{"rendered":"<p style=\"text-align: justify;\"><span style=\"color: #003366;\">SERIE DID\u00c1CTICA\u00a0c\u00edmmel online el\u00e9rhet\u0151, ingyenes, \u00e9vente megjelen\u0151, spanyol nyelv\u0171 m\u00f3dszertani foly\u00f3iratot ind\u00edtunk a spanyol nyelv tan\u00edt\u00e1sa ir\u00e1nt \u00e9rdekl\u0151d\u0151 magyar \u00e9s k\u00fclf\u00f6ldi szakemberek, tan\u00e1rok, spanyoltan\u00e1rnak k\u00e9sz\u00fcl\u0151 hallgat\u00f3k sz\u00e1m\u00e1ra. A foly\u00f3irat kiad\u00e1s\u00e1nak gondolata az imm\u00e1ron hagyom\u00e1nny\u00e1 v\u00e1lt Jornada Did\u00e1ctica, azaz M\u00f3dszertani Nap kapcs\u00e1n mer\u00fclt fel, melyet minden \u0151sz elej\u00e9n szervez meg tansz\u00e9k\u00fcnk hazai \u00e9s hat\u00e1ron t\u00fali spanyoltan\u00e1rok sz\u00e1m\u00e1ra. A m\u00f3dszertani napok anyagait szerett\u00fck volna az olvas\u00f3k\u00f6z\u00f6ns\u00e9g sz\u00e1m\u00e1ra el\u00e9rhet\u0151v\u00e9 tenni, \u00edgy tudom\u00e1nyos cikkek \u00e9s gyakorlati anyagok is helyt kapnak a foly\u00f3iratban. Mindemellett a tansz\u00e9k\u00fcnk\u00f6n foly\u00f3 m\u00f3dszertani m\u0171helymunka\u00a0bemutat\u00e1s\u00e1nak r\u00e9szek\u00e9nt tehets\u00e9ges di\u00e1kjaink\u00a0\u00e1ltal kidolgozott, az oktat\u00e1sban alkalmazhat\u00f3 gyakorlati anyagokb\u00f3l is k\u00f6z\u00f6lni fogunk p\u00e9ld\u00e1kat a j\u00f6v\u0151ben.<\/span><\/p>\n<p style=\"text-align: justify;\"><span style=\"color: #003366;\">Foly\u00f3iratunk \u00f6n\u00e1ll\u00f3 <strong><a href=\"http:\/\/www.seriedidactica.wordpress.com\" target=\"_blank\">honlapja<\/a><\/strong><\/span><\/p>\n<p><span style=\"color: #003366;\"><a style=\"color: #003366;\" href=\"https:\/\/hispanisztikaszeged.hu\/?page_id=672\">Impresszum<\/a><\/span><\/p>\n<p><span style=\"color: #003366;\">A legfrissebb sz\u00e1m: <a href=\"https:\/\/hispanisztikaszeged.hu\/wp-content\/uploads\/2016\/10\/seriedidactica2019.pdf\" target=\"_blank\">Serie Did\u00e1ctica Vol. 3 2019<\/a><\/span><\/p>\n<p>&nbsp;<\/p>\n<p><img loading=\"lazy\" decoding=\"async\" class=\"alignnone size-medium wp-image-1329\" src=\"https:\/\/hispanisztikaszeged.hu\/wp-content\/uploads\/2016\/10\/SDborito2019-212x300.jpg\" alt=\"sdborito2019\" width=\"212\" height=\"300\" srcset=\"https:\/\/hispanisztikaszeged.hu\/wp-content\/uploads\/2016\/10\/SDborito2019-212x300.jpg 212w, https:\/\/hispanisztikaszeged.hu\/wp-content\/uploads\/2016\/10\/SDborito2019-768x1084.jpg 768w, https:\/\/hispanisztikaszeged.hu\/wp-content\/uploads\/2016\/10\/SDborito2019-191x270.jpg 191w, https:\/\/hispanisztikaszeged.hu\/wp-content\/uploads\/2016\/10\/SDborito2019.jpg 1075w\" sizes=\"auto, (max-width: 212px) 100vw, 212px\" \/><\/p>\n<p><span style=\"color: #003366;\"><a style=\"color: #003366;\" href=\"https:\/\/hispanisztikaszeged.hu\/?page_id=675\">Arch\u00edvum<\/a><\/span><\/p>\n<p><span style=\"color: #003366;\">Foly\u00f3iratunk Issue, lapozhat\u00f3 form\u00e1tumban: <a href=\"https:\/\/issuu.com\/seriedidactica\" target=\"_blank\">www.issue.com\/seriedidactica<\/a><\/span><\/p>\n<p><span style=\"color: #003366;\"><a style=\"color: #003366;\" href=\"https:\/\/hispanisztikaszeged.hu\/wp-content\/uploads\/2016\/10\/normasseriedidactica.docx\" target=\"_blank\">Formai k\u00f6vetelm\u00e9nyek \u00e9s instrukci\u00f3k<\/a>\u00a0a szerz\u0151knek a <em>Seria Did\u00e1ctica<\/em> foly\u00f3iratban t\u00f6rt\u00e9n\u0151 publik\u00e1l\u00e1sra<\/span><\/p>\n","protected":false},"excerpt":{"rendered":"<p>SERIE DID\u00c1CTICA\u00a0c\u00edmmel online el\u00e9rhet\u0151, ingyenes, \u00e9vente megjelen\u0151, spanyol nyelv\u0171 m\u00f3dszertani foly\u00f3iratot ind\u00edtunk a spanyol nyelv tan\u00edt\u00e1sa ir\u00e1nt \u00e9rdekl\u0151d\u0151 magyar \u00e9s k\u00fclf\u00f6ldi szakemberek, tan\u00e1rok, spanyoltan\u00e1rnak k\u00e9sz\u00fcl\u0151 hallgat\u00f3k sz\u00e1m\u00e1ra. A foly\u00f3irat kiad\u00e1s\u00e1nak gondolata az imm\u00e1ron hagyom\u00e1nny\u00e1 v\u00e1lt Jornada Did\u00e1ctica, azaz M\u00f3dszertani Nap <a href=\"https:\/\/hispanisztikaszeged.hu\/?page_id=186\" class=\"read-more\">Read More &#8230;<\/a><\/p>\n","protected":false},"author":3,"featured_media":0,"parent":137,"menu_order":0,"comment_status":"closed","ping_status":"closed","template":"","meta":{"footnotes":""},"class_list":["post-186","page","type-page","status-publish","hentry"],"_links":{"self":[{"href":"https:\/\/hispanisztikaszeged.hu\/index.php?rest_route=\/wp\/v2\/pages\/186","targetHints":{"allow":["GET"]}}],"collection":[{"href":"https:\/\/hispanisztikaszeged.hu\/index.php?rest_route=\/wp\/v2\/pages"}],"about":[{"href":"https:\/\/hispanisztikaszeged.hu\/index.php?rest_route=\/wp\/v2\/types\/page"}],"author":[{"embeddable":true,"href":"https:\/\/hispanisztikaszeged.hu\/index.php?rest_route=\/wp\/v2\/users\/3"}],"replies":[{"embeddable":true,"href":"https:\/\/hispanisztikaszeged.hu\/index.php?rest_route=%2Fwp%2Fv2%2Fcomments&post=186"}],"version-history":[{"count":20,"href":"https:\/\/hispanisztikaszeged.hu\/index.php?rest_route=\/wp\/v2\/pages\/186\/revisions"}],"predecessor-version":[{"id":1330,"href":"https:\/\/hispanisztikaszeged.hu\/index.php?rest_route=\/wp\/v2\/pages\/186\/revisions\/1330"}],"up":[{"embeddable":true,"href":"https:\/\/hispanisztikaszeged.hu\/index.php?rest_route=\/wp\/v2\/pages\/137"}],"wp:attachment":[{"href":"https:\/\/hispanisztikaszeged.hu\/index.php?rest_route=%2Fwp%2Fv2%2Fmedia&parent=186"}],"curies":[{"name":"wp","href":"https:\/\/api.w.org\/{rel}","templated":true}]}}