{"id":1740,"date":"2022-03-14T21:47:49","date_gmt":"2022-03-14T20:47:49","guid":{"rendered":"http:\/\/hispanisztikaszeged.hu\/?page_id=1740"},"modified":"2026-03-13T21:16:08","modified_gmt":"2026-03-13T20:16:08","slug":"coloquio-internacional","status":"publish","type":"page","link":"https:\/\/hispanisztikaszeged.hu\/?page_id=1740","title":{"rendered":"K\u00f6z\u00e9piskolai verseny"},"content":{"rendered":"\n<h5 class=\"wp-block-heading\"><a href=\"https:\/\/hispanisztikaszeged.hu\/wp-content\/uploads\/2024\/11\/Adatkezelesi_ta_Sp_kult_verseny.pdf\">Adatkezel\u00e9si t\u00e1j\u00e9koztat\u00f3<\/a><\/h5>\n\n\n\n<p class=\"has-text-align-center\"><strong>CONCURSO EDUCATIVO &#8211; PATRIMONIO CULTURAL DEL MUNDO HISP\u00c1NICO 2026<\/strong><\/p>\n\n\n\n<p class=\"has-text-align-center\"><strong>TANULM\u00c1NYI VERSENY &#8211; A HISP\u00c1N VIL\u00c1G KULTUR\u00c1LIS \u00d6R\u00d6KS\u00c9GE<\/strong><\/p>\n\n\n\n<hr class=\"wp-block-separator has-alpha-channel-opacity\"\/>\n\n\n\n<p>M\u00e1rcius 13-\u00e1n ker\u00fclt sor a 2025-2026-os tan\u00e9vre meghirdetett k\u00f6z\u00e9piskolai verseny d\u00edjkioszt\u00f3j\u00e1ra. A verseny helyezettjei a k\u00f6vetkez\u0151 csapatok voltak:<\/p>\n\n\n\n<p><strong>1. helyezett<\/strong><\/p>\n\n\n\n<ol class=\"wp-block-list\"><\/ol>\n\n\n\n<p><strong>csapat: <em>Poco Loco,<\/em> Borsi Laura, Koronics Lili \u00e9s Horv\u00e1th Tam\u00e1s \u2013 c\u00edm: Recu\u00e9rdalo COCO<\/strong><\/p>\n\n\n\n<p>felk\u00e9sz\u00edt\u0151 tan\u00e1r: Pop Stella<\/p>\n\n\n\n<p>K\u0151r\u00f6si Csoma S\u00e1ndor K\u00e9t Tan\u00edt\u00e1si Nyelv\u0171 Baptista Gimn\u00e1zium, Budapest<\/p>\n\n\n\n<p><strong>2. helyezett<\/strong><\/p>\n\n\n\n<p><strong>csapat: <em>El d\u00fao din\u00e1mico,<\/em> Kir\u00e1ly Judit \u00e9s K\u00f6vesdi L\u00facia \u2013 c\u00edm: A quien aman, recuerdan: La cultura mexicana en las p\u00e1ginas dEl Libro de la Vida<\/strong><\/p>\n\n\n\n<p>felk\u00e9sz\u00edt\u0151 tan\u00e1r: Sz\u0171csn\u00e9 Balogh Judit<\/p>\n\n\n\n<p>T\u00f3th \u00c1rp\u00e1d Gimn\u00e1zium, Debrecen<\/p>\n\n\n\n<p><strong>Megosztott 3. helyezettek<\/strong><\/p>\n\n\n\n<p><strong>csapat: <em>CineSinFronteras,<\/em> Hajzer T\u00f6r\u00f6k Patrik \u00e9s Nagy Klaudia Kitti \u2013 c\u00edm: El internado<\/strong><\/p>\n\n\n\n<p>felk\u00e9sz\u00edt\u0151 tan\u00e1r: Luk\u00e1cs Eszter<\/p>\n\n\n\n<p>Debreceni Fazekas Mih\u00e1ly Gimn\u00e1zium<\/p>\n\n\n\n<p><strong>csapat: <em>Mapaches,<\/em> Antal R\u00e9ka, Bo\u00f3r Blanka \u00e9s Kov\u00e1cs Emese Anna \u2013 c\u00edm: Podcast sobre La sociedad de la nieve<\/strong><\/p>\n\n\n\n<p>felk\u00e9sz\u00edt\u0151 tan\u00e1r: Szedl\u00e1k R\u00e9ka<\/p>\n\n\n\n<p>Vet\u00e9si Albert Gimn\u00e1zium, Veszpr\u00e9m<\/p>\n\n\n\n<p><strong>K\u00fcl\u00f6nd\u00edjasok<\/strong><\/p>\n\n\n\n<p><strong>csapat: <em>Las mariposas creativas,<\/em> Kiss Vikt\u00f3ria \u00e9s Lehotzky Szonja \u2013 c\u00edm: La lengua de las mariposas<\/strong><\/p>\n\n\n\n<p>felk\u00e9sz\u00edt\u0151 tan\u00e1r: B\u00e1lintn\u00e9 Sz\u00e1nt\u00f3 Alexandra<\/p>\n\n\n\n<p>Budapest XX. Ker\u00fcleti Kossuth Lajos Gimn\u00e1zium<\/p>\n\n\n\n<p><strong>csapat: <em>Lampaduza,<\/em> Osztroluczky M\u00e1rton \u00e9s Szab\u00f3 Luk\u00e1cs \u2013 c\u00edm: 7.35 de la Ma\u00f1ana<\/strong><\/p>\n\n\n\n<p>felk\u00e9sz\u00edt\u0151 tan\u00e1r: Vaszkun-Vastag R\u00e9ka<\/p>\n\n\n\n<p>Budapesti Piarista Gimn\u00e1zium<\/p>\n\n\n\n<hr class=\"wp-block-separator has-alpha-channel-opacity\"\/>\n\n\n\n<p>A 2025-2026-os k\u00f6z\u00e9piskolai verseny t\u00e9m\u00e1ja:<\/p>\n\n\n\n<p class=\"has-text-align-center\"><strong>CINE EN EL MUNDO HISP\u00c1NICO<\/strong><\/p>\n\n\n\n<div data-wp-interactive=\"core\/file\" class=\"wp-block-file\"><object data-wp-bind--hidden=\"!state.hasPdfPreview\" hidden class=\"wp-block-file__embed\" data=\"https:\/\/hispanisztikaszeged.hu\/wp-content\/uploads\/2025\/11\/concurso-educativo_2025_2026.pdf\" type=\"application\/pdf\" style=\"width:100%;height:600px\" aria-label=\"concurso educativo_2025_2026 be\u00e1gyaz\u00e1sa\"><\/object><a id=\"wp-block-file--media-f3d016cc-7b62-4a52-8a50-5dc21df72ab7\" href=\"https:\/\/hispanisztikaszeged.hu\/wp-content\/uploads\/2025\/11\/concurso-educativo_2025_2026.pdf\">concurso educativo_2025_2026<\/a><a href=\"https:\/\/hispanisztikaszeged.hu\/wp-content\/uploads\/2025\/11\/concurso-educativo_2025_2026.pdf\" class=\"wp-block-file__button wp-element-button\" download aria-describedby=\"wp-block-file--media-f3d016cc-7b62-4a52-8a50-5dc21df72ab7\">Let\u00f6lt\u00e9s<\/a><\/div>\n\n\n\n<p><strong>Jelentkez\u00e9s \u00e9s p\u00e1lyamunk\u00e1k bead\u00e1si hat\u00e1rideje: 2026. febru\u00e1r 10.<\/strong> <strong>A verseny d\u00edj\u00e1tad\u00f3j\u00e1ra 2026. m\u00e1rcius 13-\u00e1n ker\u00fcl sor.<\/strong><\/p>\n\n\n\n<p>P\u00e1lyamunk\u00e1k form\u00e1tuma: bemutat\u00f3 \/ \u00f6sszefoglal\u00f3 vide\u00f3, a vide\u00f3k hossz\u00fas\u00e1ga: maximum 3 perc, bead\u00e1sn\u00e1l a vide\u00f3k el\u00e9r\u00e9si linkj\u00e9t sz\u00fcks\u00e9ges megadni<\/p>\n\n\n\n<p>P\u00e1lyamunk\u00e1k t\u00e9m\u00e1ja:<\/p>\n\n\n\n<ol class=\"wp-block-list\">\n<li>b\u00e1rmely spanyol nyelv\u0171 orsz\u00e1g alkot\u00f3i \u00e1ltal k\u00e9sz\u00edtett sorozat, film vagy anim\u00e1ci\u00f3 bemutat\u00e1sa<\/li>\n\n\n\n<li>a hisp\u00e1n vil\u00e1ggal kapcsolatos t\u00e9m\u00e1val foglalkoz\u00f3 b\u00e1rmely sorozat, film vagy anim\u00e1ci\u00f3 bemutat\u00e1sa<\/li>\n<\/ol>\n\n\n\n<p>P\u00e1lyamunk\u00e1k nyelve: spanyol<\/p>\n\n\n\n<p>Csapatok l\u00e9tsz\u00e1ma: 2-3 f\u0151<\/p>\n\n\n\n<p>R\u00e9szletes jelentkez\u00e9si inform\u00e1ci\u00f3k: <a href=\"https:\/\/hispanisztikaszeged.hu\/wp-content\/uploads\/2025\/11\/Concurso_cultural_jelentkezes-3.pdf\" target=\"_blank\" rel=\"noreferrer noopener\">itt<\/a><\/p>\n\n\n\n<p>A verseny szervez\u0151bizotts\u00e1g\u00e1nak tagjai: Csik\u00f3s Zsuzsanna, Jancs\u00f3 Katalin, Katona Eszter, Praefort Veronika<\/p>\n\n\n\n<p>Verseny\u00fcnk egyfordul\u00f3s, a munk\u00e1k bead\u00e1s\u00e1t k\u00f6vet\u0151en t\u00f6bbtag\u00fa zs\u0171ri \u00e9rt\u00e9keli a p\u00e1lyam\u0171veket a k\u00f6vetkez\u0151 szempontok alapj\u00e1n 1-10-ig terjed\u0151 sk\u00e1l\u00e1n:<\/p>\n\n\n\n<ul class=\"wp-block-list\">\n<li>tartalom sokr\u00e9t\u0171s\u00e9ge, m\u00e9lys\u00e9ge, pontoss\u00e1ga<\/li>\n\n\n\n<li>nyelvi megform\u00e1lts\u00e1g<\/li>\n\n\n\n<li>eredetis\u00e9g<\/li>\n\n\n\n<li>kreativit\u00e1s<\/li>\n\n\n\n<li>technikai kivitelez\u00e9s<\/li>\n<\/ul>\n\n\n\n<p>El\u00e9rhet\u0151 \u00f6sszpontsz\u00e1m: 50 pont, a zs\u0171ri a h\u00e1rom, legt\u00f6bb pontot szerzett alkot\u00e1st jutalmazza, tov\u00e1bb\u00e1 a valamely \u00e9rt\u00e9kel\u00e9si szempont szerint kiemelked\u0151 eredm\u00e9nyt el\u00e9rt alkot\u00e1sok k\u00f6z\u00f6tt k\u00fcl\u00f6nd\u00edjat \u00edt\u00e9lhet oda 1-3 tov\u00e1bbi csapatnak.<\/p>\n\n\n\n<p>K\u00e9rd\u00e9s eset\u00e9n tov\u00e1bbi inform\u00e1ci\u00f3kat a jancso.katalin@szte.hu c\u00edmen lehet k\u00e9rni.<\/p>\n\n\n\n<hr class=\"wp-block-separator has-alpha-channel-opacity\"\/>\n\n\n\n<p class=\"has-text-align-center\">T\u00e1mogat\u00f3ink:<\/p>\n\n\n<div class=\"wp-block-image\">\n<figure class=\"aligncenter size-full is-resized\"><img loading=\"lazy\" decoding=\"async\" width=\"2026\" height=\"627\" src=\"https:\/\/hispanisztikaszeged.hu\/wp-content\/uploads\/2023\/12\/agregaduria.png\" alt=\"\" class=\"wp-image-2063\" style=\"aspect-ratio:3.2312599681020733;width:238px;height:auto\" srcset=\"https:\/\/hispanisztikaszeged.hu\/wp-content\/uploads\/2023\/12\/agregaduria.png 2026w, https:\/\/hispanisztikaszeged.hu\/wp-content\/uploads\/2023\/12\/agregaduria-300x93.png 300w, https:\/\/hispanisztikaszeged.hu\/wp-content\/uploads\/2023\/12\/agregaduria-768x238.png 768w, https:\/\/hispanisztikaszeged.hu\/wp-content\/uploads\/2023\/12\/agregaduria-1536x475.png 1536w, https:\/\/hispanisztikaszeged.hu\/wp-content\/uploads\/2023\/12\/agregaduria-360x111.png 360w\" sizes=\"auto, (max-width: 2026px) 100vw, 2026px\" \/><\/figure><\/div>\n\n<div class=\"wp-block-image\">\n<figure class=\"aligncenter size-full is-resized\"><img loading=\"lazy\" decoding=\"async\" width=\"1115\" height=\"1075\" src=\"https:\/\/hispanisztikaszeged.hu\/wp-content\/uploads\/2024\/03\/Logo-oficial-L-Budapest-ESP.png\" alt=\"\" class=\"wp-image-2117\" style=\"aspect-ratio:1.0372093023255815;width:123px;height:auto\" srcset=\"https:\/\/hispanisztikaszeged.hu\/wp-content\/uploads\/2024\/03\/Logo-oficial-L-Budapest-ESP.png 1115w, https:\/\/hispanisztikaszeged.hu\/wp-content\/uploads\/2024\/03\/Logo-oficial-L-Budapest-ESP-300x289.png 300w, https:\/\/hispanisztikaszeged.hu\/wp-content\/uploads\/2024\/03\/Logo-oficial-L-Budapest-ESP-768x740.png 768w, https:\/\/hispanisztikaszeged.hu\/wp-content\/uploads\/2024\/03\/Logo-oficial-L-Budapest-ESP-280x270.png 280w\" sizes=\"auto, (max-width: 1115px) 100vw, 1115px\" \/><\/figure><\/div>\n\n<div class=\"wp-block-image\">\n<figure class=\"aligncenter size-full is-resized\"><img loading=\"lazy\" decoding=\"async\" width=\"1634\" height=\"628\" src=\"https:\/\/hispanisztikaszeged.hu\/wp-content\/uploads\/2023\/12\/logo-embamexhung.jpg\" alt=\"\" class=\"wp-image-2073\" style=\"aspect-ratio:2.6019108280254777;width:224px;height:auto\" srcset=\"https:\/\/hispanisztikaszeged.hu\/wp-content\/uploads\/2023\/12\/logo-embamexhung.jpg 1634w, https:\/\/hispanisztikaszeged.hu\/wp-content\/uploads\/2023\/12\/logo-embamexhung-300x115.jpg 300w, https:\/\/hispanisztikaszeged.hu\/wp-content\/uploads\/2023\/12\/logo-embamexhung-768x295.jpg 768w, https:\/\/hispanisztikaszeged.hu\/wp-content\/uploads\/2023\/12\/logo-embamexhung-1536x590.jpg 1536w, https:\/\/hispanisztikaszeged.hu\/wp-content\/uploads\/2023\/12\/logo-embamexhung-360x138.jpg 360w\" sizes=\"auto, (max-width: 1634px) 100vw, 1634px\" \/><\/figure><\/div>\n\n<div class=\"wp-block-image\">\n<figure class=\"aligncenter size-full is-resized\"><img loading=\"lazy\" decoding=\"async\" width=\"1519\" height=\"534\" src=\"https:\/\/hispanisztikaszeged.hu\/wp-content\/uploads\/2023\/12\/Logo_Ecuador.png\" alt=\"\" class=\"wp-image-2072\" style=\"aspect-ratio:2.844569288389513;width:230px;height:auto\" srcset=\"https:\/\/hispanisztikaszeged.hu\/wp-content\/uploads\/2023\/12\/Logo_Ecuador.png 1519w, https:\/\/hispanisztikaszeged.hu\/wp-content\/uploads\/2023\/12\/Logo_Ecuador-300x105.png 300w, https:\/\/hispanisztikaszeged.hu\/wp-content\/uploads\/2023\/12\/Logo_Ecuador-768x270.png 768w, https:\/\/hispanisztikaszeged.hu\/wp-content\/uploads\/2023\/12\/Logo_Ecuador-360x127.png 360w\" sizes=\"auto, (max-width: 1519px) 100vw, 1519px\" \/><\/figure><\/div>\n\n<div class=\"wp-block-image\">\n<figure class=\"aligncenter size-full is-resized\"><img loading=\"lazy\" decoding=\"async\" width=\"294\" height=\"267\" src=\"https:\/\/hispanisztikaszeged.hu\/wp-content\/uploads\/2024\/03\/logo-embajada.png\" alt=\"\" class=\"wp-image-2115\" style=\"aspect-ratio:1.101123595505618;width:128px;height:auto\"\/><\/figure><\/div>\n\n<div class=\"wp-block-image\">\n<figure class=\"aligncenter size-full is-resized\"><img loading=\"lazy\" decoding=\"async\" width=\"369\" height=\"64\" src=\"https:\/\/hispanisztikaszeged.hu\/wp-content\/uploads\/2025\/02\/colombia.png\" alt=\"\" class=\"wp-image-2481\" style=\"aspect-ratio:5.765625;width:271px;height:auto\" srcset=\"https:\/\/hispanisztikaszeged.hu\/wp-content\/uploads\/2025\/02\/colombia.png 369w, https:\/\/hispanisztikaszeged.hu\/wp-content\/uploads\/2025\/02\/colombia-300x52.png 300w, https:\/\/hispanisztikaszeged.hu\/wp-content\/uploads\/2025\/02\/colombia-360x62.png 360w\" sizes=\"auto, (max-width: 369px) 100vw, 369px\" \/><\/figure><\/div>\n\n<div class=\"wp-block-image\">\n<figure class=\"aligncenter size-full is-resized\"><img loading=\"lazy\" decoding=\"async\" width=\"2855\" height=\"824\" src=\"https:\/\/hispanisztikaszeged.hu\/wp-content\/uploads\/2025\/02\/logo_argentina.png\" alt=\"\" class=\"wp-image-2482\" style=\"aspect-ratio:3.4648058252427183;width:247px;height:auto\" srcset=\"https:\/\/hispanisztikaszeged.hu\/wp-content\/uploads\/2025\/02\/logo_argentina.png 2855w, https:\/\/hispanisztikaszeged.hu\/wp-content\/uploads\/2025\/02\/logo_argentina-300x87.png 300w, https:\/\/hispanisztikaszeged.hu\/wp-content\/uploads\/2025\/02\/logo_argentina-768x222.png 768w, https:\/\/hispanisztikaszeged.hu\/wp-content\/uploads\/2025\/02\/logo_argentina-1536x443.png 1536w, https:\/\/hispanisztikaszeged.hu\/wp-content\/uploads\/2025\/02\/logo_argentina-2048x591.png 2048w, https:\/\/hispanisztikaszeged.hu\/wp-content\/uploads\/2025\/02\/logo_argentina-360x104.png 360w\" sizes=\"auto, (max-width: 2855px) 100vw, 2855px\" \/><\/figure><\/div>\n\n\n<hr class=\"wp-block-separator has-alpha-channel-opacity\"\/>\n\n\n\n<p class=\"has-text-align-center\"><strong>Kor\u00e1bbi \u00e9vek versenyei<\/strong><\/p>\n\n\n\n<p><span style=\"color: #003366;\">CONCURSO EDUCATIVO &#8211; PATRIMONIO DEL MUNDO HISP\u00c1NICO 202<\/span>5<\/p>\n\n\n\n<p>Verseny t\u00e9m\u00e1ja: <span style=\"color: #003366;\">Juegos y deportes en el mundo hisp\u00e1nico y prehisp\u00e1nico \/ J\u00e1t\u00e9kok \u00e9s sportok a hisp\u00e1n \u00e9s prehisp\u00e1n vil\u00e1gban<\/span><\/p>\n\n\n\n<p><span style=\"color: #003366;\">CONCURSO EDUCATIVO &#8211; PATRIMONIO DEL MUNDO HISP\u00c1NICO 2024<\/span><\/p>\n\n\n\n<p>Verseny t\u00e9m\u00e1ja: &#8222;baile y m\u00fasica en el mundo hispano&#8221; \/ a hisp\u00e1n vil\u00e1g t\u00e1nc \u00e9s zenei \u00f6r\u00f6ks\u00e9ge.<\/p>\n\n\n\n<p><strong>Helyezettek:<\/strong><\/p>\n\n\n\n<p><strong>Els\u0151 d\u00edj<\/strong><\/p>\n\n\n\n<p><em>T\u00f3th Panna, Kov\u00e1cs \u00c1gota Csenge, T\u00f3th Hanna<\/em><\/p>\n\n\n\n<p>Int\u00e9zm\u00e9ny: T\u00f3th \u00c1rp\u00e1d Gimn\u00e1zium, Debrecen<\/p>\n\n\n\n<p>felk\u00e9sz\u00edt\u0151 tan\u00e1r: Sz\u0171csn\u00e9 Balogh Judit<\/p>\n\n\n\n<p><strong>M\u00e1sodik helyezett<\/strong><\/p>\n\n\n\n<p><em>Sz\u00e9lp\u00e1l&nbsp; Csenge, Gurszki&nbsp; Kitti,&nbsp;Nagy-Hegyesi R\u00e9ka<\/em><\/p>\n\n\n\n<p>Int\u00e9zm\u00e9ny: Szegedi T\u00f6m\u00f6rk\u00e9ny Istv\u00e1n Gimn\u00e1zium, M\u0171v\u00e9szeti Szakgimn\u00e1zium \u00e9s Technikum<\/p>\n\n\n\n<p>felk\u00e9sz\u00edt\u0151 tan\u00e1r: M\u00e1t\u00e9 Soma<\/p>\n\n\n\n<p><strong>Harmadik helyezett<\/strong><\/p>\n\n\n\n<p><em>Szil\u00e1gyi L\u00e1szl\u00f3 Bence, Miskei Zs\u00f3fia, Dar\u00f3czi Liza<\/em><\/p>\n\n\n\n<p>Int\u00e9zm\u00e9ny: T\u00f3th \u00c1rp\u00e1d Gimn\u00e1zium, Szeged<\/p>\n\n\n\n<p>felk\u00e9sz\u00edt\u0151 tan\u00e1r: Sz\u0171csn\u00e9 Balogh Judit<\/p>\n\n\n\n<p><strong>K\u00fcl\u00f6nd\u00edjasok<\/strong><\/p>\n\n\n\n<p><em>Nagy-Kingl Ajna,&nbsp;Poly\u00e1k Telma,&nbsp;Borb\u00e9ly V\u00edta<\/em><\/p>\n\n\n\n<p>Int\u00e9zm\u00e9ny: Karinthy Frigyes Gimn\u00e1zium, Budapest<\/p>\n\n\n\n<p>felk\u00e9sz\u00edt\u0151 tan\u00e1r: Gazs\u00f3 Melinda<\/p>\n\n\n\n<p><em>Glatz Bogl\u00e1rka, Tenkes Zita<\/em><\/p>\n\n\n\n<p>Int\u00e9zm\u00e9ny: K\u0151r\u00f6si Csoma S\u00e1ndor K\u00e9t Tan\u00edt\u00e1si Nyelv\u0171 Baptista Gimn\u00e1zium, Budapest<\/p>\n\n\n\n<p>felk\u00e9sz\u00edt\u0151 tan\u00e1r: Pop Stella<\/p>\n\n\n\n<p><em>Kov\u00e1cs Emese, Antal R\u00e9ka, Bo\u00f3r Blanka<\/em><\/p>\n\n\n\n<p>Int\u00e9zm\u00e9ny: Vet\u00e9si Albert Gimn\u00e1zium, Veszpr\u00e9m<\/p>\n\n\n\n<p>felk\u00e9sz\u00edt\u0151 tan\u00e1r: Szedl\u00e1k R\u00e9ka<\/p>\n\n\n<div class=\"wp-block-image\">\n<figure class=\"aligncenter\"><img loading=\"lazy\" decoding=\"async\" width=\"300\" height=\"200\" src=\"https:\/\/hispanisztikaszeged.hu\/wp-content\/uploads\/2024\/04\/DSC1632-300x200.jpg\" alt=\"\" class=\"wp-image-2142\" srcset=\"https:\/\/hispanisztikaszeged.hu\/wp-content\/uploads\/2024\/04\/DSC1632-300x200.jpg 300w, https:\/\/hispanisztikaszeged.hu\/wp-content\/uploads\/2024\/04\/DSC1632-768x512.jpg 768w, https:\/\/hispanisztikaszeged.hu\/wp-content\/uploads\/2024\/04\/DSC1632-1536x1024.jpg 1536w, https:\/\/hispanisztikaszeged.hu\/wp-content\/uploads\/2024\/04\/DSC1632-2048x1365.jpg 2048w, https:\/\/hispanisztikaszeged.hu\/wp-content\/uploads\/2024\/04\/DSC1632-360x240.jpg 360w\" sizes=\"auto, (max-width: 300px) 100vw, 300px\" \/><\/figure><\/div>\n\n\n<p><a href=\"https:\/\/hispanisztikaszeged.hu\/wp-content\/uploads\/2023\/12\/Adatkezelesi_tajekoztato_Sp_kult_verseny.pdf\">Adatkezel\u00e9si t\u00e1j\u00e9koztat\u00f3<\/a><\/p>\n\n\n\n<p>K\u00e9rd\u00e9s eset\u00e9n tov\u00e1bbi inform\u00e1ci\u00f3kat a jancso.katalin@szte.hu c\u00edmen lehet k\u00e9rni.<\/p>\n\n\n\n<p>A verseny szervez\u0151bizotts\u00e1g\u00e1nak tagjai: Berta Tibor, Katona Eszter, Praefort Veronika, Jancs\u00f3 Katalin<\/p>\n\n\n\n<p class=\"has-text-align-center\"><\/p>\n\n\n\n<p class=\"has-text-align-center\">&nbsp;<\/p>\n\n\n\n<p><\/p>\n","protected":false},"excerpt":{"rendered":"<p>Adatkezel\u00e9si t\u00e1j\u00e9koztat\u00f3 CONCURSO EDUCATIVO &#8211; PATRIMONIO CULTURAL DEL MUNDO HISP\u00c1NICO 2026 TANULM\u00c1NYI VERSENY &#8211; A HISP\u00c1N VIL\u00c1G KULTUR\u00c1LIS \u00d6R\u00d6KS\u00c9GE M\u00e1rcius 13-\u00e1n ker\u00fclt sor a 2025-2026-os tan\u00e9vre meghirdetett k\u00f6z\u00e9piskolai verseny d\u00edjkioszt\u00f3j\u00e1ra. A verseny helyezettjei a k\u00f6vetkez\u0151 csapatok voltak: 1. helyezett csapat: <a href=\"https:\/\/hispanisztikaszeged.hu\/?page_id=1740\" class=\"read-more\">Read More &#8230;<\/a><\/p>\n","protected":false},"author":3,"featured_media":0,"parent":0,"menu_order":0,"comment_status":"closed","ping_status":"closed","template":"","meta":{"footnotes":""},"class_list":["post-1740","page","type-page","status-publish","hentry"],"_links":{"self":[{"href":"https:\/\/hispanisztikaszeged.hu\/index.php?rest_route=\/wp\/v2\/pages\/1740","targetHints":{"allow":["GET"]}}],"collection":[{"href":"https:\/\/hispanisztikaszeged.hu\/index.php?rest_route=\/wp\/v2\/pages"}],"about":[{"href":"https:\/\/hispanisztikaszeged.hu\/index.php?rest_route=\/wp\/v2\/types\/page"}],"author":[{"embeddable":true,"href":"https:\/\/hispanisztikaszeged.hu\/index.php?rest_route=\/wp\/v2\/users\/3"}],"replies":[{"embeddable":true,"href":"https:\/\/hispanisztikaszeged.hu\/index.php?rest_route=%2Fwp%2Fv2%2Fcomments&post=1740"}],"version-history":[{"count":85,"href":"https:\/\/hispanisztikaszeged.hu\/index.php?rest_route=\/wp\/v2\/pages\/1740\/revisions"}],"predecessor-version":[{"id":2787,"href":"https:\/\/hispanisztikaszeged.hu\/index.php?rest_route=\/wp\/v2\/pages\/1740\/revisions\/2787"}],"wp:attachment":[{"href":"https:\/\/hispanisztikaszeged.hu\/index.php?rest_route=%2Fwp%2Fv2%2Fmedia&parent=1740"}],"curies":[{"name":"wp","href":"https:\/\/api.w.org\/{rel}","templated":true}]}}