{"id":161,"date":"2016-10-26T20:32:26","date_gmt":"2016-10-26T20:32:26","guid":{"rendered":"http:\/\/hispanisztikaszeged.hu\/wordpress\/?page_id=161"},"modified":"2023-04-25T13:05:26","modified_gmt":"2023-04-25T11:05:26","slug":"departamento-de-estudios-hispanicos-en-espanol","status":"publish","type":"page","link":"https:\/\/hispanisztikaszeged.hu\/?page_id=161","title":{"rendered":"En espa\u00f1ol"},"content":{"rendered":"<p><strong><span style=\"color: #003366;\">Bienvenidos a la\u00a0p\u00e1gina web renovada del Departamento de Estudios Hisp\u00e1nicos de la Universidad de Szeged<\/span><\/strong><\/p>\n<p style=\"text-align: justify;\"><span style=\"color: #003366;\">La denominaci\u00f3n Departamento de Estudios Hisp\u00e1nicos se refiere a varios contenidos. Si bien nuestra principal tarea es la ense\u00f1anza de la lengua y literatura espa\u00f1olas, nuestro inter\u00e9s cient\u00edfico es muy amplio, y nuestro trabajo educativo ofrece mucho m\u00e1s que un simple conocimiento del idioma. En este programa acreditado figuran tambi\u00e9n los cursos de historia y los de ciencia pol\u00edtica. Aparte de nuestras actividades investigadoras y educativas referentes a Espa\u00f1a, tambi\u00e9n ocupan una posici\u00f3n importante los estudios relacionados con Am\u00e9rica Latina.<\/span><\/p>\n<p style=\"text-align: justify;\"><span style=\"color: #003366;\">Aunque tratamos, sobre todo, las culturas de lengua espa\u00f1ola, son de gran inter\u00e9s las culturas de otros idiomas de la Pen\u00ednsula Ib\u00e9rica, como el catal\u00e1n y el euskera, que ya est\u00e1 presente en nuestro Departamento desde hace varios a\u00f1os.<\/span><\/p>\n<p style=\"text-align: justify;\"><span style=\"color: #003366;\">El nombre, por lo tanto, alude a los conocimientos amplios y pr\u00e1cticos, seg\u00fan se espera, que ofrecen algo m\u00e1s que una carrera de filolog\u00eda tradicional.<\/span><\/p>\n<p style=\"text-align: center;\"><span style=\"color: #003366;\">Vengan a conocernos. Para ver nuestro video promocional, haga un click <a href=\"https:\/\/www.youtube.com\/watch?v=1YY0YZ3Di2M&amp;t=11s\" target=\"_blank\">aqu\u00ed<\/a>.<\/span><\/p>\n<p style=\"text-align: center;\">\n","protected":false},"excerpt":{"rendered":"<p>Bienvenidos a la\u00a0p\u00e1gina web renovada del Departamento de Estudios Hisp\u00e1nicos de la Universidad de Szeged La denominaci\u00f3n Departamento de Estudios Hisp\u00e1nicos se refiere a varios contenidos. Si bien nuestra principal tarea es la ense\u00f1anza de la lengua y literatura espa\u00f1olas, <a href=\"https:\/\/hispanisztikaszeged.hu\/?page_id=161\" class=\"read-more\">Read More &#8230;<\/a><\/p>\n","protected":false},"author":3,"featured_media":0,"parent":0,"menu_order":0,"comment_status":"closed","ping_status":"closed","template":"","meta":{"footnotes":""},"class_list":["post-161","page","type-page","status-publish","hentry"],"_links":{"self":[{"href":"https:\/\/hispanisztikaszeged.hu\/index.php?rest_route=\/wp\/v2\/pages\/161","targetHints":{"allow":["GET"]}}],"collection":[{"href":"https:\/\/hispanisztikaszeged.hu\/index.php?rest_route=\/wp\/v2\/pages"}],"about":[{"href":"https:\/\/hispanisztikaszeged.hu\/index.php?rest_route=\/wp\/v2\/types\/page"}],"author":[{"embeddable":true,"href":"https:\/\/hispanisztikaszeged.hu\/index.php?rest_route=\/wp\/v2\/users\/3"}],"replies":[{"embeddable":true,"href":"https:\/\/hispanisztikaszeged.hu\/index.php?rest_route=%2Fwp%2Fv2%2Fcomments&post=161"}],"version-history":[{"count":7,"href":"https:\/\/hispanisztikaszeged.hu\/index.php?rest_route=\/wp\/v2\/pages\/161\/revisions"}],"predecessor-version":[{"id":1962,"href":"https:\/\/hispanisztikaszeged.hu\/index.php?rest_route=\/wp\/v2\/pages\/161\/revisions\/1962"}],"wp:attachment":[{"href":"https:\/\/hispanisztikaszeged.hu\/index.php?rest_route=%2Fwp%2Fv2%2Fmedia&parent=161"}],"curies":[{"name":"wp","href":"https:\/\/api.w.org\/{rel}","templated":true}]}}