{"id":1563,"date":"2020-12-08T15:44:13","date_gmt":"2020-12-08T14:44:13","guid":{"rendered":"http:\/\/hispanisztikaszeged.hu\/?page_id=1563"},"modified":"2026-01-23T21:42:09","modified_gmt":"2026-01-23T20:42:09","slug":"leendo-hallgatoinknak","status":"publish","type":"page","link":"https:\/\/hispanisztikaszeged.hu\/?page_id=1563","title":{"rendered":"Leend\u0151 hallgat\u00f3inknak"},"content":{"rendered":"<h3 style=\"text-align: center;\"><span style=\"color: #003366;\">Kedves leend\u0151 hallgat\u00f3ink, a spanyol nyelv \u00e9s kult\u00fara, illetve tansz\u00e9k\u00fcnk ir\u00e1nt \u00e9rdekl\u0151d\u0151k! <\/span><\/h3>\n<h3 style=\"text-align: center;\"><span style=\"color: #003366;\">Ismerkedjenek meg tansz\u00e9k\u00fcnkkel \u00e9s az \u00e1ltalunk k\u00edn\u00e1lt lehet\u0151s\u00e9gekkel:<\/span><\/h3>\n<p style=\"text-align: center;\"><a href=\"https:\/\/hispanisztikaszeged.hu\/wp-content\/uploads\/2026\/01\/SZTE_Hispanisztika-tanszek_compr.pdf\" target=\"_blank\" rel=\"noopener\">Hispanisztika tansz\u00e9k bemutatkoz\u00f3 prospektus &#8211; kattintson ide<\/a><\/p>\n<p><img loading=\"lazy\" decoding=\"async\" class=\"wp-image-2755 aligncenter\" src=\"https:\/\/hispanisztikaszeged.hu\/wp-content\/uploads\/2026\/01\/LEGY-RESZESE-TE-IS-KOZOSSEGUNKNEK-7-300x114.png\" alt=\"\" width=\"647\" height=\"246\" srcset=\"https:\/\/hispanisztikaszeged.hu\/wp-content\/uploads\/2026\/01\/LEGY-RESZESE-TE-IS-KOZOSSEGUNKNEK-7-300x114.png 300w, https:\/\/hispanisztikaszeged.hu\/wp-content\/uploads\/2026\/01\/LEGY-RESZESE-TE-IS-KOZOSSEGUNKNEK-7-768x292.png 768w, https:\/\/hispanisztikaszeged.hu\/wp-content\/uploads\/2026\/01\/LEGY-RESZESE-TE-IS-KOZOSSEGUNKNEK-7-360x137.png 360w, https:\/\/hispanisztikaszeged.hu\/wp-content\/uploads\/2026\/01\/LEGY-RESZESE-TE-IS-KOZOSSEGUNKNEK-7.png 820w\" sizes=\"auto, (max-width: 647px) 100vw, 647px\" \/><\/p>\n<hr \/>\n<p style=\"text-align: justify;\"><span style=\"color: #003366;\">Az al\u00e1bbiakban n\u00e9h\u00e1ny olyan nyelvi j\u00e1t\u00e9k, illetve kv\u00edz linkje tal\u00e1lhat\u00f3 meg, mely kedvet hozhat a spanyollal m\u00e9g csak bar\u00e1tkoz\u00f3, illetve a m\u00e1r \u00e9retts\u00e9gire \u00e9s spanyol szakra k\u00e9sz\u00fcl\u0151k sz\u00e1m\u00e1ra.\u00a0<\/span><\/p>\n<p style=\"text-align: justify;\"><span style=\"color: #003366;\">BA \u00e9s MA k\u00e9pz\u00e9seinkr\u0151l <a style=\"color: #003366;\" href=\"https:\/\/hispanisztikaszeged.hu\/?page_id=245\" target=\"_blank\" rel=\"noopener\">itt<\/a>\u00a0olvashatnak.<\/span><\/p>\n<p style=\"text-align: justify;\"><span style=\"color: #003366;\">Tov\u00e1bbi k\u00e9rd\u00e9seik eset\u00e9n \u00edrjanak a honlapunk fel\u00fclet\u00e9n tal\u00e1lhat\u00f3 <a style=\"color: #003366;\" href=\"https:\/\/hispanisztikaszeged.hu\/?page_id=26\" target=\"_blank\" rel=\"noopener\">el\u00e9rhet\u0151s\u00e9geinkre<\/a>, vagy keress\u00e9k fel <a style=\"color: #003366;\" href=\"https:\/\/www.facebook.com\/hispanisztikaszeged.hu\" target=\"_blank\" rel=\"noopener\">Facebook oldalunkat<\/a>.<\/span><\/p>\n<p>&nbsp;<\/p>\n<p><strong><span style=\"color: #003366;\">Spanyolos j\u00e1t\u00e9kaink:<\/span><\/strong><\/p>\n<p><a href=\"https:\/\/view.genial.ly\/5ed3eb20bc3fa411df14f69f\/game-juego-de-ele-nivel-b1\" target=\"_blank\" rel=\"noopener\">Spanyol nyelvi t\u00e1rsasj\u00e1t\u00e9k felv\u00e9telire k\u00e9sz\u00fcl\u0151knek<\/a><\/p>\n<p><a href=\"https:\/\/view.genial.ly\/5fb2f6584438070d07a7d206\/learning-experience-challenges-kulturalis-kviz-spanyol-nyelvu-orszagok\" target=\"_blank\" rel=\"noopener\">Hisp\u00e1n kultur\u00e1lis kv\u00edz magyar nyelven<\/a><\/p>\n<p><a href=\"https:\/\/view.genial.ly\/5fb39d784438070d07a7dc32\/learning-experience-challenges-quiz-cultural-sobre-los-paises-hispanohablantes\" target=\"_blank\" rel=\"noopener\">Hisp\u00e1n kultur\u00e1lis kv\u00edz spanyol nyelven<\/a><\/p>\n<p><a href=\"https:\/\/view.genial.ly\/5ed3ece1a03aff11fcaf0235\/game-adivina-las-personas\" target=\"_blank\" rel=\"noopener\">Hisp\u00e1n vil\u00e1g szem\u00e9lyis\u00e9gei, kital\u00e1l\u00f3s j\u00e1t\u00e9k spanyol nyelven<\/a><\/p>\n<p><a href=\"https:\/\/learningapps.org\/display?v=pixz1hd5320\" target=\"_blank\" rel=\"noopener\">A hisp\u00e1n vil\u00e1g csod\u00e1i, p\u00e1ros\u00edt\u00f3 j\u00e1t\u00e9k magyar nyelven<\/a><\/p>\n<p><a href=\"https:\/\/learningapps.org\/display?v=p8ejqixck19\" target=\"_blank\" rel=\"noopener\">Adventi j\u00e1t\u00e9k spanyolul (Legyen \u00d6n is milliomos)<\/a><\/p>\n<p><a href=\"https:\/\/learningapps.org\/display?v=p5jhzbvwc20\" target=\"_blank\" rel=\"noopener\">M\u00fasica latina (p\u00e1ros\u00edt\u00f3, zenei felismer\u0151 j\u00e1t\u00e9k)<\/a><\/p>\n<p><a href=\"https:\/\/elmenypedagogiaszeged.wordpress.com\/kiadvanyok\/\">Sz\u00f3beli pr\u00f3ba\u00e9retts\u00e9gi t\u00e9telek<\/a><\/p>\n<p>&nbsp;<\/p>\n<p><span style=\"color: #003366;\">Karunkr\u00f3l b\u0151vebben <a href=\"http:\/\/arts.u-szeged.hu\/\" target=\"_blank\" rel=\"noopener\">itt <\/a>t\u00e1j\u00e9koz\u00f3dhatnak.<\/span><\/p>\n<p style=\"text-align: center;\"><a href=\"https:\/\/www.youtube.com\/watch?v=VRQBLTwpXK4\">Departamento de Estudios Hisp\u00e1nicos &#8211; Ven a estudiar a Szeged<\/a><\/p>\n","protected":false},"excerpt":{"rendered":"<p>Kedves leend\u0151 hallgat\u00f3ink, a spanyol nyelv \u00e9s kult\u00fara, illetve tansz\u00e9k\u00fcnk ir\u00e1nt \u00e9rdekl\u0151d\u0151k! Ismerkedjenek meg tansz\u00e9k\u00fcnkkel \u00e9s az \u00e1ltalunk k\u00edn\u00e1lt lehet\u0151s\u00e9gekkel: Hispanisztika tansz\u00e9k bemutatkoz\u00f3 prospektus &#8211; kattintson ide Az al\u00e1bbiakban n\u00e9h\u00e1ny olyan nyelvi j\u00e1t\u00e9k, illetve kv\u00edz linkje tal\u00e1lhat\u00f3 meg, mely kedvet <a href=\"https:\/\/hispanisztikaszeged.hu\/?page_id=1563\" class=\"read-more\">Read More &#8230;<\/a><\/p>\n","protected":false},"author":3,"featured_media":0,"parent":10,"menu_order":0,"comment_status":"closed","ping_status":"closed","template":"","meta":{"footnotes":""},"class_list":["post-1563","page","type-page","status-publish","hentry"],"_links":{"self":[{"href":"https:\/\/hispanisztikaszeged.hu\/index.php?rest_route=\/wp\/v2\/pages\/1563","targetHints":{"allow":["GET"]}}],"collection":[{"href":"https:\/\/hispanisztikaszeged.hu\/index.php?rest_route=\/wp\/v2\/pages"}],"about":[{"href":"https:\/\/hispanisztikaszeged.hu\/index.php?rest_route=\/wp\/v2\/types\/page"}],"author":[{"embeddable":true,"href":"https:\/\/hispanisztikaszeged.hu\/index.php?rest_route=\/wp\/v2\/users\/3"}],"replies":[{"embeddable":true,"href":"https:\/\/hispanisztikaszeged.hu\/index.php?rest_route=%2Fwp%2Fv2%2Fcomments&post=1563"}],"version-history":[{"count":21,"href":"https:\/\/hispanisztikaszeged.hu\/index.php?rest_route=\/wp\/v2\/pages\/1563\/revisions"}],"predecessor-version":[{"id":2763,"href":"https:\/\/hispanisztikaszeged.hu\/index.php?rest_route=\/wp\/v2\/pages\/1563\/revisions\/2763"}],"up":[{"embeddable":true,"href":"https:\/\/hispanisztikaszeged.hu\/index.php?rest_route=\/wp\/v2\/pages\/10"}],"wp:attachment":[{"href":"https:\/\/hispanisztikaszeged.hu\/index.php?rest_route=%2Fwp%2Fv2%2Fmedia&parent=1563"}],"curies":[{"name":"wp","href":"https:\/\/api.w.org\/{rel}","templated":true}]}}