{"id":154,"date":"2016-10-26T20:21:28","date_gmt":"2016-10-26T20:21:28","guid":{"rendered":"http:\/\/hispanisztikaszeged.hu\/wordpress\/?page_id=154"},"modified":"2024-02-14T20:00:03","modified_gmt":"2024-02-14T19:00:03","slug":"konferenciak","status":"publish","type":"page","link":"https:\/\/hispanisztikaszeged.hu\/?page_id=154","title":{"rendered":"Konferenci\u00e1k"},"content":{"rendered":"<h2 style=\"text-align: justify;\"><span style=\"color: #003366;\"><strong>A Szegedi Tudom\u00e1nyegyetem Hispanisztika Tansz\u00e9ke \u00e1ltal szervezett konferenci\u00e1k, tudom\u00e1nyos \u00e9s kultur\u00e1lis rendezv\u00e9nyek<\/strong><\/span><\/h2>\n<p><span style=\"color: #003366;\">A Hispanisztika Tansz\u00e9k rendszeresen szervez a hisp\u00e1n vil\u00e1g t\u00f6rt\u00e9nelm\u00e9vel, kult\u00far\u00e1j\u00e1val, irodalm\u00e1val kapcsolatos nemzetk\u00f6zi konferenci\u00e1kat, tudom\u00e1nyos rendezv\u00e9nyeket. Az eddig megrendezett esem\u00e9nyek legfontosabb adatai az al\u00e1bbiak.<\/span><br \/>\n<span style=\"color: #003366;\"> A katal\u00e1n egyetemi napi programokr\u00f3l a <em>kultur\u00e1lis tev\u00e9kenys\u00e9g<\/em> men\u00fcpontban tal\u00e1lnak inform\u00e1ci\u00f3t.<\/span><\/p>\n<p><em><strong><span style=\"color: #003366;\">XXX Aniversario del Departamento de Estudios Hisp\u00e1nicos<\/span><\/strong><\/em><\/p>\n<p><span style=\"color: #003366;\">Szeged, 2023. november 17.<\/span><\/p>\n<p><span style=\"color: #003366;\">Szervez\u0151bizotts\u00e1g: Berta Tibor, Csik\u00f3s Zsuzsanna, Katona Eszter, L\u00e9n\u00e1rt Andr\u00e1s, Jancs\u00f3 Katalin, Praefort Veronika<\/span><\/p>\n<p><span style=\"color: #003366;\"><em><strong>UN OC\u00c9ANO. DISTINTOS DESTINOS. Historia, literatura, cultura, lengua, sociedad y contactos econ\u00f3micos en el mundo hisp\u00e1nico en la \u00e9poca de Col\u00f3n, Nebrija y Magallanes y su actualidad en nuestros d\u00edas<\/strong><\/em><\/span><\/p>\n<p><span style=\"color: #003366;\">Szeged, 2022. november 18-19.<\/span><\/p>\n<p><span style=\"color: #003366;\"><em><strong>Coloquio internacional de hispanistas centroeuropeos<\/strong><\/em><\/span><\/p>\n<p><span style=\"color: #003366;\">Szeged, 2021. november 12-13.<\/span><\/p>\n<p><span style=\"color: #003366;\"><strong><em>XIX Congreso de la Federaci\u00f3n Internacional de Estudios sobre Am\u00e9rica Latina y el Caribe<\/em><\/strong><\/span><\/p>\n<p><span style=\"color: #003366;\">Szeged, 2019. j\u00fanius 24-28.\u00a0<\/span><\/p>\n<p><span style=\"color: #003366;\"><strong><em>Am\u00e9ricas transnacionales: hogar(es), fronteras y transgresiones<\/em><br \/>\n<\/strong>Szeged, <\/span><span style=\"color: #003366;\">2017. november 16-18.<\/span><br \/>\n<span style=\"color: #003366;\"><strong><a style=\"color: #003366;\" href=\"https:\/\/hispanisztikaszeged.hu\/wp-content\/uploads\/2016\/10\/Transnational-Americas_esp.pdf\" target=\"_blank\" rel=\"noopener\">Spanyol nyelv\u0171 program<\/a><\/strong><\/span><\/p>\n<p><em><strong><span style=\"color: #003366;\">A spanyol polg\u00e1rh\u00e1bor\u00fa eml\u00e9kezete. 1936-2016<\/span><\/strong><\/em><br \/>\n<span style=\"color: #003366;\">Szeged, <\/span><span style=\"color: #003366;\">2016. okt\u00f3ber 13.<br \/>\n<strong><a href=\"https:\/\/hispanisztikaszeged.hu\/wp-content\/uploads\/2016\/10\/PH80mh.pdf\">Program<\/a><\/strong><\/span><\/p>\n<p><span style=\"color: #003366;\"><strong><em>\u201cTRANSICIONES\u201d Diktat\u00far\u00e1b\u00f3l a demokr\u00e1ci\u00e1ba<\/em><\/strong><em><br \/>\n<\/em>Szeged, <\/span><span style=\"color: #003366;\">2015. november 19-20.<\/span><br \/>\n<span style=\"color: #003366;\"><strong><a style=\"color: #003366;\" href=\"https:\/\/hispanisztikaszeged.hu\/wp-content\/uploads\/2016\/10\/Transiciones2.pdf\">Program<\/a><\/strong><\/span><\/p>\n<p><span style=\"color: #003366;\"><strong><em>Kommunik\u00e1ci\u00f3 \u00e9s kult\u00fara az eur\u00f3pai romanitas\u00a0ter\u00fclet\u00e9n<\/em><\/strong><\/span><br \/>\n<span style=\"color: #003366;\">Rom\u00e1nia, Temesv\u00e1r<\/span>,\u00a0 <span style=\"color: #003366;\">2013. szeptember 24-25.<\/span><br \/>\n<span style=\"color: #003366;\"><strong><a style=\"color: #003366;\" href=\"http:\/\/ciccre.wordpress.com\/spaniola\/\">Hirdetm\u00e9ny<\/a><\/strong><\/span><\/p>\n<p><span style=\"color: #003366;\"><strong><em>Globaliz\u00e1ci\u00f3, moderniz\u00e1ci\u00f3, trad\u00edci\u00f3k. Wittman Tibor (1923-1972) eml\u00e9kezete \u00e9s \u00f6r\u00f6ks\u00e9ge<\/em><\/strong><\/span><br \/>\n<span style=\"color: #003366;\">Szeged, <\/span><span style=\"color: #003366;\">2012. szeptember 24-26.<\/span><br \/>\n<span style=\"color: #003366;\"><strong><a style=\"color: #003366;\" href=\"https:\/\/hispanisztikaszeged.hu\/wp-content\/uploads\/2016\/12\/Wittmanmh1.pdf\">Program<\/a><\/strong><\/span><br \/>\n<span style=\"color: #003366;\"> <em><br \/>\n<strong>Id\u0151 \u00e9s t\u00e9r. Eur\u00f3pa-Amerika. K\u00f6z\u00e9p-eur\u00f3pai egyetemk\u00f6zi egy\u00fcttm\u0171k\u00f6d\u00e9s<\/strong><\/em><\/span><br \/>\n<span style=\"color: #003366;\">Szeged, <\/span><span style=\"color: #003366;\">2011. november 11-12.<\/span><br \/>\n<span style=\"color: #003366;\"><strong><a style=\"color: #003366;\" href=\"https:\/\/hispanisztikaszeged.hu\/wp-content\/uploads\/2016\/12\/teridomh.pdf\">Program<\/a><\/strong><\/span><\/p>\n<p><span style=\"color: #003366;\"><em><strong>A f\u00fcggetlens\u00e9g \u00e9rtelmez\u00e9sei: Latin-Amerika. 1810-2010. Nemzetk\u00f6zi konferencia Latin-Amerika f\u00fcggetlens\u00e9gi h\u00e1bor\u00faj\u00e1nak 200. \u00e9vfordul\u00f3ja alkalm\u00e1b\u00f3l<\/strong><br \/>\n<\/em>Szeged, <\/span><span style=\"color: #003366;\">2010. november 5-6.<\/span><br \/>\n<span style=\"color: #003366;\"><strong><a style=\"color: #003366;\" href=\"https:\/\/hispanisztikaszeged.hu\/wp-content\/uploads\/2016\/12\/LAf\u00fcggmh2.pdf\">Program<\/a><\/strong><\/span><br \/>\n<span style=\"color: #003366;\"> <strong><em><br \/>\nCig\u00e1nyok a hisp\u00e1n vil\u00e1gban<\/em><\/strong><\/span><br \/>\n<span style=\"color: #003366;\">Szeged, <\/span><span style=\"color: #003366;\">2008. okt\u00f3ber 30-31.<\/span><br \/>\n<span style=\"color: #003366;\"><strong><a style=\"color: #003366;\" href=\"https:\/\/hispanisztikaszeged.hu\/wp-content\/uploads\/2016\/12\/ciganykonf.doc\">Program<\/a><\/strong><\/span><\/p>\n<p><span style=\"color: #003366;\"><strong><em>A magyar forradalom \u00e9s a hisp\u00e1n vil\u00e1g (1956). Tudom\u00e1nyos \u00fcl\u00e9sszak az 1956-os forradalom 50. \u00e9vfordul\u00f3ja alkalm\u00e1b\u00f3l<\/em><\/strong><\/span><br \/>\n<span style=\"color: #003366;\">Szeged, <\/span><span style=\"color: #003366;\">2006. okt\u00f3ber 20.<\/span><br \/>\n<span style=\"color: #003366;\"><strong><a style=\"color: #003366;\" href=\"https:\/\/hispanisztikaszeged.hu\/wp-content\/uploads\/2016\/12\/1956mh.doc\">Program<\/a><\/strong><\/span><\/p>\n<p><span style=\"color: #003366;\"><strong><em>A zsid\u00f3s\u00e1g az ib\u00e9r vil\u00e1gban<\/em><\/strong><\/span><br \/>\n<span style=\"color: #003366;\">Szeged, <\/span><span style=\"color: #003366;\">2003. november 7.<\/span><br \/>\n<span style=\"color: #003366;\"><strong><a style=\"color: #003366;\" href=\"https:\/\/hispanisztikaszeged.hu\/wp-content\/uploads\/2016\/12\/zsid\u00f3s\u00e1gmh.doc\">Program<\/a><\/strong><\/span><\/p>\n<p><span style=\"color: #003366;\"><strong><em>Magyarorsz\u00e1g \u00e9s hisp\u00e1n vil\u00e1g<\/em><\/strong><\/span><br \/>\n<span style=\"color: #003366;\"> Szeged,<\/span><span style=\"color: #003366;\"> 2000. november 3.<\/span><br \/>\n<span style=\"color: #003366;\"><strong><a style=\"color: #003366;\" href=\"https:\/\/hispanisztikaszeged.hu\/wp-content\/uploads\/2016\/12\/Mohispvilag.doc\">Program<\/a><\/strong><\/span><\/p>\n<p><span style=\"color: #003366;\"><strong><em>Szemin\u00e1rium a Celestin\u00e1r\u00f3l a M\u0171 sz\u00fclet\u00e9s\u00e9nek \u00f6tsz\u00e1zadik \u00e9vfordul\u00f3ja alkalm\u00e1b\u00f3l<\/em><\/strong><\/span><br \/>\n<span style=\"color: #003366;\">Szeged, <\/span><span style=\"color: #003366;\">1999. november 5.<\/span><br \/>\n<span style=\"color: #003366;\"><strong><a style=\"color: #003366;\" href=\"https:\/\/hispanisztikaszeged.hu\/wp-content\/uploads\/2016\/12\/Celestinamh.doc\">Program<\/a><\/strong><\/span><\/p>\n","protected":false},"excerpt":{"rendered":"<p>A Szegedi Tudom\u00e1nyegyetem Hispanisztika Tansz\u00e9ke \u00e1ltal szervezett konferenci\u00e1k, tudom\u00e1nyos \u00e9s kultur\u00e1lis rendezv\u00e9nyek A Hispanisztika Tansz\u00e9k rendszeresen szervez a hisp\u00e1n vil\u00e1g t\u00f6rt\u00e9nelm\u00e9vel, kult\u00far\u00e1j\u00e1val, irodalm\u00e1val kapcsolatos nemzetk\u00f6zi konferenci\u00e1kat, tudom\u00e1nyos rendezv\u00e9nyeket. Az eddig megrendezett esem\u00e9nyek legfontosabb adatai az al\u00e1bbiak. A katal\u00e1n egyetemi napi <a href=\"https:\/\/hispanisztikaszeged.hu\/?page_id=154\" class=\"read-more\">Read More &#8230;<\/a><\/p>\n","protected":false},"author":3,"featured_media":0,"parent":16,"menu_order":0,"comment_status":"closed","ping_status":"closed","template":"","meta":{"footnotes":""},"class_list":["post-154","page","type-page","status-publish","hentry"],"_links":{"self":[{"href":"https:\/\/hispanisztikaszeged.hu\/index.php?rest_route=\/wp\/v2\/pages\/154","targetHints":{"allow":["GET"]}}],"collection":[{"href":"https:\/\/hispanisztikaszeged.hu\/index.php?rest_route=\/wp\/v2\/pages"}],"about":[{"href":"https:\/\/hispanisztikaszeged.hu\/index.php?rest_route=\/wp\/v2\/types\/page"}],"author":[{"embeddable":true,"href":"https:\/\/hispanisztikaszeged.hu\/index.php?rest_route=\/wp\/v2\/users\/3"}],"replies":[{"embeddable":true,"href":"https:\/\/hispanisztikaszeged.hu\/index.php?rest_route=%2Fwp%2Fv2%2Fcomments&post=154"}],"version-history":[{"count":17,"href":"https:\/\/hispanisztikaszeged.hu\/index.php?rest_route=\/wp\/v2\/pages\/154\/revisions"}],"predecessor-version":[{"id":2103,"href":"https:\/\/hispanisztikaszeged.hu\/index.php?rest_route=\/wp\/v2\/pages\/154\/revisions\/2103"}],"up":[{"embeddable":true,"href":"https:\/\/hispanisztikaszeged.hu\/index.php?rest_route=\/wp\/v2\/pages\/16"}],"wp:attachment":[{"href":"https:\/\/hispanisztikaszeged.hu\/index.php?rest_route=%2Fwp%2Fv2%2Fmedia&parent=154"}],"curies":[{"name":"wp","href":"https:\/\/api.w.org\/{rel}","templated":true}]}}