{"id":1216,"date":"2018-11-22T14:01:47","date_gmt":"2018-11-22T13:01:47","guid":{"rendered":"http:\/\/hispanisztikaszeged.hu\/?page_id=1216"},"modified":"2018-11-22T14:11:41","modified_gmt":"2018-11-22T13:11:41","slug":"25-eves-unnepi-kotet","status":"publish","type":"page","link":"https:\/\/hispanisztikaszeged.hu\/?page_id=1216","title":{"rendered":"25 \u00e9ves \u00fcnnepi k\u00f6tet"},"content":{"rendered":"<p><a href=\"https:\/\/hispanisztikaszeged.hu\/wp-content\/uploads\/2018\/11\/25_ev_25_tanulmany.pdf\">K\u00f6tet let\u00f6lt\u00e9se<\/a><\/p>\n","protected":false},"excerpt":{"rendered":"<p>K\u00f6tet let\u00f6lt\u00e9se<\/p>\n","protected":false},"author":2,"featured_media":0,"parent":137,"menu_order":3,"comment_status":"closed","ping_status":"closed","template":"","meta":{"footnotes":""},"class_list":["post-1216","page","type-page","status-publish","hentry"],"_links":{"self":[{"href":"https:\/\/hispanisztikaszeged.hu\/index.php?rest_route=\/wp\/v2\/pages\/1216","targetHints":{"allow":["GET"]}}],"collection":[{"href":"https:\/\/hispanisztikaszeged.hu\/index.php?rest_route=\/wp\/v2\/pages"}],"about":[{"href":"https:\/\/hispanisztikaszeged.hu\/index.php?rest_route=\/wp\/v2\/types\/page"}],"author":[{"embeddable":true,"href":"https:\/\/hispanisztikaszeged.hu\/index.php?rest_route=\/wp\/v2\/users\/2"}],"replies":[{"embeddable":true,"href":"https:\/\/hispanisztikaszeged.hu\/index.php?rest_route=%2Fwp%2Fv2%2Fcomments&post=1216"}],"version-history":[{"count":2,"href":"https:\/\/hispanisztikaszeged.hu\/index.php?rest_route=\/wp\/v2\/pages\/1216\/revisions"}],"predecessor-version":[{"id":1219,"href":"https:\/\/hispanisztikaszeged.hu\/index.php?rest_route=\/wp\/v2\/pages\/1216\/revisions\/1219"}],"up":[{"embeddable":true,"href":"https:\/\/hispanisztikaszeged.hu\/index.php?rest_route=\/wp\/v2\/pages\/137"}],"wp:attachment":[{"href":"https:\/\/hispanisztikaszeged.hu\/index.php?rest_route=%2Fwp%2Fv2%2Fmedia&parent=1216"}],"curies":[{"name":"wp","href":"https:\/\/api.w.org\/{rel}","templated":true}]}}